{"id":4401,"date":"2026-01-20T12:18:13","date_gmt":"2026-01-20T11:18:13","guid":{"rendered":"http:\/\/s454091738.mialojamiento.es\/productos\/"},"modified":"2026-03-24T11:30:30","modified_gmt":"2026-03-24T10:30:30","slug":"prodotti","status":"publish","type":"page","link":"http:\/\/s454091738.mialojamiento.es\/it\/prodotti\/","title":{"rendered":"Prodotti"},"content":{"rendered":"<p>[vc_row css=&#8221;.vc_custom_1768906398751{padding-top: 80px !important;padding-bottom: 80px !important;}&#8221;][vc_column width=&#8221;1\/2&#8243;][vc_column_text css=&#8221;.vc_custom_1774348089701{padding-top: 50px !important;}&#8221;]L&#8217;attivit\u00e0 principale di <strong>Tomates del Guadiana<\/strong> \u00e8 la trasformazione di pomodori freschi in concentrati di pomodoro di varie variet\u00e0. Produciamo passata di pomodoro, salse per pizza, concentrati doppi e tripli e succhi di frutta.<\/p>\n<p>Inoltre, <strong>Tomates del Guadiana<\/strong> si impegna a produrre puree di frutta a base di nettarine, prugne, pesche e pere. Di seguito un elenco dei nostri prodotti principali:[\/vc_column_text][\/vc_column][vc_column width=&#8221;1\/2&#8243;][vc_single_image image=&#8221;3717&#8243;][\/vc_column][\/vc_row][vc_row css=&#8221;.vc_custom_1768909318612{padding-top: 80px !important;padding-bottom: 80px !important;background-color: #f7f7f7 !important;}&#8221;][vc_column width=&#8221;1\/2&#8243;]<style>.ld_fancy_heading_69da07054f81b h2 {padding-top:70px !important;  } .ld_fancy_heading_69da07054f81b h2 {margin-bottom:0.95em !important;  } .ld_fancy_heading_69da07054f81b .ld-fh-underline{height:5px;background:rgb(0, 162, 81);}.ld_fancy_heading_69da07054f81b h2 {padding-top:70px !important;  } .ld_fancy_heading_69da07054f81b h2 {margin-bottom:0.95em !important;  } .ld_fancy_heading_69da07054f81b .lqd-highlight-inner{height:0.275em!important;bottom:0px!important;}.ld_fancy_heading_69da07054f81b h2 {padding-top:70px !important;  } .ld_fancy_heading_69da07054f81b h2 {margin-bottom:0.95em !important;  } <\/style><div class=\"ld-fancy-heading text-center ld_fancy_heading_69da07054f81b\">\n\t<h2 class=\"ld-fh-element lqd-highlight-underline lqd-highlight-grow-left text-decoration-default\"   > <span class=\"ld-fh-underline\"><\/span> Prodotti a base di pomodoro<\/h2><\/div>[vc_row_inner css=&#8221;.vc_custom_1768909390394{padding-top: 30px !important;}&#8221;][vc_column_inner width=&#8221;1\/3&#8243;][vc_single_image image=&#8221;3732&#8243; onclick=&#8221;link_image&#8221;][\/vc_column_inner][vc_column_inner width=&#8221;1\/3&#8243;][vc_single_image image=&#8221;3731&#8243; onclick=&#8221;link_image&#8221;][\/vc_column_inner][vc_column_inner width=&#8221;1\/3&#8243;][vc_single_image image=&#8221;3730&#8243; onclick=&#8221;link_image&#8221;][\/vc_column_inner][\/vc_row_inner][\/vc_column][vc_column width=&#8221;1\/2&#8243;]<style>.vc_accordion_69da0705506e3 .accordion-title{font-size:16px;line-height:1.5em;font-weight:700;}.vc_accordion_69da0705506e3 .accordion-title a{color:rgb(24, 67, 65);background:rgb(248, 245, 243);}.vc_accordion_69da0705506e3 .accordion-item.active .accordion-title a{color:rgb(255, 255, 255);background:rgb(232, 59, 78);}.vc_accordion_69da0705506e3 .accordion-title a, .vc_accordion_69da0705506e3 .accordion-item{border-color:rgb(255, 250, 247);}.vc_accordion_69da0705506e3 .accordion-item.active .accordion-title a, .vc_accordion_69da0705506e3 .accordion-item.active{border-color:rgb(24, 67, 65);}.vc_accordion_69da0705506e3 .accordion-item:not(:last-child){margin-bottom:30px;}.vc_accordion_69da0705506e3 .accordion-expander{color:rgb(24, 67, 65);}.vc_accordion_69da0705506e3 .accordion-item.active .accordion-expander{color:rgb(255, 255, 255);}<\/style><div class=\"accordion accordion-lg accordion-active-has-fill accordion-title-bordered accordion-title-round accordion-expander-lg vc_accordion_69da0705506e3\" id=\"vc_accordion_69da0705506e3\"\n     role=\"tablist\" aria-multiselectable=\"true\">\n\n\t            <div class=\"accordion-item panel  active \">\n\n                <div class=\"accordion-heading\" role=\"tab\" id=\"heading_ld-1576843306949-c9811b96-fe6b0e1a-698e\" data-id=\"ld-1576843306949-c9811b96-fe6b0e1a-698e\">\n                    <h4 class=\"accordion-title\" data-controls=\"ld-1576843306949-c9811b96-fe6b0e1a-698e\" tabindex=\"-1\">\n                        <a tabindex=\"0\" class=\"\" data-toggle=\"collapse\"  data-bs-toggle=\"collapse\"\n                           data-parent=\"#vc_accordion_69da0705506e3\" data-bs-parent=\"#vc_accordion_69da0705506e3\" href=\"#ld-1576843306949-c9811b96-fe6b0e1a-698e\" data-bs-target=\"#ld-1576843306949-c9811b96-fe6b0e1a-698e\"\n                           aria-expanded=\"true\" aria-controls=\"ld-1576843306949-c9811b96-fe6b0e1a-698e\">\n\n\t\t\t\t\t\t\t\n\t\t\t\t\t\t\tCONCENTRATO DI POMODORO\n\t\t\t\t\t\t\t                                <span class=\"accordion-expander\">\n\t\t\t\t\t\t\t\t\t\t\t\t\t\t\t\t\t\t\t<i class=\"lqd-icn-ess icon-ion-ios-arrow-down\"><\/i>\n\t\t\t\t\t\t\t\t\t\n\t\t\t\t\t\t\t\t\t\t\t\t\t\t\t\t\t\t\t<i class=\"lqd-icn-ess icon-ion-ios-arrow-up\"><\/i>\n\t\t\t\t\t\t\t\t\t\t\t\t\t\t\t\t\t<\/span>\n\t\t\t\t\t\t\t\n                        <\/a>\n\n                    <\/h4>\n                <\/div>\n\n                <div id=\"ld-1576843306949-c9811b96-fe6b0e1a-698e\" class=\"accordion-collapse collapse show\"\n                    data-bs-parent=\"#vc_accordion_69da0705506e3\" role=\"tabpanel\" aria-labelledby=\"heading_ld-1576843306949-c9811b96-fe6b0e1a-698e\">\n                    <div class=\"accordion-content\">\n\t\t\t\t\t\t<style>.ld_fancy_heading_69da07054fd65 p {margin-bottom:0px !important;  } .ld_fancy_heading_69da07054fd65 .lqd-highlight-inner{height:0.275em!important;bottom:0px!important;}.ld_fancy_heading_69da07054fd65 p {margin-bottom:0px !important;  } <\/style><div class=\"ld-fancy-heading ld_fancy_heading_69da07054fd65\">\n\t<p class=\"ld-fh-element lqd-highlight-underline lqd-highlight-grow-left text-decoration-default\"   >  <strong>Variet\u00e0\/concentrazione:<\/strong> Hot Break 28\/30, 30\/32 \u00b7 Cold Break 28\/30, 36\/38<\/p>\n<p><strong>Confezionamento: <\/strong>fusto da 240 Kg, Good-Pack: 1600 Kg. Fusto da 240 Kg, 245 Kg, Good-Pack: 1600 Kg. Sacchi da 10 Kg, 20 Kg, 21 Kg in scatole di cartone.<\/p><\/div>                    <\/div>\n                <\/div>\n            <\/div>\n\t\t\t            <div class=\"accordion-item panel  \">\n\n                <div class=\"accordion-heading\" role=\"tab\" id=\"heading_ld-1576843455029-57b05fca-b4010e1a-698e\" data-id=\"ld-1576843455029-57b05fca-b4010e1a-698e\">\n                    <h4 class=\"accordion-title\" data-controls=\"ld-1576843455029-57b05fca-b4010e1a-698e\" tabindex=\"-1\">\n                        <a tabindex=\"0\" class=\"collapsed\" data-toggle=\"collapse\"  data-bs-toggle=\"collapse\"\n                           data-parent=\"#vc_accordion_69da0705506e3\" data-bs-parent=\"#vc_accordion_69da0705506e3\" href=\"#ld-1576843455029-57b05fca-b4010e1a-698e\" data-bs-target=\"#ld-1576843455029-57b05fca-b4010e1a-698e\"\n                           aria-expanded=\"false\" aria-controls=\"ld-1576843455029-57b05fca-b4010e1a-698e\">\n\n\t\t\t\t\t\t\t\n\t\t\t\t\t\t\tSALSA PER PIZZA\n\t\t\t\t\t\t\t                                <span class=\"accordion-expander\">\n\t\t\t\t\t\t\t\t\t\t\t\t\t\t\t\t\t\t\t<i class=\"lqd-icn-ess icon-ion-ios-arrow-down\"><\/i>\n\t\t\t\t\t\t\t\t\t\n\t\t\t\t\t\t\t\t\t\t\t\t\t\t\t\t\t\t\t<i class=\"lqd-icn-ess icon-ion-ios-arrow-up\"><\/i>\n\t\t\t\t\t\t\t\t\t\t\t\t\t\t\t\t\t<\/span>\n\t\t\t\t\t\t\t\n                        <\/a>\n\n                    <\/h4>\n                <\/div>\n\n                <div id=\"ld-1576843455029-57b05fca-b4010e1a-698e\" class=\"accordion-collapse collapse\"\n                    data-bs-parent=\"#vc_accordion_69da0705506e3\" role=\"tabpanel\" aria-labelledby=\"heading_ld-1576843455029-57b05fca-b4010e1a-698e\">\n                    <div class=\"accordion-content\">\n\t\t\t\t\t\t<style>.ld_fancy_heading_69da07055008b p {margin-bottom:0px !important;  } .ld_fancy_heading_69da07055008b .lqd-highlight-inner{height:0.275em!important;bottom:0px!important;}.ld_fancy_heading_69da07055008b p {margin-bottom:0px !important;  } <\/style><div class=\"ld-fancy-heading ld_fancy_heading_69da07055008b\">\n\t<p class=\"ld-fh-element lqd-highlight-underline lqd-highlight-grow-left text-decoration-default\"   >  <strong>Variet\u00e0\/concentrazione: <\/strong>Hot Break 10\/12, 12\/14, 14\/16, 6\/8 e 8\/10.<\/p>\n<p><strong>Confezionamento: <\/strong>fusti da 220 Kg, 210 Kg. Sacchi da 10 Kg, 20 Kg, 21 Kg in scatole di cartone.<\/p><\/div>                    <\/div>\n                <\/div>\n            <\/div>\n\t\t\t            <div class=\"accordion-item panel  \">\n\n                <div class=\"accordion-heading\" role=\"tab\" id=\"heading_ld-1576843473475-7ad9f679-ee460e1a-698e\" data-id=\"ld-1576843473475-7ad9f679-ee460e1a-698e\">\n                    <h4 class=\"accordion-title\" data-controls=\"ld-1576843473475-7ad9f679-ee460e1a-698e\" tabindex=\"-1\">\n                        <a tabindex=\"0\" class=\"collapsed\" data-toggle=\"collapse\"  data-bs-toggle=\"collapse\"\n                           data-parent=\"#vc_accordion_69da0705506e3\" data-bs-parent=\"#vc_accordion_69da0705506e3\" href=\"#ld-1576843473475-7ad9f679-ee460e1a-698e\" data-bs-target=\"#ld-1576843473475-7ad9f679-ee460e1a-698e\"\n                           aria-expanded=\"false\" aria-controls=\"ld-1576843473475-7ad9f679-ee460e1a-698e\">\n\n\t\t\t\t\t\t\t\n\t\t\t\t\t\t\tSUCCO\n\t\t\t\t\t\t\t                                <span class=\"accordion-expander\">\n\t\t\t\t\t\t\t\t\t\t\t\t\t\t\t\t\t\t\t<i class=\"lqd-icn-ess icon-ion-ios-arrow-down\"><\/i>\n\t\t\t\t\t\t\t\t\t\n\t\t\t\t\t\t\t\t\t\t\t\t\t\t\t\t\t\t\t<i class=\"lqd-icn-ess icon-ion-ios-arrow-up\"><\/i>\n\t\t\t\t\t\t\t\t\t\t\t\t\t\t\t\t\t<\/span>\n\t\t\t\t\t\t\t\n                        <\/a>\n\n                    <\/h4>\n                <\/div>\n\n                <div id=\"ld-1576843473475-7ad9f679-ee460e1a-698e\" class=\"accordion-collapse collapse\"\n                    data-bs-parent=\"#vc_accordion_69da0705506e3\" role=\"tabpanel\" aria-labelledby=\"heading_ld-1576843473475-7ad9f679-ee460e1a-698e\">\n                    <div class=\"accordion-content\">\n\t\t\t\t\t\t<style>.ld_fancy_heading_69da070550355 p {margin-bottom:0px !important;  } .ld_fancy_heading_69da070550355 .lqd-highlight-inner{height:0.275em!important;bottom:0px!important;}.ld_fancy_heading_69da070550355 p {margin-bottom:0px !important;  } <\/style><div class=\"ld-fancy-heading ld_fancy_heading_69da070550355\">\n\t<p class=\"ld-fh-element lqd-highlight-underline lqd-highlight-grow-left text-decoration-default\"   >  <strong>Variet\u00e0\/concentrazione: <\/strong>Cold Break 6, 10.<\/p>\n<p><strong>Confezione:<\/strong> FUSTO da 210 Kg.<\/p><\/div>                    <\/div>\n                <\/div>\n            <\/div>\n\t\t\t            <div class=\"accordion-item panel  \">\n\n                <div class=\"accordion-heading\" role=\"tab\" id=\"heading_lqd-1768908709098-ccfae6d2-2759\" data-id=\"lqd-1768908709098-ccfae6d2-2759\">\n                    <h4 class=\"accordion-title\" data-controls=\"lqd-1768908709098-ccfae6d2-2759\" tabindex=\"-1\">\n                        <a tabindex=\"0\" class=\"collapsed\" data-toggle=\"collapse\"  data-bs-toggle=\"collapse\"\n                           data-parent=\"#vc_accordion_69da0705506e3\" data-bs-parent=\"#vc_accordion_69da0705506e3\" href=\"#lqd-1768908709098-ccfae6d2-2759\" data-bs-target=\"#lqd-1768908709098-ccfae6d2-2759\"\n                           aria-expanded=\"false\" aria-controls=\"lqd-1768908709098-ccfae6d2-2759\">\n\n\t\t\t\t\t\t\t\n\t\t\t\t\t\t\tPOLPA FINE\n\t\t\t\t\t\t\t                                <span class=\"accordion-expander\">\n\t\t\t\t\t\t\t\t\t\t\t\t\t\t\t\t\t\t\t<i class=\"lqd-icn-ess icon-ion-ios-arrow-down\"><\/i>\n\t\t\t\t\t\t\t\t\t\n\t\t\t\t\t\t\t\t\t\t\t\t\t\t\t\t\t\t\t<i class=\"lqd-icn-ess icon-ion-ios-arrow-up\"><\/i>\n\t\t\t\t\t\t\t\t\t\t\t\t\t\t\t\t\t<\/span>\n\t\t\t\t\t\t\t\n                        <\/a>\n\n                    <\/h4>\n                <\/div>\n\n                <div id=\"lqd-1768908709098-ccfae6d2-2759\" class=\"accordion-collapse collapse\"\n                    data-bs-parent=\"#vc_accordion_69da0705506e3\" role=\"tabpanel\" aria-labelledby=\"heading_lqd-1768908709098-ccfae6d2-2759\">\n                    <div class=\"accordion-content\">\n\t\t\t\t\t\t<style>.ld_fancy_heading_69da0705505cf .lqd-highlight-inner{height:0.275em!important;bottom:0px!important;}<\/style><div class=\"ld-fancy-heading ld_fancy_heading_69da0705505cf\">\n\t<p class=\"ld-fh-element lqd-highlight-underline lqd-highlight-grow-left text-decoration-default\"   >  <strong>Variet\u00e0\/concentrazione: <\/strong>6\/8.<\/p>\n<p><strong>Confezionamento:<\/strong> fusti da 215 Kg e 210 Kg. Sacchi da 10 Kg, 20 Kg e 21 Kg in scatole di cartone.<\/p><\/div>                    <\/div>\n                <\/div>\n            <\/div>\n\t\t\t<\/div>[\/vc_column][\/vc_row][vc_row css=&#8221;.vc_custom_1768909827962{padding-top: 80px !important;padding-bottom: 100px !important;background-color: #ffffff !important;}&#8221;][vc_column width=&#8221;1\/2&#8243; css=&#8221;.vc_custom_1768909774559{padding-top: 100px !important;}&#8221;]<style>.vc_accordion_69da070550b97 .accordion-title{font-size:16px;line-height:1.5em;font-weight:700;}.vc_accordion_69da070550b97 .accordion-title a{color:rgb(24, 67, 65);background:rgb(248, 245, 243);}.vc_accordion_69da070550b97 .accordion-item.active .accordion-title a{color:rgb(255, 255, 255);background:rgb(232, 59, 78);}.vc_accordion_69da070550b97 .accordion-title a, .vc_accordion_69da070550b97 .accordion-item{border-color:rgb(255, 250, 247);}.vc_accordion_69da070550b97 .accordion-item.active .accordion-title a, .vc_accordion_69da070550b97 .accordion-item.active{border-color:rgb(24, 67, 65);}.vc_accordion_69da070550b97 .accordion-item:not(:last-child){margin-bottom:30px;}.vc_accordion_69da070550b97 .accordion-expander{color:rgb(24, 67, 65);}.vc_accordion_69da070550b97 .accordion-item.active .accordion-expander{color:rgb(255, 255, 255);}<\/style><div class=\"accordion accordion-lg accordion-active-has-fill accordion-title-bordered accordion-title-round accordion-expander-lg vc_accordion_69da070550b97\" id=\"vc_accordion_69da070550b97\"\n     role=\"tablist\" aria-multiselectable=\"true\">\n\n\t            <div class=\"accordion-item panel  active \">\n\n                <div class=\"accordion-heading\" role=\"tab\" id=\"heading_lqd-1768909436322-520db6da-01e5\" data-id=\"lqd-1768909436322-520db6da-01e5\">\n                    <h4 class=\"accordion-title\" data-controls=\"lqd-1768909436322-520db6da-01e5\" tabindex=\"-1\">\n                        <a tabindex=\"0\" class=\"\" data-toggle=\"collapse\"  data-bs-toggle=\"collapse\"\n                           data-parent=\"#vc_accordion_69da070550b97\" data-bs-parent=\"#vc_accordion_69da070550b97\" href=\"#lqd-1768909436322-520db6da-01e5\" data-bs-target=\"#lqd-1768909436322-520db6da-01e5\"\n                           aria-expanded=\"true\" aria-controls=\"lqd-1768909436322-520db6da-01e5\">\n\n\t\t\t\t\t\t\t\n\t\t\t\t\t\t\tVARIET\u00c0 DI FRUTTA\n\t\t\t\t\t\t\t                                <span class=\"accordion-expander\">\n\t\t\t\t\t\t\t\t\t\t\t\t\t\t\t\t\t\t\t<i class=\"lqd-icn-ess icon-ion-ios-arrow-down\"><\/i>\n\t\t\t\t\t\t\t\t\t\n\t\t\t\t\t\t\t\t\t\t\t\t\t\t\t\t\t\t\t<i class=\"lqd-icn-ess icon-ion-ios-arrow-up\"><\/i>\n\t\t\t\t\t\t\t\t\t\t\t\t\t\t\t\t\t<\/span>\n\t\t\t\t\t\t\t\n                        <\/a>\n\n                    <\/h4>\n                <\/div>\n\n                <div id=\"lqd-1768909436322-520db6da-01e5\" class=\"accordion-collapse collapse show\"\n                    data-bs-parent=\"#vc_accordion_69da070550b97\" role=\"tabpanel\" aria-labelledby=\"heading_lqd-1768909436322-520db6da-01e5\">\n                    <div class=\"accordion-content\">\n\t\t\t\t\t\t<style>.ld_fancy_heading_69da070550a60 p {margin-bottom:0px !important;  } .ld_fancy_heading_69da070550a60 .lqd-highlight-inner{height:0.275em!important;bottom:0px!important;}.ld_fancy_heading_69da070550a60 p {margin-bottom:0px !important;  } <\/style><div class=\"ld-fancy-heading ld_fancy_heading_69da070550a60\">\n\t<p class=\"ld-fh-element lqd-highlight-underline lqd-highlight-grow-left text-decoration-default\"   >  <strong>Tipologia: <\/strong>Pesca, Nettarina, Susina, Albicocca, Mela Cotogna, Pera.<br \/>\nVariet\u00e0\/Concentrazione: Purea, 20\/22, 30\/32, 40\/45.<br \/>\n<strong>Confezione:<\/strong> Fusti da 240 kg, 230 kg, 220 kg.<\/p><\/div>                    <\/div>\n                <\/div>\n            <\/div>\n\t\t\t<\/div>[\/vc_column][vc_column width=&#8221;1\/2&#8243;][vc_single_image image=&#8221;3564&#8243; alignment=&#8221;center&#8221;]<style>.ld_fancy_heading_69da070550db1 h2 {margin-bottom:0.95em !important;  } .ld_fancy_heading_69da070550db1 .ld-fh-underline{height:5px;background:rgb(0, 162, 81);}.ld_fancy_heading_69da070550db1 h2 {margin-bottom:0.95em !important;  } .ld_fancy_heading_69da070550db1 .lqd-highlight-inner{height:0.275em!important;bottom:0px!important;}.ld_fancy_heading_69da070550db1 h2 {margin-bottom:0.95em !important;  } <\/style><div class=\"ld-fancy-heading text-center ld_fancy_heading_69da070550db1\">\n\t<h2 class=\"ld-fh-element lqd-highlight-underline lqd-highlight-grow-left text-decoration-default\"   > <span class=\"ld-fh-underline\"><\/span> Prodotti a base di frutta<\/h2><\/div>[vc_row_inner css=&#8221;.vc_custom_1768909390394{padding-top: 30px !important;}&#8221;][vc_column_inner width=&#8221;2\/3&#8243;][vc_single_image image=&#8221;3741&#8243; onclick=&#8221;link_image&#8221;][\/vc_column_inner][vc_column_inner width=&#8221;1\/3&#8243;][vc_single_image image=&#8221;3740&#8243; onclick=&#8221;link_image&#8221;][\/vc_column_inner][\/vc_row_inner][\/vc_column][\/vc_row][vc_row css=&#8221;.vc_custom_1768907452717{margin-bottom: 0px !important;padding-bottom: 0px !important;background-image: url(http:\/\/s454091738.mialojamiento.es\/wp-content\/uploads\/2026\/01\/trama-footer.png?id=3660) !important;background-position: 0 0 !important;background-repeat: no-repeat !important;}&#8221;][vc_column css=&#8221;.vc_custom_1768907583173{margin-bottom: 0px !important;padding-top: 30px !important;padding-bottom: 5px !important;}&#8221;][\/vc_column][\/vc_row]<\/p>\n","protected":false},"excerpt":{"rendered":"<p>[vc_row css=&#8221;.vc_custom_1768906398751{padding-top: 80px !important;padding-bottom: 80px !important;}&#8221;][vc_column width=&#8221;1\/2&#8243;][vc_column_text css=&#8221;.vc_custom_1774348089701{padding-top: 50px !important;}&#8221;]L&#8217;attivit\u00e0 principale di Tomates del Guadiana \u00e8 la trasformazione di pomodori freschi in concentrati di pomodoro di varie variet\u00e0. Produciamo passata di pomodoro, salse per pizza, concentrati doppi e tripli e succhi di frutta. Inoltre, Tomates del Guadiana si impegna a produrre puree di frutta a [&hellip;]<\/p>\n","protected":false},"author":1,"featured_media":0,"parent":0,"menu_order":0,"comment_status":"closed","ping_status":"closed","template":"","meta":{"footnotes":""},"class_list":["post-4401","page","type-page","status-publish","hentry"],"_links":{"self":[{"href":"http:\/\/s454091738.mialojamiento.es\/it\/wp-json\/wp\/v2\/pages\/4401","targetHints":{"allow":["GET"]}}],"collection":[{"href":"http:\/\/s454091738.mialojamiento.es\/it\/wp-json\/wp\/v2\/pages"}],"about":[{"href":"http:\/\/s454091738.mialojamiento.es\/it\/wp-json\/wp\/v2\/types\/page"}],"author":[{"embeddable":true,"href":"http:\/\/s454091738.mialojamiento.es\/it\/wp-json\/wp\/v2\/users\/1"}],"replies":[{"embeddable":true,"href":"http:\/\/s454091738.mialojamiento.es\/it\/wp-json\/wp\/v2\/comments?post=4401"}],"version-history":[{"count":4,"href":"http:\/\/s454091738.mialojamiento.es\/it\/wp-json\/wp\/v2\/pages\/4401\/revisions"}],"predecessor-version":[{"id":4743,"href":"http:\/\/s454091738.mialojamiento.es\/it\/wp-json\/wp\/v2\/pages\/4401\/revisions\/4743"}],"wp:attachment":[{"href":"http:\/\/s454091738.mialojamiento.es\/it\/wp-json\/wp\/v2\/media?parent=4401"}],"curies":[{"name":"wp","href":"https:\/\/api.w.org\/{rel}","templated":true}]}}