{"id":4395,"date":"2026-01-21T08:49:54","date_gmt":"2026-01-21T07:49:54","guid":{"rendered":"http:\/\/s454091738.mialojamiento.es\/politica-di-gestione\/"},"modified":"2026-03-24T11:57:30","modified_gmt":"2026-03-24T10:57:30","slug":"politica-di-gestione","status":"publish","type":"page","link":"http:\/\/s454091738.mialojamiento.es\/it\/politica-di-gestione\/","title":{"rendered":"Politica di gestione"},"content":{"rendered":"<p>[vc_row css=&#8221;.vc_custom_1768981663638{padding-top: 80px !important;padding-bottom: 80px !important;}&#8221;][vc_column width=&#8221;1\/6&#8243;][\/vc_column][vc_column width=&#8221;2\/3&#8243;][vc_single_image image=&#8221;3564&#8243; alignment=&#8221;center&#8221;][vc_column_text]<\/p>\n<h2>POLITICA DI GESTIONE (QUALIT\u00c0, GESTIONE AMBIENTALE E SICUREZZA ALIMENTARE)<\/h2>\n<p>Il Sistema di Qualit\u00e0, Gestione Ambientale, Gestione dell&#8217;Energia e Sicurezza Alimentare implementato in TOMATES DEL GUADIANA, SOCIEDAD COOPERATIVA, soddisfa i requisiti applicabili delle norme UNE-EN ISO 14001:2015, UNE-EN ISO 50001:2018 e BRCGS FOOD SAFETY ed \u00e8 strutturato e adattato all&#8217;attivit\u00e0 di produzione di concentrati e creme di pomodoro e frutta. Allo stesso modo, stabilisce l&#8217;impegno a rispettare i requisiti normativi legali stabiliti per proteggere l&#8217;ambiente sulla base dell&#8217;AUTORIZZAZIONE AMBIENTALE INTEGRATA concessa e altri requisiti sottoscritti dall&#8217;organizzazione.<\/p>\n<p>La Politica per la Qualit\u00e0, la Gestione Ambientale, la Gestione Energetica e la Sicurezza Alimentare di TOMATES DEL GUADIANA, S.Coop., si basa sui seguenti punti:<\/p>\n<ul style=\"margin: 0px 30px;\">\n<li>1. L&#8217;obiettivo principale dell&#8217;azienda \u00e8 garantire che la prima trasformazione del frutto venga effettuata dai propri produttori.<\/li>\n<li>2. Un fermo impegno da parte della Direzione di TOMATES DEL GUADIANA, S.Coop., a realizzare l&#8217;implementazione, l&#8217;evoluzione, il miglioramento continuo e il monitoraggio del Sistema di Qualit\u00e0, Gestione Ambientale, Gestione Energetica e Sicurezza Alimentare dell&#8217;azienda, nonch\u00e9 il miglioramento continuo delle prestazioni energetiche e a stabilire i meccanismi per facilitare la partecipazione attiva di tutti nell&#8217;esecuzione del piano di difesa alimentare.<\/li>\n<li>3. Rigoroso rispetto della legislazione ambientale ed energetica vigente (sia quella relativa all&#8217;efficienza energetica, all&#8217;uso dell&#8217;energia e al consumo di energia) e di altri requisiti sottoscritti dall&#8217;organizzazione, dei requisiti HALAL e KOSHER e dei requisiti del cliente (incluse le linee guida M&amp;S); la produzione e la lavorazione delle materie prime devono essere sicure e legali in modo che il prodotto finale soddisfi tutti i requisiti stabiliti da tali leggi.<\/li>\n<li>4. Sviluppo di un rapporto di reciproca collaborazione con i nostri fornitori, trasmettendoli e coinvolgendoli nella nostra Politica della Qualit\u00e0, Gestione Ambientale, Gestione Energetica e Sicurezza Alimentare.<\/li>\n<li>5. Sviluppare un rapporto di reciproca collaborazione con i nostri clienti, coinvolgendoli nella nostra Politica della Qualit\u00e0, nella Gestione Ambientale, nella Gestione Energetica e nella Sicurezza Alimentare per raggiungere un livello di soddisfazione pi\u00f9 elevato e quindi soddisfare la qualit\u00e0 da loro specificata.<\/li>\n<li>6. Impegno al miglioramento continuo della qualit\u00e0 del nostro prodotto alimentare finale, nonch\u00e9 della materia prima iniziale (non utilizzo di semi geneticamente modificati).<\/li>\n<li>7. Conservare i prodotti finali in magazzino in condizioni di qualit\u00e0 ottimali per ridurre le perdite aziendali e aumentarne le prestazioni.<\/li>\n<li>8. Impegno nella formazione continua in materia di qualit\u00e0, tutela degli alimenti, gestione energetica e gestione ambientale per il personale di Tomates del Guadiana.<\/li>\n<li>9. Ridurre al minimo l&#8217;impatto ambientale delle nostre attivit\u00e0 controllando gli aspetti ambientali generati, seguendo la filosofia di riduzione e riciclo dei nostri rifiuti. Quando ci\u00f2 non \u00e8 possibile, garantire che i nostri rifiuti vengano smaltiti in modo da minimizzarne l&#8217;impatto ambientale, garantendo cos\u00ec il miglioramento continuo delle nostre prestazioni ambientali e la sostenibilit\u00e0 a lungo termine, mantenendo al contempo un equilibrio con le risorse del nostro ambiente. La nostra posizione privilegiata, immersa tra i terreni agricoli, ci consente di ridurre i tempi di raccolta. Questi brevi periodi di attesa garantiscono la massima conservazione delle qualit\u00e0 dei prodotti freschi e riducono direttamente il nostro impatto ambientale.<\/li>\n<li>10. L&#8217;azienda si impegna a informare tutti i dipendenti delle proprie responsabilit\u00e0 in materia di qualit\u00e0 e sicurezza alimentare, rendendoli parte integrante della cultura aziendale in questo ambito. Il management \u00e8 particolarmente impegnato nell&#8217;implementazione e nel miglioramento continuo di una cultura della sicurezza alimentare che coinvolga tutto il personale aziendale.<\/li>\n<li>11. Impegno per una gestione efficiente delle risorse energetiche, garantendo la disponibilit\u00e0 delle informazioni e delle risorse necessarie per raggiungere obiettivi e traguardi energetici, riducendo cos\u00ec le emissioni di CO2 derivanti dal loro consumo.<\/li>\n<li>12. Supportare l&#8217;acquisizione di prodotti e servizi di efficienza energetica che influiscono sulle prestazioni energetiche dell&#8217;organizzazione, nonch\u00e9 attivit\u00e0 di progettazione che tengano conto del miglioramento delle prestazioni energetiche.<\/li>\n<li>13. Monitorare il consumo di acqua affinch\u00e9 non influisca sulle localit\u00e0 vicine alla nostra industria, un attore chiave della nostra azienda, utilizzando acqua purificata e riciclata nei nostri stabilimenti per il lavaggio della frutta fresca, contribuendo cos\u00ec al risparmio di una risorsa sempre pi\u00f9 preziosa.<\/li>\n<li>14. L&#8217;azienda faciliter\u00e0 l&#8217;espressione di nuove idee e proposte per sviluppare processi di miglioramento.<\/li>\n<li>15. L&#8217;azienda si impegna a ridurre al minimo il rischio di frode e a garantire che tutte le descrizioni e le dichiarazioni dei prodotti siano legali, appropriate e verificabili, attraverso il suo Sistema di Qualit\u00e0, Gestione Ambientale, Gestione Energetica e Sicurezza Alimentare, fornendo prodotti autentici.<\/li>\n<li>16. Prevenire l&#8217;inquinamento che TOMATES DEL GUADIANA potrebbe generare per mantenere un rapporto reciprocamente vantaggioso con l&#8217;ambiente che ci circonda.<\/li>\n<li>17. L&#8217;azienda \u00e8 consapevole della propria responsabilit\u00e0 etica e sociale e dell&#8217;importanza del benessere dei propri lavoratori.<\/li>\n<\/ul>\n<p>Questi principi saranno applicati sistematicamente, in conformit\u00e0 con il Sistema di Gestione della Qualit\u00e0, dell&#8217;Ambiente, dell&#8217;Energia e della Sicurezza Alimentare sviluppato e implementato. La presente politica sar\u00e0 diffusa in tutti gli stabilimenti e aggiornata regolarmente.<\/p>\n<p><b>27-05-2024. Firma\/Indirizzo: Celia Santos Blanco<\/b>[\/vc_column_text][\/vc_column][vc_column width=&#8221;1\/6&#8243;][\/vc_column][\/vc_row][vc_row css=&#8221;.vc_custom_1768907452717{margin-bottom: 0px !important;padding-bottom: 0px !important;background-image: url(http:\/\/s454091738.mialojamiento.es\/wp-content\/uploads\/2026\/01\/trama-footer.png?id=3660) !important;background-position: 0 0 !important;background-repeat: no-repeat !important;}&#8221;][vc_column css=&#8221;.vc_custom_1768907583173{margin-bottom: 0px !important;padding-top: 30px !important;padding-bottom: 5px !important;}&#8221;][\/vc_column][\/vc_row]<\/p>\n","protected":false},"excerpt":{"rendered":"<p>[vc_row css=&#8221;.vc_custom_1768981663638{padding-top: 80px !important;padding-bottom: 80px !important;}&#8221;][vc_column width=&#8221;1\/6&#8243;][\/vc_column][vc_column width=&#8221;2\/3&#8243;][vc_single_image image=&#8221;3564&#8243; alignment=&#8221;center&#8221;][vc_column_text] POLITICA DI GESTIONE (QUALIT\u00c0, GESTIONE AMBIENTALE E SICUREZZA ALIMENTARE) Il Sistema di Qualit\u00e0, Gestione Ambientale, Gestione dell&#8217;Energia e Sicurezza Alimentare implementato in TOMATES DEL GUADIANA, SOCIEDAD COOPERATIVA, soddisfa i requisiti applicabili delle norme UNE-EN ISO 14001:2015, UNE-EN ISO 50001:2018 e BRCGS FOOD SAFETY ed \u00e8 [&hellip;]<\/p>\n","protected":false},"author":1,"featured_media":0,"parent":0,"menu_order":0,"comment_status":"closed","ping_status":"closed","template":"","meta":{"footnotes":""},"class_list":["post-4395","page","type-page","status-publish","hentry"],"_links":{"self":[{"href":"http:\/\/s454091738.mialojamiento.es\/it\/wp-json\/wp\/v2\/pages\/4395","targetHints":{"allow":["GET"]}}],"collection":[{"href":"http:\/\/s454091738.mialojamiento.es\/it\/wp-json\/wp\/v2\/pages"}],"about":[{"href":"http:\/\/s454091738.mialojamiento.es\/it\/wp-json\/wp\/v2\/types\/page"}],"author":[{"embeddable":true,"href":"http:\/\/s454091738.mialojamiento.es\/it\/wp-json\/wp\/v2\/users\/1"}],"replies":[{"embeddable":true,"href":"http:\/\/s454091738.mialojamiento.es\/it\/wp-json\/wp\/v2\/comments?post=4395"}],"version-history":[{"count":1,"href":"http:\/\/s454091738.mialojamiento.es\/it\/wp-json\/wp\/v2\/pages\/4395\/revisions"}],"predecessor-version":[{"id":4755,"href":"http:\/\/s454091738.mialojamiento.es\/it\/wp-json\/wp\/v2\/pages\/4395\/revisions\/4755"}],"wp:attachment":[{"href":"http:\/\/s454091738.mialojamiento.es\/it\/wp-json\/wp\/v2\/media?parent=4395"}],"curies":[{"name":"wp","href":"https:\/\/api.w.org\/{rel}","templated":true}]}}