{"id":4381,"date":"2026-01-20T13:44:55","date_gmt":"2026-01-20T12:44:55","guid":{"rendered":"http:\/\/s454091738.mialojamiento.es\/ambiente\/"},"modified":"2026-03-25T11:41:53","modified_gmt":"2026-03-25T10:41:53","slug":"ambiente","status":"publish","type":"page","link":"http:\/\/s454091738.mialojamiento.es\/it\/ambiente\/","title":{"rendered":"Ambiente"},"content":{"rendered":"<p>[vc_row css=&#8221;.vc_custom_1768921729428{padding-top: 80px !important;padding-bottom: 50px !important;}&#8221;][vc_column]<style>.ld_fancy_heading_69da0465ee224 h2 {padding-top:70px !important;  } .ld_fancy_heading_69da0465ee224 h2 {margin-bottom:0.35em !important;  } .ld_fancy_heading_69da0465ee224 .lqd-highlight-inner{height:0.275em!important;bottom:0px!important;}.ld_fancy_heading_69da0465ee224 h2 {padding-top:70px !important;  } .ld_fancy_heading_69da0465ee224 h2 {margin-bottom:0.35em !important;  } <\/style><div class=\"ld-fancy-heading text-center ld_fancy_heading_69da0465ee224\">\n\t<h2 class=\"ld-fh-element lqd-highlight-underline lqd-highlight-grow-left text-decoration-default\"   >  Impegnato per l&#8217;ambiente<\/h2><\/div>[vc_column_text]Adottiamo una politica di gestione ambientale ed energetica basata su una strategia di integrazione aziendale che incorpora processi di sviluppo sostenibile e considerazioni ambientali ed energetiche nelle nostre attivit\u00e0. Ci\u00f2 garantisce la conformit\u00e0 normativa ai requisiti del Sistema di Gestione Ambientale ISO 14001 e del Sistema di Gestione dell&#8217;Energia ISO 50001, motivo per cui l&#8217;organizzazione \u00e8 certificata. Queste certificazioni consentono all&#8217;organizzazione, tra le altre cose, di ridurre al minimo i rifiuti e le emissioni in atmosfera, promuovere il riciclo dei rifiuti prodotti, favorire prestazioni ambientali adeguate a tutti i livelli, supportare l&#8217;acquisizione di servizi efficienti dal punto di vista energetico che incidono sulle prestazioni energetiche e implementare attivit\u00e0 di progettazione che tengano conto del miglioramento delle prestazioni energetiche, in conformit\u00e0 con le normative applicabili.[\/vc_column_text][\/vc_column][\/vc_row][vc_row css=&#8221;.vc_custom_1774432708209{margin-top: 50px !important;margin-bottom: 100px !important;}&#8221;][vc_column width=&#8221;1\/6&#8243;][\/vc_column][vc_column width=&#8221;2\/3&#8243;][vc_single_image image=&#8221;4823&#8243; onclick=&#8221;custom_link&#8221; enable_link=&#8221;enable_image_link&#8221; link=&#8221;url:http%3A%2F%2Fs454091738.mialojamiento.es%2Fwp-content%2Fuploads%2F2026%2F03%2FTOMATES-DEL-GUADIANA_v.0_11_07_2025.pdf||target:%20_blank|&#8221;][\/vc_column][vc_column width=&#8221;1\/6&#8243;][\/vc_column][\/vc_row][vc_row gap=&#8221;5&#8243; css=&#8221;.vc_custom_1768921747393{padding-bottom: 80px !important;}&#8221;][vc_column width=&#8221;2\/3&#8243;][vc_single_image image=&#8221;3941&#8243; onclick=&#8221;link_image&#8221; css=&#8221;.vc_custom_1770629521184{background-position: center !important;background-repeat: no-repeat !important;background-size: contain !important;}&#8221;][vc_row_inner gap=&#8221;5&#8243; css=&#8221;.vc_custom_1768921395930{margin-top: 10px !important;}&#8221;][vc_column_inner width=&#8221;1\/2&#8243;][vc_single_image image=&#8221;3799&#8243; onclick=&#8221;link_image&#8221;][\/vc_column_inner][vc_column_inner width=&#8221;1\/2&#8243;][vc_single_image image=&#8221;3798&#8243; onclick=&#8221;link_image&#8221;][\/vc_column_inner][\/vc_row_inner][\/vc_column][vc_column width=&#8221;1\/3&#8243;][vc_single_image image=&#8221;3800&#8243; onclick=&#8221;link_image&#8221;][vc_separator color=&#8221;white&#8221; border_width=&#8221;10&#8243; css=&#8221;.vc_custom_1770629577847{margin-top: 5px !important;margin-bottom: 10px !important;padding-top: 0px !important;padding-bottom: 0px !important;}&#8221;][vc_single_image image=&#8221;3797&#8243; onclick=&#8221;link_image&#8221; css=&#8221;.vc_custom_1768922013159{padding-top: 10px !important;}&#8221;][\/vc_column][\/vc_row][vc_row css=&#8221;.vc_custom_1768907452717{margin-bottom: 0px !important;padding-bottom: 0px !important;background-image: url(http:\/\/s454091738.mialojamiento.es\/wp-content\/uploads\/2026\/01\/trama-footer.png?id=3660) !important;background-position: 0 0 !important;background-repeat: no-repeat !important;}&#8221;][vc_column css=&#8221;.vc_custom_1768907583173{margin-bottom: 0px !important;padding-top: 30px !important;padding-bottom: 5px !important;}&#8221;][\/vc_column][\/vc_row]<\/p>\n","protected":false},"excerpt":{"rendered":"<p>[vc_row css=&#8221;.vc_custom_1768921729428{padding-top: 80px !important;padding-bottom: 50px !important;}&#8221;][vc_column][vc_column_text]Adottiamo una politica di gestione ambientale ed energetica basata su una strategia di integrazione aziendale che incorpora processi di sviluppo sostenibile e considerazioni ambientali ed energetiche nelle nostre attivit\u00e0. Ci\u00f2 garantisce la conformit\u00e0 normativa ai requisiti del Sistema di Gestione Ambientale ISO 14001 e del Sistema di Gestione dell&#8217;Energia ISO [&hellip;]<\/p>\n","protected":false},"author":1,"featured_media":0,"parent":0,"menu_order":0,"comment_status":"closed","ping_status":"closed","template":"","meta":{"footnotes":""},"class_list":["post-4381","page","type-page","status-publish","hentry"],"_links":{"self":[{"href":"http:\/\/s454091738.mialojamiento.es\/it\/wp-json\/wp\/v2\/pages\/4381","targetHints":{"allow":["GET"]}}],"collection":[{"href":"http:\/\/s454091738.mialojamiento.es\/it\/wp-json\/wp\/v2\/pages"}],"about":[{"href":"http:\/\/s454091738.mialojamiento.es\/it\/wp-json\/wp\/v2\/types\/page"}],"author":[{"embeddable":true,"href":"http:\/\/s454091738.mialojamiento.es\/it\/wp-json\/wp\/v2\/users\/1"}],"replies":[{"embeddable":true,"href":"http:\/\/s454091738.mialojamiento.es\/it\/wp-json\/wp\/v2\/comments?post=4381"}],"version-history":[{"count":4,"href":"http:\/\/s454091738.mialojamiento.es\/it\/wp-json\/wp\/v2\/pages\/4381\/revisions"}],"predecessor-version":[{"id":4845,"href":"http:\/\/s454091738.mialojamiento.es\/it\/wp-json\/wp\/v2\/pages\/4381\/revisions\/4845"}],"wp:attachment":[{"href":"http:\/\/s454091738.mialojamiento.es\/it\/wp-json\/wp\/v2\/media?parent=4381"}],"curies":[{"name":"wp","href":"https:\/\/api.w.org\/{rel}","templated":true}]}}