{"id":4374,"date":"2026-01-20T16:20:42","date_gmt":"2026-01-20T15:20:42","guid":{"rendered":"http:\/\/s454091738.mialojamiento.es\/licopeno\/"},"modified":"2026-03-27T10:07:58","modified_gmt":"2026-03-27T09:07:58","slug":"licopene","status":"publish","type":"page","link":"http:\/\/s454091738.mialojamiento.es\/it\/licopene\/","title":{"rendered":"Licopene"},"content":{"rendered":"<p>[vc_row css=&#8221;.vc_custom_1768906398751{padding-top: 80px !important;padding-bottom: 80px !important;}&#8221;][vc_column width=&#8221;1\/2&#8243;]<style>.ld_fancy_heading_69da16ec41363 h2 {padding-top:50px !important;  } .ld_fancy_heading_69da16ec41363 .ld-fh-underline{height:5px;background:rgb(0, 162, 81);}.ld_fancy_heading_69da16ec41363 h2 {padding-top:50px !important;  } .ld_fancy_heading_69da16ec41363 .lqd-highlight-inner{height:0.275em!important;bottom:0px!important;}.ld_fancy_heading_69da16ec41363 h2 {padding-top:50px !important;  } <\/style><div class=\"ld-fancy-heading text-center ld_fancy_heading_69da16ec41363\">\n\t<h2 class=\"ld-fh-element lqd-highlight-underline lqd-highlight-grow-left text-decoration-default\"   > <span class=\"ld-fh-underline\"><\/span> Che cos&#8217;\u00e8 il licopene?<\/h2><\/div>[vc_column_text css=&#8221;.vc_custom_1774602437037{padding-top: 30px !important;}&#8221;]Il <strong>Licopene<\/strong>\u00a0\u00e8 un pigmento naturale sintetizzato da alcune piante e microrganismi, ed \u00e8 particolarmente abbondante nei pomodori. Indubbiamente, la sua propriet\u00e0 pi\u00f9 interessante \u00e8 la capacit\u00e0 antiossidante. Questo gli conferisce propriet\u00e0 uniche, in quanto aiuta a prevenire le malattie cardiovascolari e degenerative e rafforza il sistema immunitario.[\/vc_column_text][\/vc_column][vc_column width=&#8221;1\/2&#8243;][vc_single_image image=&#8221;3807&#8243;][\/vc_column][\/vc_row][vc_row css=&#8221;.vc_custom_1768922800375{padding-top: 80px !important;padding-bottom: 80px !important;background-color: #f7f7f7 !important;}&#8221;][vc_column width=&#8221;1\/2&#8243;][vc_single_image image=&#8221;3917&#8243;][\/vc_column][vc_column width=&#8221;1\/2&#8243;]<style>.ld_fancy_heading_69da16ec41752 h2 {padding-top:50px !important;  } .ld_fancy_heading_69da16ec41752 .ld-fh-underline{height:5px;background:rgb(0, 162, 81);}.ld_fancy_heading_69da16ec41752 h2 {padding-top:50px !important;  } .ld_fancy_heading_69da16ec41752 .lqd-highlight-inner{height:0.275em!important;bottom:0px!important;}.ld_fancy_heading_69da16ec41752 h2 {padding-top:50px !important;  } <\/style><div class=\"ld-fancy-heading text-center ld_fancy_heading_69da16ec41752\">\n\t<h2 class=\"ld-fh-element lqd-highlight-underline lqd-highlight-grow-left text-decoration-default\"   > <span class=\"ld-fh-underline\"><\/span> Come si ottiene?<\/h2><\/div>[vc_column_text css=&#8221;.vc_custom_1774348847108{padding-top: 30px !important;}&#8221;]<strong>Tomates del Guadiana<\/strong> utilizza un processo di estrazione unico, rapido ed ecologico. Questa procedura, chiamata estrazione fluido-meccanica, non utilizza solventi organici ed \u00e8 pi\u00f9 veloce dei metodi di estrazione tradizionali. \u00c8 stata brevettata a livello mondiale e implementata a livello industriale da <strong>Tomates del Guadiana<\/strong>. Non utilizziamo solventi organici. Sfruttiamo la polpa di pomodoro come fonte di licopene, senza generare rifiuti. Il licopene disciolto nell&#8217;olio viene assorbito quasi completamente, riducendo significativamente il consumo energetico.[\/vc_column_text][\/vc_column][\/vc_row][vc_row css=&#8221;.vc_custom_1768925687487{padding-top: 50px !important;padding-bottom: 50px !important;}&#8221;][vc_column width=&#8221;5\/6&#8243; css=&#8221;.vc_custom_1768925577390{padding-top: 100px !important;padding-left: 100px !important;}&#8221;]<style>.ld_fancy_heading_69da16ec41976 h3 {font-size:20px; } .ld_fancy_heading_69da16ec41976 h3 {line-height:1.5em; } .ld_fancy_heading_69da16ec41976 h3 {--element-line-height:1.5em; } .ld_fancy_heading_69da16ec41976 h3 {margin-bottom:30px !important;  } @media (min-width: 992px) { .ld_fancy_heading_69da16ec41976 h3 {margin-bottom:0px !important;  }  } .ld_fancy_heading_69da16ec41976 .lqd-highlight-inner{height:0.275em!important;bottom:0px!important;}.ld_fancy_heading_69da16ec41976 h3 {font-size:20px; } .ld_fancy_heading_69da16ec41976 h3 {line-height:1.5em; } .ld_fancy_heading_69da16ec41976 h3 {--element-line-height:1.5em; } .ld_fancy_heading_69da16ec41976 h3 {margin-bottom:30px !important;  } @media (min-width: 992px) { .ld_fancy_heading_69da16ec41976 h3 {margin-bottom:0px !important;  }  } <\/style><div class=\"ld-fancy-heading ld_fancy_heading_69da16ec41976\">\n\t<h3 class=\"ld-fh-element lqd-highlight-underline lqd-highlight-grow-left text-decoration-default\"   >  Vieni a scoprire tutti i benefici del licopene attraverso il nostro <a href=\"http:\/\/s454091738.mialojamiento.es\/it\/contatto\/\">olio premium Li\u00f3leo<\/a> e la gamma di <a href=\"http:\/\/s454091738.mialojamiento.es\/it\/contatto\/\">cosmetici Licopen<\/a>.<\/h3><\/div><style>.ld_button_69da16ec41bb8.btn-icon-solid:hover .btn-icon{background:rgb(0, 162, 81);}.ld_button_69da16ec41bb8:hover{background-color:rgb(0, 162, 81);border-color:rgb(0, 162, 81);}.ld_button_69da16ec41bb8 .btn-gradient-bg-hover{background:-webkit-linear-gradient(to right, rgb(0, 162, 81) 0%, rgb(0, 162, 81) 100%);background:linear-gradient(to right, rgb(0, 162, 81) 0%, rgb(0, 162, 81) 100%);}.ld_button_69da16ec41bb8:hover .btn-gradient-border defs stop:first-child{stop-color:rgb(0, 162, 81);}.ld_button_69da16ec41bb8:hover .btn-gradient-border defs stop:last-child{stop-color:rgb(0, 162, 81);}.ld_button_69da16ec41bb8{box-shadow:0px 20px 60px 0px rgba(248,85,78,0.21);}<\/style><a href=\"http:\/\/s454091738.mialojamiento.es\/contacto\/\" title=\"Contacto\" class=\"btn btn-solid text-uppercase btn-hover-txt-liquid-y circle border-thin btn-has-label ld_button_69da16ec41bb8 vc_custom_1768925791646\" >\n\t<span>\n\t\n\t\t\t\t\t<span class=\"btn-txt\" data-text=\"Scopri i cosmetici Licopen\" data-split-text=\"true\"\n\t\t\t\t\t    data-split-options='{\"type\": \"chars, words\"}'>Scopri i cosmetici Licopen<\/span>\n\t\t\n\t\t\t\t\t<\/span>\n<\/a>\n<style>.ld_button_69da16ec42847.btn-icon-solid:hover .btn-icon{background:rgb(0, 162, 81);}.ld_button_69da16ec42847:hover{background-color:rgb(0, 162, 81);border-color:rgb(0, 162, 81);}.ld_button_69da16ec42847 .btn-gradient-bg-hover{background:-webkit-linear-gradient(to right, rgb(0, 162, 81) 0%, rgb(0, 162, 81) 100%);background:linear-gradient(to right, rgb(0, 162, 81) 0%, rgb(0, 162, 81) 100%);}.ld_button_69da16ec42847:hover .btn-gradient-border defs stop:first-child{stop-color:rgb(0, 162, 81);}.ld_button_69da16ec42847:hover .btn-gradient-border defs stop:last-child{stop-color:rgb(0, 162, 81);}.ld_button_69da16ec42847{box-shadow:0px 20px 60px 0px rgba(248,85,78,0.21);}<\/style><a href=\"#\" class=\"btn btn-solid text-uppercase btn-hover-txt-liquid-y circle border-thin btn-has-label ld_button_69da16ec42847 vc_custom_1768925227624\" data-localscroll=\"true\" data-localscroll-options=\"{&quot;scrollBelowSection&quot;:true}\" >\n\t<span>\n\t\n\t\t\t\t\t<span class=\"btn-txt\" data-text=\"Conoce Aceites Li\u00f3leo\" data-split-text=\"true\"\n\t\t\t\t\t    data-split-options='{\"type\": \"chars, words\"}'>Conoce Aceites Li\u00f3leo<\/span>\n\t\t\n\t\t\t\t\t<\/span>\n<\/a>\n[\/vc_column][vc_column width=&#8221;1\/6&#8243;][vc_single_image image=&#8221;3839&#8243;][vc_single_image image=&#8221;3840&#8243;][\/vc_column][\/vc_row][vc_row css=&#8221;.vc_custom_1768907452717{margin-bottom: 0px !important;padding-bottom: 0px !important;background-image: url(http:\/\/s454091738.mialojamiento.es\/wp-content\/uploads\/2026\/01\/trama-footer.png?id=3660) !important;background-position: 0 0 !important;background-repeat: no-repeat !important;}&#8221;][vc_column css=&#8221;.vc_custom_1768907583173{margin-bottom: 0px !important;padding-top: 30px !important;padding-bottom: 5px !important;}&#8221;][\/vc_column][\/vc_row]<\/p>\n","protected":false},"excerpt":{"rendered":"<p>[vc_row css=&#8221;.vc_custom_1768906398751{padding-top: 80px !important;padding-bottom: 80px !important;}&#8221;][vc_column width=&#8221;1\/2&#8243;][vc_column_text css=&#8221;.vc_custom_1774602437037{padding-top: 30px !important;}&#8221;]Il Licopene\u00a0\u00e8 un pigmento naturale sintetizzato da alcune piante e microrganismi, ed \u00e8 particolarmente abbondante nei pomodori. Indubbiamente, la sua propriet\u00e0 pi\u00f9 interessante \u00e8 la capacit\u00e0 antiossidante. Questo gli conferisce propriet\u00e0 uniche, in quanto aiuta a prevenire le malattie cardiovascolari e degenerative e rafforza il sistema [&hellip;]<\/p>\n","protected":false},"author":1,"featured_media":0,"parent":0,"menu_order":0,"comment_status":"closed","ping_status":"closed","template":"","meta":{"footnotes":""},"class_list":["post-4374","page","type-page","status-publish","hentry"],"_links":{"self":[{"href":"http:\/\/s454091738.mialojamiento.es\/it\/wp-json\/wp\/v2\/pages\/4374","targetHints":{"allow":["GET"]}}],"collection":[{"href":"http:\/\/s454091738.mialojamiento.es\/it\/wp-json\/wp\/v2\/pages"}],"about":[{"href":"http:\/\/s454091738.mialojamiento.es\/it\/wp-json\/wp\/v2\/types\/page"}],"author":[{"embeddable":true,"href":"http:\/\/s454091738.mialojamiento.es\/it\/wp-json\/wp\/v2\/users\/1"}],"replies":[{"embeddable":true,"href":"http:\/\/s454091738.mialojamiento.es\/it\/wp-json\/wp\/v2\/comments?post=4374"}],"version-history":[{"count":6,"href":"http:\/\/s454091738.mialojamiento.es\/it\/wp-json\/wp\/v2\/pages\/4374\/revisions"}],"predecessor-version":[{"id":4852,"href":"http:\/\/s454091738.mialojamiento.es\/it\/wp-json\/wp\/v2\/pages\/4374\/revisions\/4852"}],"wp:attachment":[{"href":"http:\/\/s454091738.mialojamiento.es\/it\/wp-json\/wp\/v2\/media?parent=4374"}],"curies":[{"name":"wp","href":"https:\/\/api.w.org\/{rel}","templated":true}]}}