{"id":4267,"date":"2026-01-20T12:18:13","date_gmt":"2026-01-20T11:18:13","guid":{"rendered":"http:\/\/s454091738.mialojamiento.es\/produits\/"},"modified":"2026-03-24T11:02:59","modified_gmt":"2026-03-24T10:02:59","slug":"produits","status":"publish","type":"page","link":"http:\/\/s454091738.mialojamiento.es\/fr\/produits\/","title":{"rendered":"Produits"},"content":{"rendered":"<p>[vc_row css=\u00a0\u00bb.vc_custom_1768906398751{padding-top: 80px !important;padding-bottom: 80px !important;}\u00a0\u00bb][vc_column width=\u00a0\u00bb1\/2&Prime;][vc_column_text css=\u00a0\u00bb.vc_custom_1774346533364{padding-top: 50px !important;}\u00a0\u00bb]L&rsquo;activit\u00e9 principale de <strong>Tomates del Guadiana<\/strong> est la transformation de tomates fra\u00eeches en concentr\u00e9s de tomates de diff\u00e9rentes vari\u00e9t\u00e9s. Nous produisons de la pur\u00e9e de tomates, des sauces \u00e0 pizza, des concentr\u00e9s triple et double, ainsi que des jus.<\/p>\n<p>De plus, <strong>Tomates del Guadiana<\/strong> s&rsquo;engage \u00e0 produire des pur\u00e9es de fruits \u00e0 base de nectarines, de prunes, de p\u00eaches et de poires. Voici la liste de nos principaux produits\u00a0:[\/vc_column_text][\/vc_column][vc_column width=\u00a0\u00bb1\/2&Prime;][vc_single_image image=\u00a0\u00bb3717&Prime;][\/vc_column][\/vc_row][vc_row css=\u00a0\u00bb.vc_custom_1768909318612{padding-top: 80px !important;padding-bottom: 80px !important;background-color: #f7f7f7 !important;}\u00a0\u00bb][vc_column width=\u00a0\u00bb1\/2&Prime;]<style>.ld_fancy_heading_69d7d7563a756 h2 {padding-top:70px !important;  } .ld_fancy_heading_69d7d7563a756 h2 {margin-bottom:0.95em !important;  } .ld_fancy_heading_69d7d7563a756 .ld-fh-underline{height:5px;background:rgb(0, 162, 81);}.ld_fancy_heading_69d7d7563a756 h2 {padding-top:70px !important;  } .ld_fancy_heading_69d7d7563a756 h2 {margin-bottom:0.95em !important;  } .ld_fancy_heading_69d7d7563a756 .lqd-highlight-inner{height:0.275em!important;bottom:0px!important;}.ld_fancy_heading_69d7d7563a756 h2 {padding-top:70px !important;  } .ld_fancy_heading_69d7d7563a756 h2 {margin-bottom:0.95em !important;  } <\/style><div class=\"ld-fancy-heading text-center ld_fancy_heading_69d7d7563a756\">\n\t<h2 class=\"ld-fh-element lqd-highlight-underline lqd-highlight-grow-left text-decoration-default\"   > <span class=\"ld-fh-underline\"><\/span> Produits \u00e0 base de tomates<\/h2><\/div>[vc_row_inner css=\u00a0\u00bb.vc_custom_1768909390394{padding-top: 30px !important;}\u00a0\u00bb][vc_column_inner width=\u00a0\u00bb1\/3&Prime;][vc_single_image image=\u00a0\u00bb3732&Prime; onclick=\u00a0\u00bblink_image\u00a0\u00bb][\/vc_column_inner][vc_column_inner width=\u00a0\u00bb1\/3&Prime;][vc_single_image image=\u00a0\u00bb3731&Prime; onclick=\u00a0\u00bblink_image\u00a0\u00bb][\/vc_column_inner][vc_column_inner width=\u00a0\u00bb1\/3&Prime;][vc_single_image image=\u00a0\u00bb3730&Prime; onclick=\u00a0\u00bblink_image\u00a0\u00bb][\/vc_column_inner][\/vc_row_inner][\/vc_column][vc_column width=\u00a0\u00bb1\/2&Prime;]<style>.vc_accordion_69d7d7563b80e .accordion-title{font-size:16px;line-height:1.5em;font-weight:700;}.vc_accordion_69d7d7563b80e .accordion-title a{color:rgb(24, 67, 65);background:rgb(248, 245, 243);}.vc_accordion_69d7d7563b80e .accordion-item.active .accordion-title a{color:rgb(255, 255, 255);background:rgb(232, 59, 78);}.vc_accordion_69d7d7563b80e .accordion-title a, .vc_accordion_69d7d7563b80e .accordion-item{border-color:rgb(255, 250, 247);}.vc_accordion_69d7d7563b80e .accordion-item.active .accordion-title a, .vc_accordion_69d7d7563b80e .accordion-item.active{border-color:rgb(24, 67, 65);}.vc_accordion_69d7d7563b80e .accordion-item:not(:last-child){margin-bottom:30px;}.vc_accordion_69d7d7563b80e .accordion-expander{color:rgb(24, 67, 65);}.vc_accordion_69d7d7563b80e .accordion-item.active .accordion-expander{color:rgb(255, 255, 255);}<\/style><div class=\"accordion accordion-lg accordion-active-has-fill accordion-title-bordered accordion-title-round accordion-expander-lg vc_accordion_69d7d7563b80e\" id=\"vc_accordion_69d7d7563b80e\"\n     role=\"tablist\" aria-multiselectable=\"true\">\n\n\t            <div class=\"accordion-item panel  active \">\n\n                <div class=\"accordion-heading\" role=\"tab\" id=\"heading_ld-1576843306949-c9811b96-fe6b0e1a-698e\" data-id=\"ld-1576843306949-c9811b96-fe6b0e1a-698e\">\n                    <h4 class=\"accordion-title\" data-controls=\"ld-1576843306949-c9811b96-fe6b0e1a-698e\" tabindex=\"-1\">\n                        <a tabindex=\"0\" class=\"\" data-toggle=\"collapse\"  data-bs-toggle=\"collapse\"\n                           data-parent=\"#vc_accordion_69d7d7563b80e\" data-bs-parent=\"#vc_accordion_69d7d7563b80e\" href=\"#ld-1576843306949-c9811b96-fe6b0e1a-698e\" data-bs-target=\"#ld-1576843306949-c9811b96-fe6b0e1a-698e\"\n                           aria-expanded=\"true\" aria-controls=\"ld-1576843306949-c9811b96-fe6b0e1a-698e\">\n\n\t\t\t\t\t\t\t\n\t\t\t\t\t\t\tPASTA DE TOMATE\n\t\t\t\t\t\t\t                                <span class=\"accordion-expander\">\n\t\t\t\t\t\t\t\t\t\t\t\t\t\t\t\t\t\t\t<i class=\"lqd-icn-ess icon-ion-ios-arrow-down\"><\/i>\n\t\t\t\t\t\t\t\t\t\n\t\t\t\t\t\t\t\t\t\t\t\t\t\t\t\t\t\t\t<i class=\"lqd-icn-ess icon-ion-ios-arrow-up\"><\/i>\n\t\t\t\t\t\t\t\t\t\t\t\t\t\t\t\t\t<\/span>\n\t\t\t\t\t\t\t\n                        <\/a>\n\n                    <\/h4>\n                <\/div>\n\n                <div id=\"ld-1576843306949-c9811b96-fe6b0e1a-698e\" class=\"accordion-collapse collapse show\"\n                    data-bs-parent=\"#vc_accordion_69d7d7563b80e\" role=\"tabpanel\" aria-labelledby=\"heading_ld-1576843306949-c9811b96-fe6b0e1a-698e\">\n                    <div class=\"accordion-content\">\n\t\t\t\t\t\t<style>.ld_fancy_heading_69d7d7563adb7 p {margin-bottom:0px !important;  } .ld_fancy_heading_69d7d7563adb7 .lqd-highlight-inner{height:0.275em!important;bottom:0px!important;}.ld_fancy_heading_69d7d7563adb7 p {margin-bottom:0px !important;  } <\/style><div class=\"ld-fancy-heading ld_fancy_heading_69d7d7563adb7\">\n\t<p class=\"ld-fh-element lqd-highlight-underline lqd-highlight-grow-left text-decoration-default\"   >  <strong>Vari\u00e9t\u00e9\/concentration : <\/strong>Hot Break 28\/30, 30\/32 \u00b7 Cold Break 28\/30, 36\/38<\/p>\n<p><strong>Conditionnement : <\/strong>f\u00fbt de 240 kg, Good-Pack : 1600 kg. F\u00fbts de 240 kg et 245 kg, Good-Pack : 1600 kg. Sacs de 10 kg, 20 kg et 21 kg en bo\u00eetes en carton.<\/p><\/div>                    <\/div>\n                <\/div>\n            <\/div>\n\t\t\t            <div class=\"accordion-item panel  \">\n\n                <div class=\"accordion-heading\" role=\"tab\" id=\"heading_ld-1576843455029-57b05fca-b4010e1a-698e\" data-id=\"ld-1576843455029-57b05fca-b4010e1a-698e\">\n                    <h4 class=\"accordion-title\" data-controls=\"ld-1576843455029-57b05fca-b4010e1a-698e\" tabindex=\"-1\">\n                        <a tabindex=\"0\" class=\"collapsed\" data-toggle=\"collapse\"  data-bs-toggle=\"collapse\"\n                           data-parent=\"#vc_accordion_69d7d7563b80e\" data-bs-parent=\"#vc_accordion_69d7d7563b80e\" href=\"#ld-1576843455029-57b05fca-b4010e1a-698e\" data-bs-target=\"#ld-1576843455029-57b05fca-b4010e1a-698e\"\n                           aria-expanded=\"false\" aria-controls=\"ld-1576843455029-57b05fca-b4010e1a-698e\">\n\n\t\t\t\t\t\t\t\n\t\t\t\t\t\t\tSALSA PIZZA\n\t\t\t\t\t\t\t                                <span class=\"accordion-expander\">\n\t\t\t\t\t\t\t\t\t\t\t\t\t\t\t\t\t\t\t<i class=\"lqd-icn-ess icon-ion-ios-arrow-down\"><\/i>\n\t\t\t\t\t\t\t\t\t\n\t\t\t\t\t\t\t\t\t\t\t\t\t\t\t\t\t\t\t<i class=\"lqd-icn-ess icon-ion-ios-arrow-up\"><\/i>\n\t\t\t\t\t\t\t\t\t\t\t\t\t\t\t\t\t<\/span>\n\t\t\t\t\t\t\t\n                        <\/a>\n\n                    <\/h4>\n                <\/div>\n\n                <div id=\"ld-1576843455029-57b05fca-b4010e1a-698e\" class=\"accordion-collapse collapse\"\n                    data-bs-parent=\"#vc_accordion_69d7d7563b80e\" role=\"tabpanel\" aria-labelledby=\"heading_ld-1576843455029-57b05fca-b4010e1a-698e\">\n                    <div class=\"accordion-content\">\n\t\t\t\t\t\t<style>.ld_fancy_heading_69d7d7563b107 p {margin-bottom:0px !important;  } .ld_fancy_heading_69d7d7563b107 .lqd-highlight-inner{height:0.275em!important;bottom:0px!important;}.ld_fancy_heading_69d7d7563b107 p {margin-bottom:0px !important;  } <\/style><div class=\"ld-fancy-heading ld_fancy_heading_69d7d7563b107\">\n\t<p class=\"ld-fh-element lqd-highlight-underline lqd-highlight-grow-left text-decoration-default\"   >  <strong>Vari\u00e9t\u00e9\/concentration : <\/strong>Hot Break 10\/12, 12\/14, 14\/16, 6\/8 et 8\/10.<\/p>\n<p><strong>Conditionnement :<\/strong> f\u00fbts de 220 kg et 210 kg ; sacs de 10 kg, 20 kg et 21 kg en cartons.<\/p><\/div>                    <\/div>\n                <\/div>\n            <\/div>\n\t\t\t            <div class=\"accordion-item panel  \">\n\n                <div class=\"accordion-heading\" role=\"tab\" id=\"heading_ld-1576843473475-7ad9f679-ee460e1a-698e\" data-id=\"ld-1576843473475-7ad9f679-ee460e1a-698e\">\n                    <h4 class=\"accordion-title\" data-controls=\"ld-1576843473475-7ad9f679-ee460e1a-698e\" tabindex=\"-1\">\n                        <a tabindex=\"0\" class=\"collapsed\" data-toggle=\"collapse\"  data-bs-toggle=\"collapse\"\n                           data-parent=\"#vc_accordion_69d7d7563b80e\" data-bs-parent=\"#vc_accordion_69d7d7563b80e\" href=\"#ld-1576843473475-7ad9f679-ee460e1a-698e\" data-bs-target=\"#ld-1576843473475-7ad9f679-ee460e1a-698e\"\n                           aria-expanded=\"false\" aria-controls=\"ld-1576843473475-7ad9f679-ee460e1a-698e\">\n\n\t\t\t\t\t\t\t\n\t\t\t\t\t\t\tZUMO\n\t\t\t\t\t\t\t                                <span class=\"accordion-expander\">\n\t\t\t\t\t\t\t\t\t\t\t\t\t\t\t\t\t\t\t<i class=\"lqd-icn-ess icon-ion-ios-arrow-down\"><\/i>\n\t\t\t\t\t\t\t\t\t\n\t\t\t\t\t\t\t\t\t\t\t\t\t\t\t\t\t\t\t<i class=\"lqd-icn-ess icon-ion-ios-arrow-up\"><\/i>\n\t\t\t\t\t\t\t\t\t\t\t\t\t\t\t\t\t<\/span>\n\t\t\t\t\t\t\t\n                        <\/a>\n\n                    <\/h4>\n                <\/div>\n\n                <div id=\"ld-1576843473475-7ad9f679-ee460e1a-698e\" class=\"accordion-collapse collapse\"\n                    data-bs-parent=\"#vc_accordion_69d7d7563b80e\" role=\"tabpanel\" aria-labelledby=\"heading_ld-1576843473475-7ad9f679-ee460e1a-698e\">\n                    <div class=\"accordion-content\">\n\t\t\t\t\t\t<style>.ld_fancy_heading_69d7d7563b3e4 p {margin-bottom:0px !important;  } .ld_fancy_heading_69d7d7563b3e4 .lqd-highlight-inner{height:0.275em!important;bottom:0px!important;}.ld_fancy_heading_69d7d7563b3e4 p {margin-bottom:0px !important;  } <\/style><div class=\"ld-fancy-heading ld_fancy_heading_69d7d7563b3e4\">\n\t<p class=\"ld-fh-element lqd-highlight-underline lqd-highlight-grow-left text-decoration-default\"   >  <strong>Vari\u00e9t\u00e9\/Concentration : <\/strong>Cold Break 6, 10.<\/p>\n<p>Conditionnement : F\u00fbt de 210 kg.<\/p><\/div>                    <\/div>\n                <\/div>\n            <\/div>\n\t\t\t            <div class=\"accordion-item panel  \">\n\n                <div class=\"accordion-heading\" role=\"tab\" id=\"heading_lqd-1768908709098-ccfae6d2-2759\" data-id=\"lqd-1768908709098-ccfae6d2-2759\">\n                    <h4 class=\"accordion-title\" data-controls=\"lqd-1768908709098-ccfae6d2-2759\" tabindex=\"-1\">\n                        <a tabindex=\"0\" class=\"collapsed\" data-toggle=\"collapse\"  data-bs-toggle=\"collapse\"\n                           data-parent=\"#vc_accordion_69d7d7563b80e\" data-bs-parent=\"#vc_accordion_69d7d7563b80e\" href=\"#lqd-1768908709098-ccfae6d2-2759\" data-bs-target=\"#lqd-1768908709098-ccfae6d2-2759\"\n                           aria-expanded=\"false\" aria-controls=\"lqd-1768908709098-ccfae6d2-2759\">\n\n\t\t\t\t\t\t\t\n\t\t\t\t\t\t\tPULPA FINA\n\t\t\t\t\t\t\t                                <span class=\"accordion-expander\">\n\t\t\t\t\t\t\t\t\t\t\t\t\t\t\t\t\t\t\t<i class=\"lqd-icn-ess icon-ion-ios-arrow-down\"><\/i>\n\t\t\t\t\t\t\t\t\t\n\t\t\t\t\t\t\t\t\t\t\t\t\t\t\t\t\t\t\t<i class=\"lqd-icn-ess icon-ion-ios-arrow-up\"><\/i>\n\t\t\t\t\t\t\t\t\t\t\t\t\t\t\t\t\t<\/span>\n\t\t\t\t\t\t\t\n                        <\/a>\n\n                    <\/h4>\n                <\/div>\n\n                <div id=\"lqd-1768908709098-ccfae6d2-2759\" class=\"accordion-collapse collapse\"\n                    data-bs-parent=\"#vc_accordion_69d7d7563b80e\" role=\"tabpanel\" aria-labelledby=\"heading_lqd-1768908709098-ccfae6d2-2759\">\n                    <div class=\"accordion-content\">\n\t\t\t\t\t\t<style>.ld_fancy_heading_69d7d7563b6cb .lqd-highlight-inner{height:0.275em!important;bottom:0px!important;}<\/style><div class=\"ld-fancy-heading ld_fancy_heading_69d7d7563b6cb\">\n\t<p class=\"ld-fh-element lqd-highlight-underline lqd-highlight-grow-left text-decoration-default\"   >  <strong>Vari\u00e9t\u00e9\/concentration :<\/strong> 6\/8.<\/p>\n<p><strong>Conditionnement : <\/strong>f\u00fbts de 215 kg et 210 kg ; sacs de 10 kg, 20 kg et 21 kg en cartons.<\/p><\/div>                    <\/div>\n                <\/div>\n            <\/div>\n\t\t\t<\/div>[\/vc_column][\/vc_row][vc_row css=\u00a0\u00bb.vc_custom_1768909827962{padding-top: 80px !important;padding-bottom: 100px !important;background-color: #ffffff !important;}\u00a0\u00bb][vc_column width=\u00a0\u00bb1\/2&Prime; css=\u00a0\u00bb.vc_custom_1768909774559{padding-top: 100px !important;}\u00a0\u00bb]<style>.vc_accordion_69d7d7563bd57 .accordion-title{font-size:16px;line-height:1.5em;font-weight:700;}.vc_accordion_69d7d7563bd57 .accordion-title a{color:rgb(24, 67, 65);background:rgb(248, 245, 243);}.vc_accordion_69d7d7563bd57 .accordion-item.active .accordion-title a{color:rgb(255, 255, 255);background:rgb(232, 59, 78);}.vc_accordion_69d7d7563bd57 .accordion-title a, .vc_accordion_69d7d7563bd57 .accordion-item{border-color:rgb(255, 250, 247);}.vc_accordion_69d7d7563bd57 .accordion-item.active .accordion-title a, .vc_accordion_69d7d7563bd57 .accordion-item.active{border-color:rgb(24, 67, 65);}.vc_accordion_69d7d7563bd57 .accordion-item:not(:last-child){margin-bottom:30px;}.vc_accordion_69d7d7563bd57 .accordion-expander{color:rgb(24, 67, 65);}.vc_accordion_69d7d7563bd57 .accordion-item.active .accordion-expander{color:rgb(255, 255, 255);}<\/style><div class=\"accordion accordion-lg accordion-active-has-fill accordion-title-bordered accordion-title-round accordion-expander-lg vc_accordion_69d7d7563bd57\" id=\"vc_accordion_69d7d7563bd57\"\n     role=\"tablist\" aria-multiselectable=\"true\">\n\n\t            <div class=\"accordion-item panel  active \">\n\n                <div class=\"accordion-heading\" role=\"tab\" id=\"heading_lqd-1768909436322-520db6da-01e5\" data-id=\"lqd-1768909436322-520db6da-01e5\">\n                    <h4 class=\"accordion-title\" data-controls=\"lqd-1768909436322-520db6da-01e5\" tabindex=\"-1\">\n                        <a tabindex=\"0\" class=\"\" data-toggle=\"collapse\"  data-bs-toggle=\"collapse\"\n                           data-parent=\"#vc_accordion_69d7d7563bd57\" data-bs-parent=\"#vc_accordion_69d7d7563bd57\" href=\"#lqd-1768909436322-520db6da-01e5\" data-bs-target=\"#lqd-1768909436322-520db6da-01e5\"\n                           aria-expanded=\"true\" aria-controls=\"lqd-1768909436322-520db6da-01e5\">\n\n\t\t\t\t\t\t\t\n\t\t\t\t\t\t\tVARIEDADES DE FRUTAS\n\t\t\t\t\t\t\t                                <span class=\"accordion-expander\">\n\t\t\t\t\t\t\t\t\t\t\t\t\t\t\t\t\t\t\t<i class=\"lqd-icn-ess icon-ion-ios-arrow-down\"><\/i>\n\t\t\t\t\t\t\t\t\t\n\t\t\t\t\t\t\t\t\t\t\t\t\t\t\t\t\t\t\t<i class=\"lqd-icn-ess icon-ion-ios-arrow-up\"><\/i>\n\t\t\t\t\t\t\t\t\t\t\t\t\t\t\t\t\t<\/span>\n\t\t\t\t\t\t\t\n                        <\/a>\n\n                    <\/h4>\n                <\/div>\n\n                <div id=\"lqd-1768909436322-520db6da-01e5\" class=\"accordion-collapse collapse show\"\n                    data-bs-parent=\"#vc_accordion_69d7d7563bd57\" role=\"tabpanel\" aria-labelledby=\"heading_lqd-1768909436322-520db6da-01e5\">\n                    <div class=\"accordion-content\">\n\t\t\t\t\t\t<style>.ld_fancy_heading_69d7d7563bbfb p {margin-bottom:0px !important;  } .ld_fancy_heading_69d7d7563bbfb .lqd-highlight-inner{height:0.275em!important;bottom:0px!important;}.ld_fancy_heading_69d7d7563bbfb p {margin-bottom:0px !important;  } <\/style><div class=\"ld-fancy-heading ld_fancy_heading_69d7d7563bbfb\">\n\t<p class=\"ld-fh-element lqd-highlight-underline lqd-highlight-grow-left text-decoration-default\"   >  <strong>Vari\u00e9t\u00e9s :<\/strong> P\u00eache, nectarine, prune, abricot, coing, poire.<br \/>\nConcentration : Pur\u00e9e, 20\/22, 30\/32, 40\/45.<br \/>\n<strong>Conditionnement : <\/strong>F\u00fbts de 240 kg, 230 kg et 220 kg.<\/p><\/div>                    <\/div>\n                <\/div>\n            <\/div>\n\t\t\t<\/div>[\/vc_column][vc_column width=\u00a0\u00bb1\/2&Prime;][vc_single_image image=\u00a0\u00bb3564&Prime; alignment=\u00a0\u00bbcenter\u00a0\u00bb]<style>.ld_fancy_heading_69d7d7563bfad h2 {margin-bottom:0.95em !important;  } .ld_fancy_heading_69d7d7563bfad .ld-fh-underline{height:5px;background:rgb(0, 162, 81);}.ld_fancy_heading_69d7d7563bfad h2 {margin-bottom:0.95em !important;  } .ld_fancy_heading_69d7d7563bfad .lqd-highlight-inner{height:0.275em!important;bottom:0px!important;}.ld_fancy_heading_69d7d7563bfad h2 {margin-bottom:0.95em !important;  } <\/style><div class=\"ld-fancy-heading text-center ld_fancy_heading_69d7d7563bfad\">\n\t<h2 class=\"ld-fh-element lqd-highlight-underline lqd-highlight-grow-left text-decoration-default\"   > <span class=\"ld-fh-underline\"><\/span> Produits \u00e0 base de fruits<\/h2><\/div>[vc_row_inner css=\u00a0\u00bb.vc_custom_1768909390394{padding-top: 30px !important;}\u00a0\u00bb][vc_column_inner width=\u00a0\u00bb2\/3&Prime;][vc_single_image image=\u00a0\u00bb3741&Prime; onclick=\u00a0\u00bblink_image\u00a0\u00bb][\/vc_column_inner][vc_column_inner width=\u00a0\u00bb1\/3&Prime;][vc_single_image image=\u00a0\u00bb3740&Prime; onclick=\u00a0\u00bblink_image\u00a0\u00bb][\/vc_column_inner][\/vc_row_inner][\/vc_column][\/vc_row][vc_row css=\u00a0\u00bb.vc_custom_1768907452717{margin-bottom: 0px !important;padding-bottom: 0px !important;background-image: url(http:\/\/s454091738.mialojamiento.es\/wp-content\/uploads\/2026\/01\/trama-footer.png?id=3660) !important;background-position: 0 0 !important;background-repeat: no-repeat !important;}\u00a0\u00bb][vc_column css=\u00a0\u00bb.vc_custom_1768907583173{margin-bottom: 0px !important;padding-top: 30px !important;padding-bottom: 5px !important;}\u00a0\u00bb][\/vc_column][\/vc_row]<\/p>\n","protected":false},"excerpt":{"rendered":"<p>[vc_row css=\u00a0\u00bb.vc_custom_1768906398751{padding-top: 80px !important;padding-bottom: 80px !important;}\u00a0\u00bb][vc_column width=\u00a0\u00bb1\/2&Prime;][vc_column_text css=\u00a0\u00bb.vc_custom_1774346533364{padding-top: 50px !important;}\u00a0\u00bb]L&rsquo;activit\u00e9 principale de Tomates del Guadiana est la transformation de tomates fra\u00eeches en concentr\u00e9s de tomates de diff\u00e9rentes vari\u00e9t\u00e9s. Nous produisons de la pur\u00e9e de tomates, des sauces \u00e0 pizza, des concentr\u00e9s triple et double, ainsi que des jus. De plus, Tomates del Guadiana s&rsquo;engage \u00e0 [&hellip;]<\/p>\n","protected":false},"author":1,"featured_media":0,"parent":0,"menu_order":0,"comment_status":"closed","ping_status":"closed","template":"","meta":{"footnotes":""},"class_list":["post-4267","page","type-page","status-publish","hentry"],"_links":{"self":[{"href":"http:\/\/s454091738.mialojamiento.es\/fr\/wp-json\/wp\/v2\/pages\/4267","targetHints":{"allow":["GET"]}}],"collection":[{"href":"http:\/\/s454091738.mialojamiento.es\/fr\/wp-json\/wp\/v2\/pages"}],"about":[{"href":"http:\/\/s454091738.mialojamiento.es\/fr\/wp-json\/wp\/v2\/types\/page"}],"author":[{"embeddable":true,"href":"http:\/\/s454091738.mialojamiento.es\/fr\/wp-json\/wp\/v2\/users\/1"}],"replies":[{"embeddable":true,"href":"http:\/\/s454091738.mialojamiento.es\/fr\/wp-json\/wp\/v2\/comments?post=4267"}],"version-history":[{"count":3,"href":"http:\/\/s454091738.mialojamiento.es\/fr\/wp-json\/wp\/v2\/pages\/4267\/revisions"}],"predecessor-version":[{"id":4734,"href":"http:\/\/s454091738.mialojamiento.es\/fr\/wp-json\/wp\/v2\/pages\/4267\/revisions\/4734"}],"wp:attachment":[{"href":"http:\/\/s454091738.mialojamiento.es\/fr\/wp-json\/wp\/v2\/media?parent=4267"}],"curies":[{"name":"wp","href":"https:\/\/api.w.org\/{rel}","templated":true}]}}