{"id":4263,"date":"2026-01-20T12:52:57","date_gmt":"2026-01-20T11:52:57","guid":{"rendered":"http:\/\/s454091738.mialojamiento.es\/production\/"},"modified":"2026-03-24T11:05:29","modified_gmt":"2026-03-24T10:05:29","slug":"production","status":"publish","type":"page","link":"http:\/\/s454091738.mialojamiento.es\/fr\/production\/","title":{"rendered":"Production"},"content":{"rendered":"<p>[vc_row css=\u00a0\u00bb.vc_custom_1768906398751{padding-top: 80px !important;padding-bottom: 80px !important;}\u00a0\u00bb][vc_column width=\u00a0\u00bb1\/2&Prime;][vc_single_image image=\u00a0\u00bb3750&Prime;][\/vc_column][vc_column width=\u00a0\u00bb1\/2&Prime;]<style>.ld_fancy_heading_69da04471e919 h2 {margin-bottom:0.35em !important;  } .ld_fancy_heading_69da04471e919 .ld-fh-underline{height:5px;background:rgb(0, 162, 81);}.ld_fancy_heading_69da04471e919 h2 {margin-bottom:0.35em !important;  } .ld_fancy_heading_69da04471e919 .lqd-highlight-inner{height:0.275em!important;bottom:0px!important;}.ld_fancy_heading_69da04471e919 h2 {margin-bottom:0.35em !important;  } <\/style><div class=\"ld-fancy-heading text-left ld_fancy_heading_69da04471e919\">\n\t<h2 class=\"ld-fh-element lqd-highlight-underline lqd-highlight-grow-left text-decoration-default\"   > <span class=\"ld-fh-underline\"><\/span> La vie de notre tomate<\/h2><\/div>[vc_column_text css=\u00a0\u00bb.vc_custom_1774346674144{padding-top: 20px !important;}\u00a0\u00bb]<strong>Tomates del Guadiana<\/strong> est situ\u00e9e dans la r\u00e9gion de Vegas Altas, sur les rives du Guadiana, \u00e0 Badajoz. Forte d&rsquo;une longue exp\u00e9rience dans la culture de la tomate et d&rsquo;une r\u00e9putation d&rsquo;excellence, l&rsquo;entreprise b\u00e9n\u00e9ficie d&rsquo;un emplacement privil\u00e9gi\u00e9, au c\u0153ur des terres agricoles, ce qui lui permet de r\u00e9duire les d\u00e9lais de r\u00e9colte. Ces faibles d\u00e9lais garantissent une pr\u00e9servation optimale des qualit\u00e9s nutritionnelles et environnementale et contribuent directement \u00e0 la r\u00e9duction de son impact.<\/p>\n<p>Les installations de <strong>Tomates del Guadiana<\/strong> ont une capacit\u00e9 de traitement de 400\u00a0000 tonnes de tomates fra\u00eeches par an, soit 8,2 millions de kilos par jour. Gr\u00e2ce \u00e0 son r\u00e9cent agrandissement, <strong>Tomates del Guadiana<\/strong> est devenue la premi\u00e8re usine de transformation de tomates en Europe en termes de capacit\u00e9 de production journali\u00e8re.[\/vc_column_text][\/vc_column][\/vc_row][vc_row css=\u00a0\u00bb.vc_custom_1768906460424{padding-top: 100px !important;padding-bottom: 100px !important;background-color: #f7f7f7 !important;}\u00a0\u00bb][vc_column width=\u00a0\u00bb1\/4&Prime; css=\u00a0\u00bb.vc_custom_1768910419816{padding-top: 100px !important;}\u00a0\u00bb][vc_single_image image=\u00a0\u00bb3564&Prime; alignment=\u00a0\u00bbcenter\u00a0\u00bb]<style>.ld_fancy_heading_69da04471ee98 h2 {margin-bottom:0.35em !important;  } .ld_fancy_heading_69da04471ee98 .lqd-highlight-inner{height:0.275em!important;bottom:0px!important;}.ld_fancy_heading_69da04471ee98 h2 {margin-bottom:0.35em !important;  } <\/style><div class=\"ld-fancy-heading text-center ld_fancy_heading_69da04471ee98\">\n\t<h2 class=\"ld-fh-element lqd-highlight-underline lqd-highlight-grow-left text-decoration-default\"   >  R\u00e9colte des tomates pour la production<\/h2><\/div>[\/vc_column][vc_column width=\u00a0\u00bb3\/4&Prime;][vc_video link=\u00a0\u00bbhttps:\/\/vimeo.com\/182528612?fl=pl&amp;fe=cm\u00a0\u00bb][\/vc_column][\/vc_row][vc_row css=\u00a0\u00bb.vc_custom_1768907452717{margin-bottom: 0px !important;padding-bottom: 0px !important;background-image: url(http:\/\/s454091738.mialojamiento.es\/wp-content\/uploads\/2026\/01\/trama-footer.png?id=3660) !important;background-position: 0 0 !important;background-repeat: no-repeat !important;}\u00a0\u00bb][vc_column css=\u00a0\u00bb.vc_custom_1768907583173{margin-bottom: 0px !important;padding-top: 30px !important;padding-bottom: 5px !important;}\u00a0\u00bb][\/vc_column][\/vc_row]<\/p>\n","protected":false},"excerpt":{"rendered":"<p>[vc_row css=\u00a0\u00bb.vc_custom_1768906398751{padding-top: 80px !important;padding-bottom: 80px !important;}\u00a0\u00bb][vc_column width=\u00a0\u00bb1\/2&Prime;][vc_single_image image=\u00a0\u00bb3750&Prime;][\/vc_column][vc_column width=\u00a0\u00bb1\/2&Prime;][vc_column_text css=\u00a0\u00bb.vc_custom_1774346674144{padding-top: 20px !important;}\u00a0\u00bb]Tomates del Guadiana est situ\u00e9e dans la r\u00e9gion de Vegas Altas, sur les rives du Guadiana, \u00e0 Badajoz. Forte d&rsquo;une longue exp\u00e9rience dans la culture de la tomate et d&rsquo;une r\u00e9putation d&rsquo;excellence, l&rsquo;entreprise b\u00e9n\u00e9ficie d&rsquo;un emplacement privil\u00e9gi\u00e9, au c\u0153ur des terres agricoles, ce qui [&hellip;]<\/p>\n","protected":false},"author":1,"featured_media":0,"parent":0,"menu_order":0,"comment_status":"closed","ping_status":"closed","template":"","meta":{"footnotes":""},"class_list":["post-4263","page","type-page","status-publish","hentry"],"_links":{"self":[{"href":"http:\/\/s454091738.mialojamiento.es\/fr\/wp-json\/wp\/v2\/pages\/4263","targetHints":{"allow":["GET"]}}],"collection":[{"href":"http:\/\/s454091738.mialojamiento.es\/fr\/wp-json\/wp\/v2\/pages"}],"about":[{"href":"http:\/\/s454091738.mialojamiento.es\/fr\/wp-json\/wp\/v2\/types\/page"}],"author":[{"embeddable":true,"href":"http:\/\/s454091738.mialojamiento.es\/fr\/wp-json\/wp\/v2\/users\/1"}],"replies":[{"embeddable":true,"href":"http:\/\/s454091738.mialojamiento.es\/fr\/wp-json\/wp\/v2\/comments?post=4263"}],"version-history":[{"count":4,"href":"http:\/\/s454091738.mialojamiento.es\/fr\/wp-json\/wp\/v2\/pages\/4263\/revisions"}],"predecessor-version":[{"id":4736,"href":"http:\/\/s454091738.mialojamiento.es\/fr\/wp-json\/wp\/v2\/pages\/4263\/revisions\/4736"}],"wp:attachment":[{"href":"http:\/\/s454091738.mialojamiento.es\/fr\/wp-json\/wp\/v2\/media?parent=4263"}],"curies":[{"name":"wp","href":"https:\/\/api.w.org\/{rel}","templated":true}]}}