{"id":4254,"date":"2026-01-20T16:20:42","date_gmt":"2026-01-20T15:20:42","guid":{"rendered":"http:\/\/s454091738.mialojamiento.es\/licopeno\/"},"modified":"2026-03-27T10:05:49","modified_gmt":"2026-03-27T09:05:49","slug":"lycopene","status":"publish","type":"page","link":"http:\/\/s454091738.mialojamiento.es\/fr\/lycopene\/","title":{"rendered":"Lycop\u00e8ne"},"content":{"rendered":"<p>[vc_row css=\u00a0\u00bb.vc_custom_1768906398751{padding-top: 80px !important;padding-bottom: 80px !important;}\u00a0\u00bb][vc_column width=\u00a0\u00bb1\/2&Prime;]<style>.ld_fancy_heading_69da04448b90f h2 {padding-top:50px !important;  } .ld_fancy_heading_69da04448b90f .ld-fh-underline{height:5px;background:rgb(0, 162, 81);}.ld_fancy_heading_69da04448b90f h2 {padding-top:50px !important;  } .ld_fancy_heading_69da04448b90f .lqd-highlight-inner{height:0.275em!important;bottom:0px!important;}.ld_fancy_heading_69da04448b90f h2 {padding-top:50px !important;  } <\/style><div class=\"ld-fancy-heading text-center ld_fancy_heading_69da04448b90f\">\n\t<h2 class=\"ld-fh-element lqd-highlight-underline lqd-highlight-grow-left text-decoration-default\"   > <span class=\"ld-fh-underline\"><\/span> Qu&rsquo;est-ce que le lycop\u00e8ne ?<\/h2><\/div>[vc_column_text css=\u00a0\u00bb.vc_custom_1774602299751{padding-top: 30px !important;}\u00a0\u00bb]Le <strong>lycop\u00e8ne<\/strong> est un pigment naturel synth\u00e9tis\u00e9 par certaines plantes et certains micro-organismes, et il est particuli\u00e8rement abondant dans les tomates. Sa propri\u00e9t\u00e9 la plus int\u00e9ressante est sans aucun doute son pouvoir antioxydant. Celui-ci lui conf\u00e8re des propri\u00e9t\u00e9s uniques : il contribue \u00e0 pr\u00e9venir les maladies cardiovasculaires et d\u00e9g\u00e9n\u00e9ratives et renforce le syst\u00e8me immunitaire.[\/vc_column_text][\/vc_column][vc_column width=\u00a0\u00bb1\/2&Prime;][vc_single_image image=\u00a0\u00bb3807&Prime;][\/vc_column][\/vc_row][vc_row css=\u00a0\u00bb.vc_custom_1768922800375{padding-top: 80px !important;padding-bottom: 80px !important;background-color: #f7f7f7 !important;}\u00a0\u00bb][vc_column width=\u00a0\u00bb1\/2&Prime;][vc_single_image image=\u00a0\u00bb3917&Prime;][\/vc_column][vc_column width=\u00a0\u00bb1\/2&Prime;]<style>.ld_fancy_heading_69da04448be8e h2 {padding-top:50px !important;  } .ld_fancy_heading_69da04448be8e .ld-fh-underline{height:5px;background:rgb(0, 162, 81);}.ld_fancy_heading_69da04448be8e h2 {padding-top:50px !important;  } .ld_fancy_heading_69da04448be8e .lqd-highlight-inner{height:0.275em!important;bottom:0px!important;}.ld_fancy_heading_69da04448be8e h2 {padding-top:50px !important;  } <\/style><div class=\"ld-fancy-heading text-center ld_fancy_heading_69da04448be8e\">\n\t<h2 class=\"ld-fh-element lqd-highlight-underline lqd-highlight-grow-left text-decoration-default\"   > <span class=\"ld-fh-underline\"><\/span> Comment l&rsquo;obtient-on ?<\/h2><\/div>[vc_column_text css=\u00a0\u00bb.vc_custom_1774602342826{padding-top: 30px !important;}\u00a0\u00bb]<strong>Tomates del Guadiana<\/strong> utilise un proc\u00e9d\u00e9 d&rsquo;extraction unique, rapide et respectueux de l&rsquo;environnement. Ce proc\u00e9d\u00e9, appel\u00e9 extraction fluido-m\u00e9canique, n&rsquo;utilise aucun solvant organique et est plus rapide que les m\u00e9thodes d&rsquo;extraction traditionnelles. Brevet\u00e9 \u00e0 l&rsquo;international, il est mis en \u0153uvre industriellement par <strong>Tomates del Guadiana<\/strong>. Nous n&rsquo;utilisons aucun solvant organique. Nous utilisons la pulpe de tomate comme source de <strong>lycop\u00e8ne<\/strong>, sans g\u00e9n\u00e9rer de d\u00e9chets. Le lycop\u00e8ne dissous dans l&rsquo;huile est absorb\u00e9 presque int\u00e9gralement, ce qui r\u00e9duit consid\u00e9rablement la consommation d&rsquo;\u00e9nergie.[\/vc_column_text][\/vc_column][\/vc_row][vc_row css=\u00a0\u00bb.vc_custom_1768925687487{padding-top: 50px !important;padding-bottom: 50px !important;}\u00a0\u00bb][vc_column width=\u00a0\u00bb5\/6&Prime; css=\u00a0\u00bb.vc_custom_1768925577390{padding-top: 100px !important;padding-left: 100px !important;}\u00a0\u00bb]<style>.ld_fancy_heading_69da04448c17a h3 {font-size:20px; } .ld_fancy_heading_69da04448c17a h3 {line-height:1.5em; } .ld_fancy_heading_69da04448c17a h3 {--element-line-height:1.5em; } .ld_fancy_heading_69da04448c17a h3 {margin-bottom:30px !important;  } @media (min-width: 992px) { .ld_fancy_heading_69da04448c17a h3 {margin-bottom:0px !important;  }  } .ld_fancy_heading_69da04448c17a .lqd-highlight-inner{height:0.275em!important;bottom:0px!important;}.ld_fancy_heading_69da04448c17a h3 {font-size:20px; } .ld_fancy_heading_69da04448c17a h3 {line-height:1.5em; } .ld_fancy_heading_69da04448c17a h3 {--element-line-height:1.5em; } .ld_fancy_heading_69da04448c17a h3 {margin-bottom:30px !important;  } @media (min-width: 992px) { .ld_fancy_heading_69da04448c17a h3 {margin-bottom:0px !important;  }  } <\/style><div class=\"ld-fancy-heading ld_fancy_heading_69da04448c17a\">\n\t<h3 class=\"ld-fh-element lqd-highlight-underline lqd-highlight-grow-left text-decoration-default\"   >  Venez d\u00e9couvrir tous les bienfaits du lycop\u00e8ne gr\u00e2ce \u00e0 notre huile <a href=\"http:\/\/s454091738.mialojamiento.es\/fr\/contact\/\">Li\u00f3leo de qualit\u00e9 sup\u00e9rieure<\/a> et \u00e0 la gamme de <a href=\"http:\/\/s454091738.mialojamiento.es\/fr\/contact\/\">cosm\u00e9tiques Licopen.<\/a><\/h3><\/div><style>.ld_button_69da04448c425.btn-icon-solid:hover .btn-icon{background:rgb(0, 162, 81);}.ld_button_69da04448c425:hover{background-color:rgb(0, 162, 81);border-color:rgb(0, 162, 81);}.ld_button_69da04448c425 .btn-gradient-bg-hover{background:-webkit-linear-gradient(to right, rgb(0, 162, 81) 0%, rgb(0, 162, 81) 100%);background:linear-gradient(to right, rgb(0, 162, 81) 0%, rgb(0, 162, 81) 100%);}.ld_button_69da04448c425:hover .btn-gradient-border defs stop:first-child{stop-color:rgb(0, 162, 81);}.ld_button_69da04448c425:hover .btn-gradient-border defs stop:last-child{stop-color:rgb(0, 162, 81);}.ld_button_69da04448c425{box-shadow:0px 20px 60px 0px rgba(248,85,78,0.21);}<\/style><a href=\"http:\/\/s454091738.mialojamiento.es\/contacto\/\" title=\"Contacto\" class=\"btn btn-solid text-uppercase btn-hover-txt-liquid-y circle border-thin btn-has-label ld_button_69da04448c425 vc_custom_1768925791646\" >\n\t<span>\n\t\n\t\t\t\t\t<span class=\"btn-txt\" data-text=\"D\u00e9couvrez Licopen Cosmetics\" data-split-text=\"true\"\n\t\t\t\t\t    data-split-options='{\"type\": \"chars, words\"}'>D\u00e9couvrez Licopen Cosmetics<\/span>\n\t\t\n\t\t\t\t\t<\/span>\n<\/a>\n<style>.ld_button_69da04448d2bb.btn-icon-solid:hover .btn-icon{background:rgb(0, 162, 81);}.ld_button_69da04448d2bb:hover{background-color:rgb(0, 162, 81);border-color:rgb(0, 162, 81);}.ld_button_69da04448d2bb .btn-gradient-bg-hover{background:-webkit-linear-gradient(to right, rgb(0, 162, 81) 0%, rgb(0, 162, 81) 100%);background:linear-gradient(to right, rgb(0, 162, 81) 0%, rgb(0, 162, 81) 100%);}.ld_button_69da04448d2bb:hover .btn-gradient-border defs stop:first-child{stop-color:rgb(0, 162, 81);}.ld_button_69da04448d2bb:hover .btn-gradient-border defs stop:last-child{stop-color:rgb(0, 162, 81);}.ld_button_69da04448d2bb{box-shadow:0px 20px 60px 0px rgba(248,85,78,0.21);}<\/style><a href=\"#\" class=\"btn btn-solid text-uppercase btn-hover-txt-liquid-y circle border-thin btn-has-label ld_button_69da04448d2bb vc_custom_1768925227624\" data-localscroll=\"true\" data-localscroll-options=\"{&quot;scrollBelowSection&quot;:true}\" >\n\t<span>\n\t\n\t\t\t\t\t<span class=\"btn-txt\" data-text=\"D\u00e9couvrez les huiles Li\u00f3leo\" data-split-text=\"true\"\n\t\t\t\t\t    data-split-options='{\"type\": \"chars, words\"}'>D\u00e9couvrez les huiles Li\u00f3leo<\/span>\n\t\t\n\t\t\t\t\t<\/span>\n<\/a>\n[\/vc_column][vc_column width=\u00a0\u00bb1\/6&Prime;][vc_single_image image=\u00a0\u00bb3839&Prime;][vc_single_image image=\u00a0\u00bb3840&Prime;][\/vc_column][\/vc_row][vc_row css=\u00a0\u00bb.vc_custom_1768907452717{margin-bottom: 0px !important;padding-bottom: 0px !important;background-image: url(http:\/\/s454091738.mialojamiento.es\/wp-content\/uploads\/2026\/01\/trama-footer.png?id=3660) !important;background-position: 0 0 !important;background-repeat: no-repeat !important;}\u00a0\u00bb][vc_column css=\u00a0\u00bb.vc_custom_1768907583173{margin-bottom: 0px !important;padding-top: 30px !important;padding-bottom: 5px !important;}\u00a0\u00bb][\/vc_column][\/vc_row]<\/p>\n","protected":false},"excerpt":{"rendered":"<p>[vc_row css=\u00a0\u00bb.vc_custom_1768906398751{padding-top: 80px !important;padding-bottom: 80px !important;}\u00a0\u00bb][vc_column width=\u00a0\u00bb1\/2&Prime;][vc_column_text css=\u00a0\u00bb.vc_custom_1774602299751{padding-top: 30px !important;}\u00a0\u00bb]Le lycop\u00e8ne est un pigment naturel synth\u00e9tis\u00e9 par certaines plantes et certains micro-organismes, et il est particuli\u00e8rement abondant dans les tomates. Sa propri\u00e9t\u00e9 la plus int\u00e9ressante est sans aucun doute son pouvoir antioxydant. Celui-ci lui conf\u00e8re des propri\u00e9t\u00e9s uniques : il contribue \u00e0 pr\u00e9venir les maladies [&hellip;]<\/p>\n","protected":false},"author":1,"featured_media":0,"parent":0,"menu_order":0,"comment_status":"closed","ping_status":"closed","template":"","meta":{"footnotes":""},"class_list":["post-4254","page","type-page","status-publish","hentry"],"_links":{"self":[{"href":"http:\/\/s454091738.mialojamiento.es\/fr\/wp-json\/wp\/v2\/pages\/4254","targetHints":{"allow":["GET"]}}],"collection":[{"href":"http:\/\/s454091738.mialojamiento.es\/fr\/wp-json\/wp\/v2\/pages"}],"about":[{"href":"http:\/\/s454091738.mialojamiento.es\/fr\/wp-json\/wp\/v2\/types\/page"}],"author":[{"embeddable":true,"href":"http:\/\/s454091738.mialojamiento.es\/fr\/wp-json\/wp\/v2\/users\/1"}],"replies":[{"embeddable":true,"href":"http:\/\/s454091738.mialojamiento.es\/fr\/wp-json\/wp\/v2\/comments?post=4254"}],"version-history":[{"count":6,"href":"http:\/\/s454091738.mialojamiento.es\/fr\/wp-json\/wp\/v2\/pages\/4254\/revisions"}],"predecessor-version":[{"id":4851,"href":"http:\/\/s454091738.mialojamiento.es\/fr\/wp-json\/wp\/v2\/pages\/4254\/revisions\/4851"}],"wp:attachment":[{"href":"http:\/\/s454091738.mialojamiento.es\/fr\/wp-json\/wp\/v2\/media?parent=4254"}],"curies":[{"name":"wp","href":"https:\/\/api.w.org\/{rel}","templated":true}]}}