{"id":4250,"date":"2026-01-21T08:38:51","date_gmt":"2026-01-21T07:38:51","guid":{"rendered":"http:\/\/s454091738.mialojamiento.es\/licopen\/"},"modified":"2026-03-05T12:06:35","modified_gmt":"2026-03-05T11:06:35","slug":"licopen","status":"publish","type":"page","link":"http:\/\/s454091738.mialojamiento.es\/fr\/licopen\/","title":{"rendered":"Licopen"},"content":{"rendered":"<p>[vc_row full_width=\u00a0\u00bbstretch_row\u00a0\u00bb full_height=\u00a0\u00bbyes\u00a0\u00bb][vc_column][vc_single_image image=\u00a0\u00bb3857&Prime; alignment=\u00a0\u00bbcenter\u00a0\u00bb][\/vc_column][\/vc_row][vc_row css=\u00a0\u00bb.vc_custom_1768925687487{padding-top: 50px !important;padding-bottom: 50px !important;}\u00a0\u00bb][vc_column width=\u00a0\u00bb5\/6&Prime; css=\u00a0\u00bb.vc_custom_1768925577390{padding-top: 100px !important;padding-left: 100px !important;}\u00a0\u00bb]<style>.ld_fancy_heading_69d7d79a0d543 h3 {font-size:20px; } .ld_fancy_heading_69d7d79a0d543 h3 {line-height:1.5em; } .ld_fancy_heading_69d7d79a0d543 h3 {--element-line-height:1.5em; } .ld_fancy_heading_69d7d79a0d543 h3 {margin-bottom:30px !important;  } @media (min-width: 992px) { .ld_fancy_heading_69d7d79a0d543 h3 {margin-bottom:0px !important;  }  } .ld_fancy_heading_69d7d79a0d543 .lqd-highlight-inner{height:0.275em!important;bottom:0px!important;}.ld_fancy_heading_69d7d79a0d543 h3 {font-size:20px; } .ld_fancy_heading_69d7d79a0d543 h3 {line-height:1.5em; } .ld_fancy_heading_69d7d79a0d543 h3 {--element-line-height:1.5em; } .ld_fancy_heading_69d7d79a0d543 h3 {margin-bottom:30px !important;  } @media (min-width: 992px) { .ld_fancy_heading_69d7d79a0d543 h3 {margin-bottom:0px !important;  }  } <\/style><div class=\"ld-fancy-heading ld_fancy_heading_69d7d79a0d543\">\n\t<h3 class=\"ld-fh-element lqd-highlight-underline lqd-highlight-grow-left text-decoration-default\"   >  Venez d\u00e9couvrir tous les bienfaits du lycop\u00e8ne gr\u00e2ce \u00e0 notre huile <a href=\"http:\/\/s454091738.mialojamiento.es\/fr\/contact\/\">Li\u00f3leo de qualit\u00e9 sup\u00e9rieure<\/a> et \u00e0 la gamme de <a href=\"http:\/\/s454091738.mialojamiento.es\/fr\/contact\/\">cosm\u00e9tiques Licopen.<\/a><\/h3><\/div><style>.ld_button_69d7d79a0daa7.btn-icon-solid:hover .btn-icon{background:rgb(0, 162, 81);}.ld_button_69d7d79a0daa7:hover{background-color:rgb(0, 162, 81);border-color:rgb(0, 162, 81);}.ld_button_69d7d79a0daa7 .btn-gradient-bg-hover{background:-webkit-linear-gradient(to right, rgb(0, 162, 81) 0%, rgb(0, 162, 81) 100%);background:linear-gradient(to right, rgb(0, 162, 81) 0%, rgb(0, 162, 81) 100%);}.ld_button_69d7d79a0daa7:hover .btn-gradient-border defs stop:first-child{stop-color:rgb(0, 162, 81);}.ld_button_69d7d79a0daa7:hover .btn-gradient-border defs stop:last-child{stop-color:rgb(0, 162, 81);}.ld_button_69d7d79a0daa7{box-shadow:0px 20px 60px 0px rgba(248,85,78,0.21);}<\/style><a href=\"http:\/\/s454091738.mialojamiento.es\/contacto\/\" title=\"Contacto\" class=\"btn btn-solid text-uppercase btn-hover-txt-liquid-y circle border-thin btn-has-label ld_button_69d7d79a0daa7 vc_custom_1768925791646\" >\n\t<span>\n\t\n\t\t\t\t\t<span class=\"btn-txt\" data-text=\"D\u00e9couvrez Licopen Cosmetics\" data-split-text=\"true\"\n\t\t\t\t\t    data-split-options='{\"type\": \"chars, words\"}'>D\u00e9couvrez Licopen Cosmetics<\/span>\n\t\t\n\t\t\t\t\t<\/span>\n<\/a>\n<style>.ld_button_69d7d79a0eafb.btn-icon-solid:hover .btn-icon{background:rgb(0, 162, 81);}.ld_button_69d7d79a0eafb:hover{background-color:rgb(0, 162, 81);border-color:rgb(0, 162, 81);}.ld_button_69d7d79a0eafb .btn-gradient-bg-hover{background:-webkit-linear-gradient(to right, rgb(0, 162, 81) 0%, rgb(0, 162, 81) 100%);background:linear-gradient(to right, rgb(0, 162, 81) 0%, rgb(0, 162, 81) 100%);}.ld_button_69d7d79a0eafb:hover .btn-gradient-border defs stop:first-child{stop-color:rgb(0, 162, 81);}.ld_button_69d7d79a0eafb:hover .btn-gradient-border defs stop:last-child{stop-color:rgb(0, 162, 81);}.ld_button_69d7d79a0eafb{box-shadow:0px 20px 60px 0px rgba(248,85,78,0.21);}<\/style><a href=\"http:\/\/s454091738.mialojamiento.es\/contacto\/\" title=\"Contacto\" class=\"btn btn-solid text-uppercase btn-hover-txt-liquid-y circle border-thin btn-has-label ld_button_69d7d79a0eafb vc_custom_1768981301977\" >\n\t<span>\n\t\n\t\t\t\t\t<span class=\"btn-txt\" data-text=\"D\u00e9couvrez les huiles Li\u00f3leo\" data-split-text=\"true\"\n\t\t\t\t\t    data-split-options='{\"type\": \"chars, words\"}'>D\u00e9couvrez les huiles Li\u00f3leo<\/span>\n\t\t\n\t\t\t\t\t<\/span>\n<\/a>\n[\/vc_column][vc_column width=\u00a0\u00bb1\/6&Prime;][vc_single_image image=\u00a0\u00bb3839&Prime;][vc_single_image image=\u00a0\u00bb3840&Prime;][\/vc_column][\/vc_row][vc_row css=\u00a0\u00bb.vc_custom_1768907452717{margin-bottom: 0px !important;padding-bottom: 0px !important;background-image: url(http:\/\/s454091738.mialojamiento.es\/wp-content\/uploads\/2026\/01\/trama-footer.png?id=3660) !important;background-position: 0 0 !important;background-repeat: no-repeat !important;}\u00a0\u00bb][vc_column css=\u00a0\u00bb.vc_custom_1768907583173{margin-bottom: 0px !important;padding-top: 30px !important;padding-bottom: 5px !important;}\u00a0\u00bb][\/vc_column][\/vc_row]<\/p>\n","protected":false},"excerpt":{"rendered":"<p>[vc_row full_width=\u00a0\u00bbstretch_row\u00a0\u00bb full_height=\u00a0\u00bbyes\u00a0\u00bb][vc_column][vc_single_image image=\u00a0\u00bb3857&Prime; alignment=\u00a0\u00bbcenter\u00a0\u00bb][\/vc_column][\/vc_row][vc_row css=\u00a0\u00bb.vc_custom_1768925687487{padding-top: 50px !important;padding-bottom: 50px !important;}\u00a0\u00bb][vc_column width=\u00a0\u00bb5\/6&Prime; css=\u00a0\u00bb.vc_custom_1768925577390{padding-top: 100px !important;padding-left: 100px !important;}\u00a0\u00bb][\/vc_column][vc_column width=\u00a0\u00bb1\/6&Prime;][vc_single_image image=\u00a0\u00bb3839&Prime;][vc_single_image image=\u00a0\u00bb3840&Prime;][\/vc_column][\/vc_row][vc_row css=\u00a0\u00bb.vc_custom_1768907452717{margin-bottom: 0px !important;padding-bottom: 0px !important;background-image: url(http:\/\/s454091738.mialojamiento.es\/wp-content\/uploads\/2026\/01\/trama-footer.png?id=3660) !important;background-position: 0 0 !important;background-repeat: no-repeat !important;}\u00a0\u00bb][vc_column css=\u00a0\u00bb.vc_custom_1768907583173{margin-bottom: 0px !important;padding-top: 30px !important;padding-bottom: 5px !important;}\u00a0\u00bb][\/vc_column][\/vc_row]<\/p>\n","protected":false},"author":1,"featured_media":0,"parent":0,"menu_order":0,"comment_status":"closed","ping_status":"closed","template":"","meta":{"footnotes":""},"class_list":["post-4250","page","type-page","status-publish","hentry"],"_links":{"self":[{"href":"http:\/\/s454091738.mialojamiento.es\/fr\/wp-json\/wp\/v2\/pages\/4250","targetHints":{"allow":["GET"]}}],"collection":[{"href":"http:\/\/s454091738.mialojamiento.es\/fr\/wp-json\/wp\/v2\/pages"}],"about":[{"href":"http:\/\/s454091738.mialojamiento.es\/fr\/wp-json\/wp\/v2\/types\/page"}],"author":[{"embeddable":true,"href":"http:\/\/s454091738.mialojamiento.es\/fr\/wp-json\/wp\/v2\/users\/1"}],"replies":[{"embeddable":true,"href":"http:\/\/s454091738.mialojamiento.es\/fr\/wp-json\/wp\/v2\/comments?post=4250"}],"version-history":[{"count":2,"href":"http:\/\/s454091738.mialojamiento.es\/fr\/wp-json\/wp\/v2\/pages\/4250\/revisions"}],"predecessor-version":[{"id":4253,"href":"http:\/\/s454091738.mialojamiento.es\/fr\/wp-json\/wp\/v2\/pages\/4250\/revisions\/4253"}],"wp:attachment":[{"href":"http:\/\/s454091738.mialojamiento.es\/fr\/wp-json\/wp\/v2\/media?parent=4250"}],"curies":[{"name":"wp","href":"https:\/\/api.w.org\/{rel}","templated":true}]}}