{"id":4210,"date":"2026-01-21T08:54:58","date_gmt":"2026-01-21T07:54:58","guid":{"rendered":"http:\/\/s454091738.mialojamiento.es\/politique-en-matiere-de-cookies\/"},"modified":"2026-01-21T08:54:58","modified_gmt":"2026-01-21T07:54:58","slug":"politique-en-matiere-de-cookies","status":"publish","type":"page","link":"http:\/\/s454091738.mialojamiento.es\/fr\/politique-en-matiere-de-cookies\/","title":{"rendered":"Politique en mati\u00e8re de cookies"},"content":{"rendered":"<p>[vc_row css=\u00a0\u00bb.vc_custom_1768981663638{padding-top: 80px !important;padding-bottom: 80px !important;}\u00a0\u00bb][vc_column width=\u00a0\u00bb1\/6&Prime;][\/vc_column][vc_column width=\u00a0\u00bb2\/3&Prime;][vc_single_image image=\u00a0\u00bb3564&Prime; alignment=\u00a0\u00bbcenter\u00a0\u00bb][vc_column_text]Responsable du traitement : <strong>Tomates del Guadiana, S. Coop.<\/strong><\/p>\n<h2>Politique en mati\u00e8re de cookies :<\/h2>\n<p>Conform\u00e9ment \u00e0 la loi 34\/2002 du 11 juillet relative aux services de la soci\u00e9t\u00e9 de l&rsquo;information et au commerce \u00e9lectronique, nous vous informons que ce site web utilise des cookies afin d&rsquo;am\u00e9liorer et d&rsquo;optimiser l&rsquo;exp\u00e9rience utilisateur. Vous trouverez ci-dessous des informations d\u00e9taill\u00e9es sur ce que sont les \u00ab cookies \u00bb, les types de cookies utilis\u00e9s par ce site web, comment modifier les param\u00e8tres de vos cookies et ce qui se passe si vous les d\u00e9sactivez. <\/p>\n<h2>Que sont les cookies ?<\/h2>\n<p>Un cookie est un fichier t\u00e9l\u00e9charg\u00e9 sur votre ordinateur lorsque vous consultez certaines pages web. Les cookies permettent notamment \u00e0 un site web de stocker et de r\u00e9cup\u00e9rer des informations relatives \u00e0 vos habitudes de navigation ou \u00e0 votre appareil. Selon les informations qu&rsquo;ils contiennent et votre utilisation de l&rsquo;appareil, ils peuvent \u00e9galement permettre de vous reconna\u00eetre. <\/p>\n<h2>Quels types de cookies utilisons-nous ?<\/h2>\n<h5>\u2022 SELON L&rsquo;ENTIT\u00c9 QUI LA G\u00c8RE :<\/h5>\n<p>Cookies internes : il s\u2019agit des cookies envoy\u00e9s \u00e0 votre appareil depuis nos propres appareils ou domaines et \u00e0 partir desquels nous fournissons le service que vous demandez.<\/p>\n<p>Cookies tiers : il s\u2019agit de cookies envoy\u00e9s \u00e0 votre appareil depuis un ordinateur ou un domaine qui n\u2019est pas g\u00e9r\u00e9 par nous, mais par une autre entit\u00e9 partenaire. Par exemple, ceux utilis\u00e9s par les r\u00e9seaux sociaux ou les fournisseurs de contenu externes comme Google Maps. <\/p>\n<h5>\u2022 SELON LA DUR\u00c9E DE LEUR ACTIVIT\u00c9 :<\/h5>\n<p>Cookies de session : Ces cookies temporaires restent dans le fichier de cookies de votre navigateur jusqu\u2019\u00e0 ce que vous quittiez le site web. Ils ne sont donc pas enregistr\u00e9s sur le disque dur de votre ordinateur. Les informations recueillies gr\u00e2ce \u00e0 ces cookies servent \u00e0 analyser le trafic du site web. Cela nous permet d\u2019am\u00e9liorer votre exp\u00e9rience utilisateur en optimisant le contenu et en simplifiant son utilisation.  <\/p>\n<p>Cookies persistants : Ces cookies sont stock\u00e9s sur votre disque dur et notre site web les lit \u00e0 chaque visite. Un cookie persistant a une date d\u2019expiration sp\u00e9cifique. Il cessera de fonctionner apr\u00e8s cette date. Nous utilisons g\u00e9n\u00e9ralement ces cookies pour faciliter les services d\u2019inscription.   <\/p>\n<h5>\u2022 CONFORM\u00c9MENT \u00c0 LEUR BUT :<\/h5>\n<p>Cookies strictement n\u00e9cessaires : Ces cookies sont indispensables \u00e0 la bonne navigation sur notre site web et garantissent un chargement efficace du contenu, permettant ainsi une utilisation optimale de ses diff\u00e9rentes options et services. Cela inclut des cookies analytiques et agr\u00e9g\u00e9s permettant de suivre le trafic et les pages vues. <\/p>\n<p>Analyse et optimisation : Ces cookies sont des cookies internes ou tiers qui nous permettent d\u2019optimiser votre exp\u00e9rience sur le site Web en \u00e9valuant ses performances et en l\u2019am\u00e9liorant par l\u2019ajout de nouvelles fonctionnalit\u00e9s.<\/p>\n<p>Personnalisation : Ces cookies nous permettent d\u2019enregistrer vos pr\u00e9f\u00e9rences afin d\u2019am\u00e9liorer la qualit\u00e9 de nos services et votre exp\u00e9rience. Certains sont compatibles avec plusieurs appareils. <\/p>\n<p>Publicit\u00e9 comportementale : Ces cookies servent \u00e0 enregistrer des informations sur le comportement des utilisateurs, recueillies par observation continue. Gr\u00e2ce \u00e0 eux, nous pouvons comprendre les habitudes de navigation sur le site web et afficher des publicit\u00e9s adapt\u00e9es \u00e0 votre profil de navigation. <\/p>\n<p>\u00c9valuation : G\u00e9n\u00e8re des identifiants anonymes pour le bon fonctionnement des avis clients.<\/p>\n<p>Transfert de cookies : Ces cookies permettent de partager des donn\u00e9es issues des cookies de publicit\u00e9 comportementale avec des tiers afin qu\u2019ils puissent personnaliser leur publicit\u00e9 num\u00e9rique sur les sites web, les r\u00e9seaux sociaux et tout support num\u00e9rique le permettant.<\/p>\n<p>Liste des cookies utilis\u00e9s sur le domaine https:\/\/tomatesdelguadiana.es\/ :<\/p>\n<p>Nom Description \/ Finalit\u00e9 Fournisseur Expiration Fournisseur tiers Politique de confidentialit\u00e9 et garanties<br \/>_ga Utilis\u00e9 pour distinguer les utilisateurs Google 2 ans https:\/\/developers.google.com\/analytics\/devguides\/collection\/analyticsjs\/cookie-usage?hl=es<br \/>_gid Utilis\u00e9 pour distinguer les utilisateurs Google 24 heures https:\/\/developers.google.com\/analytics\/devguides\/collection\/analyticsjs\/cookie-usage?hl=es<br \/>_gat Utilis\u00e9 pour limiter le pourcentage de requ\u00eates Google 1 minute https:\/\/developers.google.com\/analytics\/devguides\/collection\/analyticsjs\/cookie-usage?hl=es<\/p>\n<h2>Que se passe-t-il si les cookies sont d\u00e9sactiv\u00e9s ?<\/h2>\n<p>Certaines fonctionnalit\u00e9s des Services et certaines parties de ce site Web peuvent ne pas fonctionner correctement si les cookies sont d\u00e9sactiv\u00e9s.<\/p>\n<h2>Avons-nous mis \u00e0 jour notre politique en mati\u00e8re de cookies ?<\/h2>\n<p>Nous pouvons \u00eatre amen\u00e9s \u00e0 modifier notre politique relative aux cookies. Nous vous recommandons donc de la consulter \u00e0 chaque fois que vous acc\u00e9dez \u00e0 notre site web afin de rester inform\u00e9 sur la mani\u00e8re dont nous utilisons les cookies et sur les raisons de cette utilisation.[\/vc_column_text][\/vc_column][vc_column width=\u00a0\u00bb1\/6&Prime;][\/vc_column][\/vc_row][vc_row css=\u00a0\u00bb.vc_custom_1768907452717{margin-bottom: 0px !important;padding-bottom: 0px !important;background-image: url(http:\/\/s454091738.mialojamiento.es\/wp-content\/uploads\/2026\/01\/trama-footer.png?id=3660) !important;background-position: 0 0 !important;background-repeat: no-repeat !important;}\u00a0\u00bb][vc_column css=\u00a0\u00bb.vc_custom_1768907583173{margin-bottom: 0px !important;padding-top: 30px !important;padding-bottom: 5px !important;}\u00a0\u00bb][\/vc_column][\/vc_row]<\/p>\n","protected":false},"excerpt":{"rendered":"<p>[vc_row css=\u00a0\u00bb.vc_custom_1768981663638{padding-top: 80px !important;padding-bottom: 80px !important;}\u00a0\u00bb][vc_column width=\u00a0\u00bb1\/6&Prime;][\/vc_column][vc_column width=\u00a0\u00bb2\/3&Prime;][vc_single_image image=\u00a0\u00bb3564&Prime; alignment=\u00a0\u00bbcenter\u00a0\u00bb][vc_column_text]Responsable du traitement : Tomates del Guadiana, S. Coop. Politique en mati\u00e8re de cookies : Conform\u00e9ment \u00e0 la loi 34\/2002 du 11 juillet relative aux services de la soci\u00e9t\u00e9 de l&rsquo;information et au commerce \u00e9lectronique, nous vous informons que ce site web utilise des cookies afin [&hellip;]<\/p>\n","protected":false},"author":1,"featured_media":0,"parent":0,"menu_order":0,"comment_status":"closed","ping_status":"closed","template":"","meta":{"footnotes":""},"class_list":["post-4210","page","type-page","status-publish","hentry"],"_links":{"self":[{"href":"http:\/\/s454091738.mialojamiento.es\/fr\/wp-json\/wp\/v2\/pages\/4210","targetHints":{"allow":["GET"]}}],"collection":[{"href":"http:\/\/s454091738.mialojamiento.es\/fr\/wp-json\/wp\/v2\/pages"}],"about":[{"href":"http:\/\/s454091738.mialojamiento.es\/fr\/wp-json\/wp\/v2\/types\/page"}],"author":[{"embeddable":true,"href":"http:\/\/s454091738.mialojamiento.es\/fr\/wp-json\/wp\/v2\/users\/1"}],"replies":[{"embeddable":true,"href":"http:\/\/s454091738.mialojamiento.es\/fr\/wp-json\/wp\/v2\/comments?post=4210"}],"version-history":[{"count":0,"href":"http:\/\/s454091738.mialojamiento.es\/fr\/wp-json\/wp\/v2\/pages\/4210\/revisions"}],"wp:attachment":[{"href":"http:\/\/s454091738.mialojamiento.es\/fr\/wp-json\/wp\/v2\/media?parent=4210"}],"curies":[{"name":"wp","href":"https:\/\/api.w.org\/{rel}","templated":true}]}}