{"id":4189,"date":"2026-01-20T13:12:58","date_gmt":"2026-01-20T12:12:58","guid":{"rendered":"http:\/\/s454091738.mialojamiento.es\/qualite\/"},"modified":"2026-03-24T11:09:16","modified_gmt":"2026-03-24T10:09:16","slug":"qualite","status":"publish","type":"page","link":"http:\/\/s454091738.mialojamiento.es\/fr\/qualite\/","title":{"rendered":"Qualit\u00e9"},"content":{"rendered":"<p>[vc_row css=\u00a0\u00bb.vc_custom_1768911410698{padding-top: 80px !important;padding-bottom: 80px !important;}\u00a0\u00bb][vc_column width=\u00a0\u00bb1\/6&Prime;][\/vc_column][vc_column width=\u00a0\u00bb2\/3&Prime;][vc_column_text]<strong>Tomates del Guadiana<\/strong> dispose des installations de production les plus modernes du secteur, ainsi que d&rsquo;un syst\u00e8me de gestion certifi\u00e9 BRCGS (norme mondiale de s\u00e9curit\u00e9 alimentaire), casher, halal et OEC (Produit d&rsquo;origine espagnole), et conforme au Protocole relatif \u00e0 l&rsquo;arrimage et \u00e0 la s\u00e9curisation des marchandises. Ceci nous permet d&rsquo;offrir une confiance maximale \u00e0 nos partenaires et \u00e0 nos clients.<\/p>\n<p>De plus, nous sommes <strong>membres de SEDEX<\/strong>\u00a0: SEDEX est une organisation \u00e0 but non lucratif qui \u0153uvre pour l&rsquo;am\u00e9lioration des pratiques commerciales responsables et \u00e9thiques au sein des cha\u00eenes d&rsquo;approvisionnement mondiales.[\/vc_column_text][\/vc_column][vc_column width=\u00a0\u00bb1\/6&Prime;][\/vc_column][\/vc_row][vc_row css=\u00a0\u00bb.vc_custom_1768911844901{padding-bottom: 30px !important;}\u00a0\u00bb][vc_column width=\u00a0\u00bb2\/3&Prime;][vc_single_image image=\u00a0\u00bb3766&Prime; onclick=\u00a0\u00bblink_image\u00a0\u00bb][\/vc_column][vc_column width=\u00a0\u00bb1\/3&Prime;][vc_single_image image=\u00a0\u00bb3765&Prime; onclick=\u00a0\u00bblink_image\u00a0\u00bb][\/vc_column][\/vc_row][vc_row css=\u00a0\u00bb.vc_custom_1768911856172{padding-bottom: 80px !important;}\u00a0\u00bb][vc_column width=\u00a0\u00bb1\/3&Prime;][vc_single_image image=\u00a0\u00bb3764&Prime; onclick=\u00a0\u00bblink_image\u00a0\u00bb][\/vc_column][vc_column width=\u00a0\u00bb1\/3&Prime;][vc_single_image image=\u00a0\u00bb3763&Prime; onclick=\u00a0\u00bblink_image\u00a0\u00bb][\/vc_column][vc_column width=\u00a0\u00bb1\/3&Prime;][vc_single_image image=\u00a0\u00bb3762&Prime; onclick=\u00a0\u00bblink_image\u00a0\u00bb][\/vc_column][\/vc_row][vc_row css=\u00a0\u00bb.vc_custom_1768906460424{padding-top: 100px !important;padding-bottom: 100px !important;background-color: #f7f7f7 !important;}\u00a0\u00bb][vc_column width=\u00a0\u00bb2\/3&Prime;][vc_raw_html]JTNDdmlkZW8lMjB3aWR0aCUzRCUyMjEwMCUyNSUyMiUyMGNvbnRyb2xzJTIwcHJlbG9hZCUzRCUyMm1ldGFkYXRhJTIyJTNFJTBBJTIwJTIwJTIwJTIwJTNDc291cmNlJTIwc3JjJTNEJTIyaHR0cCUzQSUyRiUyRnM0NTQwOTE3MzgubWlhbG9qYW1pZW50by5lcyUyRmRyb25faXRhbGlhbm8ubXA0JTIyJTIwdHlwZSUzRCUyMnZpZGVvJTJGbXA0JTIyJTNFJTBBJTIwJTIwJTIwJTIwVHUlMjBuYXZlZ2Fkb3IlMjBubyUyMHNvcG9ydGElMjBsYSUyMHJlcHJvZHVjY2klQzMlQjNuJTIwZGUlMjB2JUMzJUFEZGVvLiUwQSUzQyUyRnZpZGVvJTNF[\/vc_raw_html][\/vc_column][vc_column width=\u00a0\u00bb1\/3&Prime; css=\u00a0\u00bb.vc_custom_1768906016730{padding-top: 100px !important;}\u00a0\u00bb][vc_single_image image=\u00a0\u00bb3564&Prime; alignment=\u00a0\u00bbcenter\u00a0\u00bb]<style>.ld_fancy_heading_69d7d75b1d61d h2 {margin-bottom:0.35em !important;  } .ld_fancy_heading_69d7d75b1d61d .lqd-highlight-inner{height:0.275em!important;bottom:0px!important;}.ld_fancy_heading_69d7d75b1d61d h2 {margin-bottom:0.35em !important;  } <\/style><div class=\"ld-fancy-heading text-center ld_fancy_heading_69d7d75b1d61d\">\n\t<h2 class=\"ld-fh-element lqd-highlight-underline lqd-highlight-grow-left text-decoration-default\"   >  Un engagement envers l&rsquo;am\u00e9lioration continue<\/h2><\/div>[\/vc_column][\/vc_row][vc_row css=\u00a0\u00bb.vc_custom_1768907452717{margin-bottom: 0px !important;padding-bottom: 0px !important;background-image: url(http:\/\/s454091738.mialojamiento.es\/wp-content\/uploads\/2026\/01\/trama-footer.png?id=3660) !important;background-position: 0 0 !important;background-repeat: no-repeat !important;}\u00a0\u00bb][vc_column css=\u00a0\u00bb.vc_custom_1768907583173{margin-bottom: 0px !important;padding-top: 30px !important;padding-bottom: 5px !important;}\u00a0\u00bb][\/vc_column][\/vc_row]<\/p>\n","protected":false},"excerpt":{"rendered":"<p>[vc_row css=\u00a0\u00bb.vc_custom_1768911410698{padding-top: 80px !important;padding-bottom: 80px !important;}\u00a0\u00bb][vc_column width=\u00a0\u00bb1\/6&Prime;][\/vc_column][vc_column width=\u00a0\u00bb2\/3&Prime;][vc_column_text]Tomates del Guadiana dispose des installations de production les plus modernes du secteur, ainsi que d&rsquo;un syst\u00e8me de gestion certifi\u00e9 BRCGS (norme mondiale de s\u00e9curit\u00e9 alimentaire), casher, halal et OEC (Produit d&rsquo;origine espagnole), et conforme au Protocole relatif \u00e0 l&rsquo;arrimage et \u00e0 la s\u00e9curisation des marchandises. Ceci nous [&hellip;]<\/p>\n","protected":false},"author":1,"featured_media":0,"parent":0,"menu_order":0,"comment_status":"closed","ping_status":"closed","template":"","meta":{"footnotes":""},"class_list":["post-4189","page","type-page","status-publish","hentry"],"_links":{"self":[{"href":"http:\/\/s454091738.mialojamiento.es\/fr\/wp-json\/wp\/v2\/pages\/4189","targetHints":{"allow":["GET"]}}],"collection":[{"href":"http:\/\/s454091738.mialojamiento.es\/fr\/wp-json\/wp\/v2\/pages"}],"about":[{"href":"http:\/\/s454091738.mialojamiento.es\/fr\/wp-json\/wp\/v2\/types\/page"}],"author":[{"embeddable":true,"href":"http:\/\/s454091738.mialojamiento.es\/fr\/wp-json\/wp\/v2\/users\/1"}],"replies":[{"embeddable":true,"href":"http:\/\/s454091738.mialojamiento.es\/fr\/wp-json\/wp\/v2\/comments?post=4189"}],"version-history":[{"count":3,"href":"http:\/\/s454091738.mialojamiento.es\/fr\/wp-json\/wp\/v2\/pages\/4189\/revisions"}],"predecessor-version":[{"id":4316,"href":"http:\/\/s454091738.mialojamiento.es\/fr\/wp-json\/wp\/v2\/pages\/4189\/revisions\/4316"}],"wp:attachment":[{"href":"http:\/\/s454091738.mialojamiento.es\/fr\/wp-json\/wp\/v2\/media?parent=4189"}],"curies":[{"name":"wp","href":"https:\/\/api.w.org\/{rel}","templated":true}]}}