{"id":4611,"date":"2026-01-20T11:34:58","date_gmt":"2026-01-20T10:34:58","guid":{"rendered":"http:\/\/s454091738.mialojamiento.es\/wer-wir-sind\/"},"modified":"2026-03-24T12:04:43","modified_gmt":"2026-03-24T11:04:43","slug":"wer-wir-sind","status":"publish","type":"page","link":"http:\/\/s454091738.mialojamiento.es\/de\/wer-wir-sind\/","title":{"rendered":"Wer wir sind"},"content":{"rendered":"<p>[vc_row css=&#8220;.vc_custom_1768906398751{padding-top: 80px !important;padding-bottom: 80px !important;}&#8220;][vc_column width=&#8220;1\/2&#8243;][vc_column_text css=&#8220;.vc_custom_1774350239787{padding-top: 50px !important;}&#8220;]<strong>Tomates del Guadiana<\/strong> ist eine Kooperative, die mit dem Hauptziel gegr\u00fcndet wurde, ihren Erzeugern die Erstverarbeitung der Fr\u00fcchte zu erm\u00f6glichen. Unser Unternehmen besteht aus \u00fcber hundert Landwirten, deren traditionelles Anbauprodukt Tomaten sind, und erf\u00fcllt die Bed\u00fcrfnisse seiner Mitglieder effektiv: Wir wollen technologisch und innovativ f\u00fchrend sein und unsere Produkte dank ihrer hohen Qualit\u00e4t auf neuen M\u00e4rkten erfolgreich anbieten.<\/p>\n<p>Unsere Fabrik nahm im Juni 2002 ihren Betrieb auf und wurde nach modernsten technologischen Standards f\u00fcr die Tomatenverarbeitung konzipiert und gebaut. Dadurch erzielt <strong>Tomates del Guadiana<\/strong> eine hervorragende Produktionskapazit\u00e4t und h\u00f6chste Qualit\u00e4t in der Branche und steigert somit ihre Wettbewerbsf\u00e4higkeit.[\/vc_column_text][\/vc_column][vc_column width=&#8220;1\/2&#8243;][vc_single_image image=&#8220;3687&#8243;][\/vc_column][\/vc_row][vc_row css=&#8220;.vc_custom_1768911967609{padding-top: 100px !important;padding-bottom: 100px !important;background-color: #f7f7f7 !important;}&#8220;][vc_column width=&#8220;2\/3&#8243;][vc_raw_html]JTNDdmlkZW8lMjBjb250cm9scyUyMHdpZHRoJTNEJTIyMTAwJTI1JTIyJTNFJTBBJTIwJTIwJTNDc291cmNlJTIwc3JjJTNEJTIyJTJGdmlkZW9fd2ViLm1wNCUyMiUyMHR5cGUlM0QlMjJ2aWRlbyUyRm1wNCUyMiUzRSUwQSUyMCUyMFR1JTIwbmF2ZWdhZG9yJTIwbm8lMjBzb3BvcnRhJTIwdmlkZW8lMjBIVE1MNS4lMEElM0MlMkZ2aWRlbyUzRQ==[\/vc_raw_html][\/vc_column][vc_column width=&#8220;1\/3&#8243; css=&#8220;.vc_custom_1768906016730{padding-top: 100px !important;}&#8220;][vc_single_image image=&#8220;3564&#8243; alignment=&#8220;center&#8220;]<style>.ld_fancy_heading_69d7d3efa2879 h2 {margin-bottom:0.35em !important;  } .ld_fancy_heading_69d7d3efa2879 .lqd-highlight-inner{height:0.275em!important;bottom:0px!important;}.ld_fancy_heading_69d7d3efa2879 h2 {margin-bottom:0.35em !important;  } <\/style><div class=\"ld-fancy-heading text-center ld_fancy_heading_69d7d3efa2879\">\n\t<h2 class=\"ld-fh-element lqd-highlight-underline lqd-highlight-grow-left text-decoration-default\"   >  Luftaufnahmen von Tomates del Guadiana<\/h2><\/div>[\/vc_column][\/vc_row][vc_row css=&#8220;.vc_custom_1768906767528{padding-top: 80px !important;padding-bottom: 80px !important;}&#8220;][vc_column]<style>.ld_fancy_heading_69d7d3efaaa8a h2 {margin-bottom:0.35em !important;  } .ld_fancy_heading_69d7d3efaaa8a .ld-fh-underline{height:5px;background:rgb(0, 162, 81);}.ld_fancy_heading_69d7d3efaaa8a h2 {margin-bottom:0.35em !important;  } .ld_fancy_heading_69d7d3efaaa8a .lqd-highlight-inner{height:0.275em!important;bottom:0px!important;}.ld_fancy_heading_69d7d3efaaa8a h2 {margin-bottom:0.35em !important;  } <\/style><div class=\"ld-fancy-heading text-left ld_fancy_heading_69d7d3efaaa8a\">\n\t<h2 class=\"ld-fh-element lqd-highlight-underline lqd-highlight-grow-left text-decoration-default\"   > <span class=\"ld-fh-underline\"><\/span> So sind wir in den letzten Jahren gewachsen.<\/h2><\/div>[\/vc_column][\/vc_row][vc_row css=&#8220;.vc_custom_1768907224334{margin-bottom: 80px !important;}&#8220;][vc_column width=&#8220;1\/3&#8243;][vc_single_image image=&#8220;3703&#8243; onclick=&#8220;link_image&#8220;][\/vc_column][vc_column width=&#8220;1\/3&#8243;][vc_single_image image=&#8220;3702&#8243; onclick=&#8220;link_image&#8220;][\/vc_column][vc_column width=&#8220;1\/3&#8243;][vc_single_image image=&#8220;3701&#8243; onclick=&#8220;link_image&#8220;][\/vc_column][\/vc_row][vc_row css=&#8220;.vc_custom_1768907203599{padding-bottom: 100px !important;}&#8220;][vc_column width=&#8220;1\/3&#8243;][vc_single_image image=&#8220;3700&#8243; onclick=&#8220;link_image&#8220;][\/vc_column][vc_column width=&#8220;1\/3&#8243;][vc_single_image image=&#8220;3699&#8243; onclick=&#8220;link_image&#8220;][\/vc_column][vc_column width=&#8220;1\/3&#8243;][vc_single_image image=&#8220;3698&#8243; onclick=&#8220;link_image&#8220;][\/vc_column][\/vc_row][vc_row css=&#8220;.vc_custom_1768907452717{margin-bottom: 0px !important;padding-bottom: 0px !important;background-image: url(http:\/\/s454091738.mialojamiento.es\/wp-content\/uploads\/2026\/01\/trama-footer.png?id=3660) !important;background-position: 0 0 !important;background-repeat: no-repeat !important;}&#8220;][vc_column css=&#8220;.vc_custom_1768907583173{margin-bottom: 0px !important;padding-top: 30px !important;padding-bottom: 5px !important;}&#8220;][\/vc_column][\/vc_row]<\/p>\n","protected":false},"excerpt":{"rendered":"<p>[vc_row css=&#8220;.vc_custom_1768906398751{padding-top: 80px !important;padding-bottom: 80px !important;}&#8220;][vc_column width=&#8220;1\/2&#8243;][vc_column_text css=&#8220;.vc_custom_1774350239787{padding-top: 50px !important;}&#8220;]Tomates del Guadiana ist eine Kooperative, die mit dem Hauptziel gegr\u00fcndet wurde, ihren Erzeugern die Erstverarbeitung der Fr\u00fcchte zu erm\u00f6glichen. Unser Unternehmen besteht aus \u00fcber hundert Landwirten, deren traditionelles Anbauprodukt Tomaten sind, und erf\u00fcllt die Bed\u00fcrfnisse seiner Mitglieder effektiv: Wir wollen technologisch und innovativ f\u00fchrend sein [&hellip;]<\/p>\n","protected":false},"author":1,"featured_media":0,"parent":0,"menu_order":0,"comment_status":"closed","ping_status":"closed","template":"","meta":{"footnotes":""},"class_list":["post-4611","page","type-page","status-publish","hentry"],"_links":{"self":[{"href":"http:\/\/s454091738.mialojamiento.es\/de\/wp-json\/wp\/v2\/pages\/4611","targetHints":{"allow":["GET"]}}],"collection":[{"href":"http:\/\/s454091738.mialojamiento.es\/de\/wp-json\/wp\/v2\/pages"}],"about":[{"href":"http:\/\/s454091738.mialojamiento.es\/de\/wp-json\/wp\/v2\/types\/page"}],"author":[{"embeddable":true,"href":"http:\/\/s454091738.mialojamiento.es\/de\/wp-json\/wp\/v2\/users\/1"}],"replies":[{"embeddable":true,"href":"http:\/\/s454091738.mialojamiento.es\/de\/wp-json\/wp\/v2\/comments?post=4611"}],"version-history":[{"count":3,"href":"http:\/\/s454091738.mialojamiento.es\/de\/wp-json\/wp\/v2\/pages\/4611\/revisions"}],"predecessor-version":[{"id":4758,"href":"http:\/\/s454091738.mialojamiento.es\/de\/wp-json\/wp\/v2\/pages\/4611\/revisions\/4758"}],"wp:attachment":[{"href":"http:\/\/s454091738.mialojamiento.es\/de\/wp-json\/wp\/v2\/media?parent=4611"}],"curies":[{"name":"wp","href":"https:\/\/api.w.org\/{rel}","templated":true}]}}