{"id":4602,"date":"2026-01-20T12:18:13","date_gmt":"2026-01-20T11:18:13","guid":{"rendered":"http:\/\/s454091738.mialojamiento.es\/produkte\/"},"modified":"2026-03-24T12:09:05","modified_gmt":"2026-03-24T11:09:05","slug":"produkte","status":"publish","type":"page","link":"http:\/\/s454091738.mialojamiento.es\/de\/produkte\/","title":{"rendered":"Produkte"},"content":{"rendered":"<p>[vc_row css=&#8220;.vc_custom_1768906398751{padding-top: 80px !important;padding-bottom: 80px !important;}&#8220;][vc_column width=&#8220;1\/2&#8243;][vc_column_text css=&#8220;.vc_custom_1774350360088{padding-top: 50px !important;}&#8220;]Die Hauptt\u00e4tigkeit von <strong>Tomates del Guadiana<\/strong> ist die Verarbeitung frischer Tomaten zu Tomatenkonzentrat verschiedener Sorten. Wir stellen passierte Tomaten, Pizzasaucen, Dreifach- und Doppelkonzentrat sowie S\u00e4fte her.<\/p>\n<p>Dar\u00fcber hinaus hat sich <strong>Tomates del Guadiana<\/strong> der Herstellung von Fruchtp\u00fcrees aus Nektarinen, Pflaumen, Pfirsichen und Birnen verschrieben. Nachfolgend finden Sie eine Liste unserer Hauptprodukte:[\/vc_column_text][\/vc_column][vc_column width=&#8220;1\/2&#8243;][vc_single_image image=&#8220;3717&#8243;][\/vc_column][\/vc_row][vc_row css=&#8220;.vc_custom_1768909318612{padding-top: 80px !important;padding-bottom: 80px !important;background-color: #f7f7f7 !important;}&#8220;][vc_column width=&#8220;1\/2&#8243;]<style>.ld_fancy_heading_69da0704f0eb8 h2 {padding-top:70px !important;  } .ld_fancy_heading_69da0704f0eb8 h2 {margin-bottom:0.95em !important;  } .ld_fancy_heading_69da0704f0eb8 .ld-fh-underline{height:5px;background:rgb(0, 162, 81);}.ld_fancy_heading_69da0704f0eb8 h2 {padding-top:70px !important;  } .ld_fancy_heading_69da0704f0eb8 h2 {margin-bottom:0.95em !important;  } .ld_fancy_heading_69da0704f0eb8 .lqd-highlight-inner{height:0.275em!important;bottom:0px!important;}.ld_fancy_heading_69da0704f0eb8 h2 {padding-top:70px !important;  } .ld_fancy_heading_69da0704f0eb8 h2 {margin-bottom:0.95em !important;  } <\/style><div class=\"ld-fancy-heading text-center ld_fancy_heading_69da0704f0eb8\">\n\t<h2 class=\"ld-fh-element lqd-highlight-underline lqd-highlight-grow-left text-decoration-default\"   > <span class=\"ld-fh-underline\"><\/span> Tomatenprodukte<\/h2><\/div>[vc_row_inner css=&#8220;.vc_custom_1768909390394{padding-top: 30px !important;}&#8220;][vc_column_inner width=&#8220;1\/3&#8243;][vc_single_image image=&#8220;3732&#8243; onclick=&#8220;link_image&#8220;][\/vc_column_inner][vc_column_inner width=&#8220;1\/3&#8243;][vc_single_image image=&#8220;3731&#8243; onclick=&#8220;link_image&#8220;][\/vc_column_inner][vc_column_inner width=&#8220;1\/3&#8243;][vc_single_image image=&#8220;3730&#8243; onclick=&#8220;link_image&#8220;][\/vc_column_inner][\/vc_row_inner][\/vc_column][vc_column width=&#8220;1\/2&#8243;]<style>.vc_accordion_69da0704f1e90 .accordion-title{font-size:16px;line-height:1.5em;font-weight:700;}.vc_accordion_69da0704f1e90 .accordion-title a{color:rgb(24, 67, 65);background:rgb(248, 245, 243);}.vc_accordion_69da0704f1e90 .accordion-item.active .accordion-title a{color:rgb(255, 255, 255);background:rgb(232, 59, 78);}.vc_accordion_69da0704f1e90 .accordion-title a, .vc_accordion_69da0704f1e90 .accordion-item{border-color:rgb(255, 250, 247);}.vc_accordion_69da0704f1e90 .accordion-item.active .accordion-title a, .vc_accordion_69da0704f1e90 .accordion-item.active{border-color:rgb(24, 67, 65);}.vc_accordion_69da0704f1e90 .accordion-item:not(:last-child){margin-bottom:30px;}.vc_accordion_69da0704f1e90 .accordion-expander{color:rgb(24, 67, 65);}.vc_accordion_69da0704f1e90 .accordion-item.active .accordion-expander{color:rgb(255, 255, 255);}<\/style><div class=\"accordion accordion-lg accordion-active-has-fill accordion-title-bordered accordion-title-round accordion-expander-lg vc_accordion_69da0704f1e90\" id=\"vc_accordion_69da0704f1e90\"\n     role=\"tablist\" aria-multiselectable=\"true\">\n\n\t            <div class=\"accordion-item panel  active \">\n\n                <div class=\"accordion-heading\" role=\"tab\" id=\"heading_ld-1576843306949-c9811b96-fe6b0e1a-698e\" data-id=\"ld-1576843306949-c9811b96-fe6b0e1a-698e\">\n                    <h4 class=\"accordion-title\" data-controls=\"ld-1576843306949-c9811b96-fe6b0e1a-698e\" tabindex=\"-1\">\n                        <a tabindex=\"0\" class=\"\" data-toggle=\"collapse\"  data-bs-toggle=\"collapse\"\n                           data-parent=\"#vc_accordion_69da0704f1e90\" data-bs-parent=\"#vc_accordion_69da0704f1e90\" href=\"#ld-1576843306949-c9811b96-fe6b0e1a-698e\" data-bs-target=\"#ld-1576843306949-c9811b96-fe6b0e1a-698e\"\n                           aria-expanded=\"true\" aria-controls=\"ld-1576843306949-c9811b96-fe6b0e1a-698e\">\n\n\t\t\t\t\t\t\t\n\t\t\t\t\t\t\tTOMATENMARK\n\t\t\t\t\t\t\t                                <span class=\"accordion-expander\">\n\t\t\t\t\t\t\t\t\t\t\t\t\t\t\t\t\t\t\t<i class=\"lqd-icn-ess icon-ion-ios-arrow-down\"><\/i>\n\t\t\t\t\t\t\t\t\t\n\t\t\t\t\t\t\t\t\t\t\t\t\t\t\t\t\t\t\t<i class=\"lqd-icn-ess icon-ion-ios-arrow-up\"><\/i>\n\t\t\t\t\t\t\t\t\t\t\t\t\t\t\t\t\t<\/span>\n\t\t\t\t\t\t\t\n                        <\/a>\n\n                    <\/h4>\n                <\/div>\n\n                <div id=\"ld-1576843306949-c9811b96-fe6b0e1a-698e\" class=\"accordion-collapse collapse show\"\n                    data-bs-parent=\"#vc_accordion_69da0704f1e90\" role=\"tabpanel\" aria-labelledby=\"heading_ld-1576843306949-c9811b96-fe6b0e1a-698e\">\n                    <div class=\"accordion-content\">\n\t\t\t\t\t\t<style>.ld_fancy_heading_69da0704f14c4 p {margin-bottom:0px !important;  } .ld_fancy_heading_69da0704f14c4 .lqd-highlight-inner{height:0.275em!important;bottom:0px!important;}.ld_fancy_heading_69da0704f14c4 p {margin-bottom:0px !important;  } <\/style><div class=\"ld-fancy-heading ld_fancy_heading_69da0704f14c4\">\n\t<p class=\"ld-fh-element lqd-highlight-underline lqd-highlight-grow-left text-decoration-default\"   >  <strong>Sorte\/Konzentration: <\/strong>Hei\u00dfe Mischung 28\/30, 30\/32 \u00b7 Kalte Mischung 28\/30, 36\/38<\/p>\n<p><strong>Verpackung: <\/strong>240-kg-Fass, Good-Pack: 1600 kg. 240-kg-, 245-kg-Fass, Good-Pack: 1600 kg. 10-kg-, 20-kg-, 21-kg-S\u00e4cke in Kartons.<\/p><\/div>                    <\/div>\n                <\/div>\n            <\/div>\n\t\t\t            <div class=\"accordion-item panel  \">\n\n                <div class=\"accordion-heading\" role=\"tab\" id=\"heading_ld-1576843455029-57b05fca-b4010e1a-698e\" data-id=\"ld-1576843455029-57b05fca-b4010e1a-698e\">\n                    <h4 class=\"accordion-title\" data-controls=\"ld-1576843455029-57b05fca-b4010e1a-698e\" tabindex=\"-1\">\n                        <a tabindex=\"0\" class=\"collapsed\" data-toggle=\"collapse\"  data-bs-toggle=\"collapse\"\n                           data-parent=\"#vc_accordion_69da0704f1e90\" data-bs-parent=\"#vc_accordion_69da0704f1e90\" href=\"#ld-1576843455029-57b05fca-b4010e1a-698e\" data-bs-target=\"#ld-1576843455029-57b05fca-b4010e1a-698e\"\n                           aria-expanded=\"false\" aria-controls=\"ld-1576843455029-57b05fca-b4010e1a-698e\">\n\n\t\t\t\t\t\t\t\n\t\t\t\t\t\t\tPIZZASAUCE\n\t\t\t\t\t\t\t                                <span class=\"accordion-expander\">\n\t\t\t\t\t\t\t\t\t\t\t\t\t\t\t\t\t\t\t<i class=\"lqd-icn-ess icon-ion-ios-arrow-down\"><\/i>\n\t\t\t\t\t\t\t\t\t\n\t\t\t\t\t\t\t\t\t\t\t\t\t\t\t\t\t\t\t<i class=\"lqd-icn-ess icon-ion-ios-arrow-up\"><\/i>\n\t\t\t\t\t\t\t\t\t\t\t\t\t\t\t\t\t<\/span>\n\t\t\t\t\t\t\t\n                        <\/a>\n\n                    <\/h4>\n                <\/div>\n\n                <div id=\"ld-1576843455029-57b05fca-b4010e1a-698e\" class=\"accordion-collapse collapse\"\n                    data-bs-parent=\"#vc_accordion_69da0704f1e90\" role=\"tabpanel\" aria-labelledby=\"heading_ld-1576843455029-57b05fca-b4010e1a-698e\">\n                    <div class=\"accordion-content\">\n\t\t\t\t\t\t<style>.ld_fancy_heading_69da0704f17c6 p {margin-bottom:0px !important;  } .ld_fancy_heading_69da0704f17c6 .lqd-highlight-inner{height:0.275em!important;bottom:0px!important;}.ld_fancy_heading_69da0704f17c6 p {margin-bottom:0px !important;  } <\/style><div class=\"ld-fancy-heading ld_fancy_heading_69da0704f17c6\">\n\t<p class=\"ld-fh-element lqd-highlight-underline lqd-highlight-grow-left text-decoration-default\"   >  <strong>Sorte\/Konzentration: <\/strong>Hot Break 10\/12, 12\/14, 14\/16, 6\/8 und 8\/10.<\/p>\n<p><strong>Verpackung: <\/strong>220 kg, 210 kg F\u00e4sser. 10 kg, 20 kg, 21 kg S\u00e4cke in Kartons.<\/p><\/div>                    <\/div>\n                <\/div>\n            <\/div>\n\t\t\t            <div class=\"accordion-item panel  \">\n\n                <div class=\"accordion-heading\" role=\"tab\" id=\"heading_ld-1576843473475-7ad9f679-ee460e1a-698e\" data-id=\"ld-1576843473475-7ad9f679-ee460e1a-698e\">\n                    <h4 class=\"accordion-title\" data-controls=\"ld-1576843473475-7ad9f679-ee460e1a-698e\" tabindex=\"-1\">\n                        <a tabindex=\"0\" class=\"collapsed\" data-toggle=\"collapse\"  data-bs-toggle=\"collapse\"\n                           data-parent=\"#vc_accordion_69da0704f1e90\" data-bs-parent=\"#vc_accordion_69da0704f1e90\" href=\"#ld-1576843473475-7ad9f679-ee460e1a-698e\" data-bs-target=\"#ld-1576843473475-7ad9f679-ee460e1a-698e\"\n                           aria-expanded=\"false\" aria-controls=\"ld-1576843473475-7ad9f679-ee460e1a-698e\">\n\n\t\t\t\t\t\t\t\n\t\t\t\t\t\t\tSAFT\n\t\t\t\t\t\t\t                                <span class=\"accordion-expander\">\n\t\t\t\t\t\t\t\t\t\t\t\t\t\t\t\t\t\t\t<i class=\"lqd-icn-ess icon-ion-ios-arrow-down\"><\/i>\n\t\t\t\t\t\t\t\t\t\n\t\t\t\t\t\t\t\t\t\t\t\t\t\t\t\t\t\t\t<i class=\"lqd-icn-ess icon-ion-ios-arrow-up\"><\/i>\n\t\t\t\t\t\t\t\t\t\t\t\t\t\t\t\t\t<\/span>\n\t\t\t\t\t\t\t\n                        <\/a>\n\n                    <\/h4>\n                <\/div>\n\n                <div id=\"ld-1576843473475-7ad9f679-ee460e1a-698e\" class=\"accordion-collapse collapse\"\n                    data-bs-parent=\"#vc_accordion_69da0704f1e90\" role=\"tabpanel\" aria-labelledby=\"heading_ld-1576843473475-7ad9f679-ee460e1a-698e\">\n                    <div class=\"accordion-content\">\n\t\t\t\t\t\t<style>.ld_fancy_heading_69da0704f1ab3 p {margin-bottom:0px !important;  } .ld_fancy_heading_69da0704f1ab3 .lqd-highlight-inner{height:0.275em!important;bottom:0px!important;}.ld_fancy_heading_69da0704f1ab3 p {margin-bottom:0px !important;  } <\/style><div class=\"ld-fancy-heading ld_fancy_heading_69da0704f1ab3\">\n\t<p class=\"ld-fh-element lqd-highlight-underline lqd-highlight-grow-left text-decoration-default\"   >  <strong>Sorte\/Konzentration: <\/strong>Kaltbruch 6, 10.<\/p>\n<p><strong>Verpackung: <\/strong>210-kg-Fass.<\/p><\/div>                    <\/div>\n                <\/div>\n            <\/div>\n\t\t\t            <div class=\"accordion-item panel  \">\n\n                <div class=\"accordion-heading\" role=\"tab\" id=\"heading_lqd-1768908709098-ccfae6d2-2759\" data-id=\"lqd-1768908709098-ccfae6d2-2759\">\n                    <h4 class=\"accordion-title\" data-controls=\"lqd-1768908709098-ccfae6d2-2759\" tabindex=\"-1\">\n                        <a tabindex=\"0\" class=\"collapsed\" data-toggle=\"collapse\"  data-bs-toggle=\"collapse\"\n                           data-parent=\"#vc_accordion_69da0704f1e90\" data-bs-parent=\"#vc_accordion_69da0704f1e90\" href=\"#lqd-1768908709098-ccfae6d2-2759\" data-bs-target=\"#lqd-1768908709098-ccfae6d2-2759\"\n                           aria-expanded=\"false\" aria-controls=\"lqd-1768908709098-ccfae6d2-2759\">\n\n\t\t\t\t\t\t\t\n\t\t\t\t\t\t\tFEINES ZELLSTOFF\n\t\t\t\t\t\t\t                                <span class=\"accordion-expander\">\n\t\t\t\t\t\t\t\t\t\t\t\t\t\t\t\t\t\t\t<i class=\"lqd-icn-ess icon-ion-ios-arrow-down\"><\/i>\n\t\t\t\t\t\t\t\t\t\n\t\t\t\t\t\t\t\t\t\t\t\t\t\t\t\t\t\t\t<i class=\"lqd-icn-ess icon-ion-ios-arrow-up\"><\/i>\n\t\t\t\t\t\t\t\t\t\t\t\t\t\t\t\t\t<\/span>\n\t\t\t\t\t\t\t\n                        <\/a>\n\n                    <\/h4>\n                <\/div>\n\n                <div id=\"lqd-1768908709098-ccfae6d2-2759\" class=\"accordion-collapse collapse\"\n                    data-bs-parent=\"#vc_accordion_69da0704f1e90\" role=\"tabpanel\" aria-labelledby=\"heading_lqd-1768908709098-ccfae6d2-2759\">\n                    <div class=\"accordion-content\">\n\t\t\t\t\t\t<style>.ld_fancy_heading_69da0704f1d66 .lqd-highlight-inner{height:0.275em!important;bottom:0px!important;}<\/style><div class=\"ld-fancy-heading ld_fancy_heading_69da0704f1d66\">\n\t<p class=\"ld-fh-element lqd-highlight-underline lqd-highlight-grow-left text-decoration-default\"   >  <strong>Vielfalt\/Konzentration:<\/strong> 6\/8.<\/p>\n<p><strong>Verpackung: <\/strong>215 kg und 210 kg F\u00e4sser. 10 kg, 20 kg und 21 kg S\u00e4cke in Kartons.<\/p><\/div>                    <\/div>\n                <\/div>\n            <\/div>\n\t\t\t<\/div>[\/vc_column][\/vc_row][vc_row css=&#8220;.vc_custom_1768909827962{padding-top: 80px !important;padding-bottom: 100px !important;background-color: #ffffff !important;}&#8220;][vc_column width=&#8220;1\/2&#8243; css=&#8220;.vc_custom_1768909774559{padding-top: 100px !important;}&#8220;]<style>.vc_accordion_69da0704f23eb .accordion-title{font-size:16px;line-height:1.5em;font-weight:700;}.vc_accordion_69da0704f23eb .accordion-title a{color:rgb(24, 67, 65);background:rgb(248, 245, 243);}.vc_accordion_69da0704f23eb .accordion-item.active .accordion-title a{color:rgb(255, 255, 255);background:rgb(232, 59, 78);}.vc_accordion_69da0704f23eb .accordion-title a, .vc_accordion_69da0704f23eb .accordion-item{border-color:rgb(255, 250, 247);}.vc_accordion_69da0704f23eb .accordion-item.active .accordion-title a, .vc_accordion_69da0704f23eb .accordion-item.active{border-color:rgb(24, 67, 65);}.vc_accordion_69da0704f23eb .accordion-item:not(:last-child){margin-bottom:30px;}.vc_accordion_69da0704f23eb .accordion-expander{color:rgb(24, 67, 65);}.vc_accordion_69da0704f23eb .accordion-item.active .accordion-expander{color:rgb(255, 255, 255);}<\/style><div class=\"accordion accordion-lg accordion-active-has-fill accordion-title-bordered accordion-title-round accordion-expander-lg vc_accordion_69da0704f23eb\" id=\"vc_accordion_69da0704f23eb\"\n     role=\"tablist\" aria-multiselectable=\"true\">\n\n\t            <div class=\"accordion-item panel  active \">\n\n                <div class=\"accordion-heading\" role=\"tab\" id=\"heading_lqd-1768909436322-520db6da-01e5\" data-id=\"lqd-1768909436322-520db6da-01e5\">\n                    <h4 class=\"accordion-title\" data-controls=\"lqd-1768909436322-520db6da-01e5\" tabindex=\"-1\">\n                        <a tabindex=\"0\" class=\"\" data-toggle=\"collapse\"  data-bs-toggle=\"collapse\"\n                           data-parent=\"#vc_accordion_69da0704f23eb\" data-bs-parent=\"#vc_accordion_69da0704f23eb\" href=\"#lqd-1768909436322-520db6da-01e5\" data-bs-target=\"#lqd-1768909436322-520db6da-01e5\"\n                           aria-expanded=\"true\" aria-controls=\"lqd-1768909436322-520db6da-01e5\">\n\n\t\t\t\t\t\t\t\n\t\t\t\t\t\t\tFRUCHTSORTEN\n\t\t\t\t\t\t\t                                <span class=\"accordion-expander\">\n\t\t\t\t\t\t\t\t\t\t\t\t\t\t\t\t\t\t\t<i class=\"lqd-icn-ess icon-ion-ios-arrow-down\"><\/i>\n\t\t\t\t\t\t\t\t\t\n\t\t\t\t\t\t\t\t\t\t\t\t\t\t\t\t\t\t\t<i class=\"lqd-icn-ess icon-ion-ios-arrow-up\"><\/i>\n\t\t\t\t\t\t\t\t\t\t\t\t\t\t\t\t\t<\/span>\n\t\t\t\t\t\t\t\n                        <\/a>\n\n                    <\/h4>\n                <\/div>\n\n                <div id=\"lqd-1768909436322-520db6da-01e5\" class=\"accordion-collapse collapse show\"\n                    data-bs-parent=\"#vc_accordion_69da0704f23eb\" role=\"tabpanel\" aria-labelledby=\"heading_lqd-1768909436322-520db6da-01e5\">\n                    <div class=\"accordion-content\">\n\t\t\t\t\t\t<style>.ld_fancy_heading_69da0704f228f p {margin-bottom:0px !important;  } .ld_fancy_heading_69da0704f228f .lqd-highlight-inner{height:0.275em!important;bottom:0px!important;}.ld_fancy_heading_69da0704f228f p {margin-bottom:0px !important;  } <\/style><div class=\"ld-fancy-heading ld_fancy_heading_69da0704f228f\">\n\t<p class=\"ld-fh-element lqd-highlight-underline lqd-highlight-grow-left text-decoration-default\"   >  <strong>Sorten: <\/strong>Pfirsich, Nektarine, Pflaume, Aprikose, Quitte, Birne.<br \/>\n<strong>Sorten\/Konzentration: <\/strong>P\u00fcree, 20\/22, 30\/32, 40\/45.<br \/>\n<strong>Verpackung: <\/strong>240-kg-, 230-kg- und 220-kg-F\u00e4sser.<\/p><\/div>                    <\/div>\n                <\/div>\n            <\/div>\n\t\t\t<\/div>[\/vc_column][vc_column width=&#8220;1\/2&#8243;][vc_single_image image=&#8220;3564&#8243; alignment=&#8220;center&#8220;]<style>.ld_fancy_heading_69da0704f263a h2 {margin-bottom:0.95em !important;  } .ld_fancy_heading_69da0704f263a .ld-fh-underline{height:5px;background:rgb(0, 162, 81);}.ld_fancy_heading_69da0704f263a h2 {margin-bottom:0.95em !important;  } .ld_fancy_heading_69da0704f263a .lqd-highlight-inner{height:0.275em!important;bottom:0px!important;}.ld_fancy_heading_69da0704f263a h2 {margin-bottom:0.95em !important;  } <\/style><div class=\"ld-fancy-heading text-center ld_fancy_heading_69da0704f263a\">\n\t<h2 class=\"ld-fh-element lqd-highlight-underline lqd-highlight-grow-left text-decoration-default\"   > <span class=\"ld-fh-underline\"><\/span> Fruchtprodukte<\/h2><\/div>[vc_row_inner css=&#8220;.vc_custom_1768909390394{padding-top: 30px !important;}&#8220;][vc_column_inner width=&#8220;2\/3&#8243;][vc_single_image image=&#8220;3741&#8243; onclick=&#8220;link_image&#8220;][\/vc_column_inner][vc_column_inner width=&#8220;1\/3&#8243;][vc_single_image image=&#8220;3740&#8243; onclick=&#8220;link_image&#8220;][\/vc_column_inner][\/vc_row_inner][\/vc_column][\/vc_row][vc_row css=&#8220;.vc_custom_1768907452717{margin-bottom: 0px !important;padding-bottom: 0px !important;background-image: url(http:\/\/s454091738.mialojamiento.es\/wp-content\/uploads\/2026\/01\/trama-footer.png?id=3660) !important;background-position: 0 0 !important;background-repeat: no-repeat !important;}&#8220;][vc_column css=&#8220;.vc_custom_1768907583173{margin-bottom: 0px !important;padding-top: 30px !important;padding-bottom: 5px !important;}&#8220;][\/vc_column][\/vc_row]<\/p>\n","protected":false},"excerpt":{"rendered":"<p>[vc_row css=&#8220;.vc_custom_1768906398751{padding-top: 80px !important;padding-bottom: 80px !important;}&#8220;][vc_column width=&#8220;1\/2&#8243;][vc_column_text css=&#8220;.vc_custom_1774350360088{padding-top: 50px !important;}&#8220;]Die Hauptt\u00e4tigkeit von Tomates del Guadiana ist die Verarbeitung frischer Tomaten zu Tomatenkonzentrat verschiedener Sorten. Wir stellen passierte Tomaten, Pizzasaucen, Dreifach- und Doppelkonzentrat sowie S\u00e4fte her. Dar\u00fcber hinaus hat sich Tomates del Guadiana der Herstellung von Fruchtp\u00fcrees aus Nektarinen, Pflaumen, Pfirsichen und Birnen verschrieben. Nachfolgend finden [&hellip;]<\/p>\n","protected":false},"author":1,"featured_media":0,"parent":0,"menu_order":0,"comment_status":"closed","ping_status":"closed","template":"","meta":{"footnotes":""},"class_list":["post-4602","page","type-page","status-publish","hentry"],"_links":{"self":[{"href":"http:\/\/s454091738.mialojamiento.es\/de\/wp-json\/wp\/v2\/pages\/4602","targetHints":{"allow":["GET"]}}],"collection":[{"href":"http:\/\/s454091738.mialojamiento.es\/de\/wp-json\/wp\/v2\/pages"}],"about":[{"href":"http:\/\/s454091738.mialojamiento.es\/de\/wp-json\/wp\/v2\/types\/page"}],"author":[{"embeddable":true,"href":"http:\/\/s454091738.mialojamiento.es\/de\/wp-json\/wp\/v2\/users\/1"}],"replies":[{"embeddable":true,"href":"http:\/\/s454091738.mialojamiento.es\/de\/wp-json\/wp\/v2\/comments?post=4602"}],"version-history":[{"count":4,"href":"http:\/\/s454091738.mialojamiento.es\/de\/wp-json\/wp\/v2\/pages\/4602\/revisions"}],"predecessor-version":[{"id":4760,"href":"http:\/\/s454091738.mialojamiento.es\/de\/wp-json\/wp\/v2\/pages\/4602\/revisions\/4760"}],"wp:attachment":[{"href":"http:\/\/s454091738.mialojamiento.es\/de\/wp-json\/wp\/v2\/media?parent=4602"}],"curies":[{"name":"wp","href":"https:\/\/api.w.org\/{rel}","templated":true}]}}