{"id":4598,"date":"2026-01-20T12:52:57","date_gmt":"2026-01-20T11:52:57","guid":{"rendered":"http:\/\/s454091738.mialojamiento.es\/produktion\/"},"modified":"2026-03-24T12:11:33","modified_gmt":"2026-03-24T11:11:33","slug":"produktion","status":"publish","type":"page","link":"http:\/\/s454091738.mialojamiento.es\/de\/produktion\/","title":{"rendered":"Produktion"},"content":{"rendered":"<p>[vc_row css=&#8220;.vc_custom_1768906398751{padding-top: 80px !important;padding-bottom: 80px !important;}&#8220;][vc_column width=&#8220;1\/2&#8243;][vc_single_image image=&#8220;3750&#8243;][\/vc_column][vc_column width=&#8220;1\/2&#8243;]<style>.ld_fancy_heading_69da04643341f h2 {margin-bottom:0.35em !important;  } .ld_fancy_heading_69da04643341f .ld-fh-underline{height:5px;background:rgb(0, 162, 81);}.ld_fancy_heading_69da04643341f h2 {margin-bottom:0.35em !important;  } .ld_fancy_heading_69da04643341f .lqd-highlight-inner{height:0.275em!important;bottom:0px!important;}.ld_fancy_heading_69da04643341f h2 {margin-bottom:0.35em !important;  } <\/style><div class=\"ld-fancy-heading text-left ld_fancy_heading_69da04643341f\">\n\t<h2 class=\"ld-fh-element lqd-highlight-underline lqd-highlight-grow-left text-decoration-default\"   > <span class=\"ld-fh-underline\"><\/span> Das Leben unserer Tomate<\/h2><\/div>[vc_column_text css=&#8220;.vc_custom_1774350639599{padding-top: 20px !important;}&#8220;]<strong>Tomates del Guadiana<\/strong> liegt in der Region Vegas Altas am Fluss Guadiana in Badajoz. Das Unternehmen verf\u00fcgt \u00fcber langj\u00e4hrige Erfahrung im Tomatenanbau und ist f\u00fcr seine hohe Qualit\u00e4t bekannt. Dank der erstklassigen Lage inmitten von Feldern k\u00f6nnen wir die Erntezeiten verk\u00fcrzen. Diese kurzen Wartezeiten garantieren den maximalen Erhalt der Frische unserer Produkte und reduzieren gleichzeitig unsere Umweltbelastung.<\/p>\n<p>Die Anlagen von <strong>Tomates del Guadiana<\/strong> haben eine Verarbeitungskapazit\u00e4t von 400.000 Tonnen frischer Tomaten pro Jahr, mit einer t\u00e4glichen Verarbeitungskapazit\u00e4t von 8,2 Millionen Kilogramm. Dank der j\u00fcngsten Werkserweiterung ist <strong>Tomates del Guadiana<\/strong> hinsichtlich der t\u00e4glichen Produktionskapazit\u00e4t zum f\u00fchrenden Tomatenverarbeitungsbetrieb in Europa geworden.[\/vc_column_text][\/vc_column][\/vc_row][vc_row css=&#8220;.vc_custom_1768906460424{padding-top: 100px !important;padding-bottom: 100px !important;background-color: #f7f7f7 !important;}&#8220;][vc_column width=&#8220;1\/4&#8243; css=&#8220;.vc_custom_1768910419816{padding-top: 100px !important;}&#8220;][vc_single_image image=&#8220;3564&#8243; alignment=&#8220;center&#8220;]<style>.ld_fancy_heading_69da04643380d h2 {margin-bottom:0.35em !important;  } .ld_fancy_heading_69da04643380d .lqd-highlight-inner{height:0.275em!important;bottom:0px!important;}.ld_fancy_heading_69da04643380d h2 {margin-bottom:0.35em !important;  } <\/style><div class=\"ld-fancy-heading text-center ld_fancy_heading_69da04643380d\">\n\t<h2 class=\"ld-fh-element lqd-highlight-underline lqd-highlight-grow-left text-decoration-default\"   >  Tomatenernte f\u00fcr die Produktion<\/h2><\/div>[\/vc_column][vc_column width=&#8220;3\/4&#8243;][vc_video link=&#8220;https:\/\/vimeo.com\/182528612?fl=pl&amp;fe=cm&#8220;][\/vc_column][\/vc_row][vc_row css=&#8220;.vc_custom_1768907452717{margin-bottom: 0px !important;padding-bottom: 0px !important;background-image: url(http:\/\/s454091738.mialojamiento.es\/wp-content\/uploads\/2026\/01\/trama-footer.png?id=3660) !important;background-position: 0 0 !important;background-repeat: no-repeat !important;}&#8220;][vc_column css=&#8220;.vc_custom_1768907583173{margin-bottom: 0px !important;padding-top: 30px !important;padding-bottom: 5px !important;}&#8220;][\/vc_column][\/vc_row]<\/p>\n","protected":false},"excerpt":{"rendered":"<p>[vc_row css=&#8220;.vc_custom_1768906398751{padding-top: 80px !important;padding-bottom: 80px !important;}&#8220;][vc_column width=&#8220;1\/2&#8243;][vc_single_image image=&#8220;3750&#8243;][\/vc_column][vc_column width=&#8220;1\/2&#8243;][vc_column_text css=&#8220;.vc_custom_1774350639599{padding-top: 20px !important;}&#8220;]Tomates del Guadiana liegt in der Region Vegas Altas am Fluss Guadiana in Badajoz. Das Unternehmen verf\u00fcgt \u00fcber langj\u00e4hrige Erfahrung im Tomatenanbau und ist f\u00fcr seine hohe Qualit\u00e4t bekannt. Dank der erstklassigen Lage inmitten von Feldern k\u00f6nnen wir die Erntezeiten verk\u00fcrzen. Diese kurzen Wartezeiten [&hellip;]<\/p>\n","protected":false},"author":1,"featured_media":0,"parent":0,"menu_order":0,"comment_status":"closed","ping_status":"closed","template":"","meta":{"footnotes":""},"class_list":["post-4598","page","type-page","status-publish","hentry"],"_links":{"self":[{"href":"http:\/\/s454091738.mialojamiento.es\/de\/wp-json\/wp\/v2\/pages\/4598","targetHints":{"allow":["GET"]}}],"collection":[{"href":"http:\/\/s454091738.mialojamiento.es\/de\/wp-json\/wp\/v2\/pages"}],"about":[{"href":"http:\/\/s454091738.mialojamiento.es\/de\/wp-json\/wp\/v2\/types\/page"}],"author":[{"embeddable":true,"href":"http:\/\/s454091738.mialojamiento.es\/de\/wp-json\/wp\/v2\/users\/1"}],"replies":[{"embeddable":true,"href":"http:\/\/s454091738.mialojamiento.es\/de\/wp-json\/wp\/v2\/comments?post=4598"}],"version-history":[{"count":4,"href":"http:\/\/s454091738.mialojamiento.es\/de\/wp-json\/wp\/v2\/pages\/4598\/revisions"}],"predecessor-version":[{"id":4762,"href":"http:\/\/s454091738.mialojamiento.es\/de\/wp-json\/wp\/v2\/pages\/4598\/revisions\/4762"}],"wp:attachment":[{"href":"http:\/\/s454091738.mialojamiento.es\/de\/wp-json\/wp\/v2\/media?parent=4598"}],"curies":[{"name":"wp","href":"https:\/\/api.w.org\/{rel}","templated":true}]}}