{"id":4597,"date":"2026-01-21T08:51:32","date_gmt":"2026-01-21T07:51:32","guid":{"rendered":"http:\/\/s454091738.mialojamiento.es\/datenschutzrichtlinie\/"},"modified":"2026-01-21T08:51:32","modified_gmt":"2026-01-21T07:51:32","slug":"datenschutzrichtlinie","status":"publish","type":"page","link":"http:\/\/s454091738.mialojamiento.es\/de\/datenschutzrichtlinie\/","title":{"rendered":"Datenschutzrichtlinie"},"content":{"rendered":"<p>[vc_row css=&#8220;.vc_custom_1768981663638{padding-top: 80px !important;padding-bottom: 80px !important;}&#8220;][vc_column width=&#8220;1\/6&#8243;][\/vc_column][vc_column width=&#8220;2\/3&#8243;][vc_single_image image=&#8220;3564&#8243; alignment=&#8220;center&#8220;][vc_column_text]<\/p>\n<h2>Datenschutzrichtlinie<\/h2>\n<p>Bei Tomates del Guadiana, S. Coop., legen wir gro\u00dfen Wert darauf, Ihre pers\u00f6nlichen Daten zu sch\u00fctzen und deren Missbrauch zu verhindern. Indem Sie uns Ihre pers\u00f6nlichen Daten \u00fcbermitteln und unsere Website nutzen, best\u00e4tigen Sie, dass Sie die nachfolgenden Bestimmungen zum Schutz personenbezogener Daten gelesen und verstanden haben.  <\/p>\n<h2>Wer ist f\u00fcr die Verarbeitung Ihrer Daten verantwortlich?<\/h2>\n<p>Tomates del Guadiana, S. Coop. Steuernummer: F06351530<br \/>Adresse: Ctra. de Yelbes, s\/n. 06410 \u2013 Santa Amalia.<br \/>Telefon: +34 924 820 011<br \/>E-Mail: tomatedelguadiana@tomatesdelguadiana.com<br \/>Sie k\u00f6nnen uns auf dem von Ihnen bevorzugten Weg kontaktieren.  <\/p>\n<h2>Welche Informationen verarbeiten wir?<\/h2>\n<p>Welche Informationen wir erfassen, h\u00e4ngt von den Umst\u00e4nden und den von Ihnen genutzten Diensten ab. Im Allgemeinen erhalten wir Informationen \u00fcber Sie auf folgende Weise:<br \/>Identifikations- und Kontaktdaten: Wir erfassen Ihre Identifikations- und Kontaktdaten, wenn Sie sich auf unserer Website registrieren, unsere Dienstleistungen oder Produkte erwerben, Informationen per E-Mail anfordern, unsere Newsletter abonnieren, uns eine Anfrage senden oder eine Zusammenarbeit anfragen. <\/p>\n<h2>Zu welchem \u200b\u200bZweck erheben wir Ihre personenbezogenen Daten?<\/h2>\n<p>Folgende Hauptzwecke haben wir identifiziert:<br \/>\u2013 Einhaltung gesetzlicher Verpflichtungen.<br \/>\u2013 Vertragsabwicklung f\u00fcr Produkte der Tomates del Guadiana, S. Coop.<br \/>\u2013 Bearbeitung von Informationsanfragen, Anregungen und Beschwerden.<br \/>\u2013 Personalauswahl.<\/p>\n<h2>Auf welcher Rechtsgrundlage werden Ihre Daten verarbeitet?<\/h2>\n<p>Wir verarbeiten Ihre personenbezogenen Daten auf Grundlage mehrerer Rechtsgrundlagen:<br \/>\u2013 Zur Erf\u00fcllung eines Vertrags und\/oder einer vorvertraglichen Beziehung.<br \/>\u2013 Zur Erf\u00fcllung verschiedener rechtlicher Verpflichtungen.<\/p>\n<h2>An wen werden Ihre Daten weitergegeben?<\/h2>\n<p>Ihre Daten werden nicht an Dritte weitergegeben, au\u00dfer wenn dies gesetzlich vorgeschrieben ist.<br \/>Im Einzelnen werden sie an die spanische Steuerbeh\u00f6rde und an Banken und Finanzinstitute zur Abwicklung der Zahlung f\u00fcr die erbrachte Dienstleistung oder das gekaufte Produkt sowie an die f\u00fcr die Vertragserf\u00fcllung erforderlichen Datenverarbeiter weitergegeben.<br \/>Wenn Sie im Falle eines Kaufs oder einer Zahlung eine Webanwendung, Plattform, Bankkarte oder einen anderen Online-Dienst nutzen, werden Ihre Daten an diese Plattform weitergegeben oder in deren Umgebung verarbeitet \u2013 stets unter Einhaltung h\u00f6chster Sicherheitsstandards.<br \/>Wir nutzen bestimmte Anwendungen, die eine internationale Daten\u00fcbermittlung in die Vereinigten Staaten erfordern. Diese \u00dcbermittlung erfolgt ausschlie\u00dflich an Unternehmen, die nachweislich und durch Standardvertragsklauseln (SCCs) die Einhaltung der in den geltenden europ\u00e4ischen Datenschutzbestimmungen, wie der Datenschutz-Grundverordnung (DSGVO), festgelegten Schutz- und Garantiestandards gew\u00e4hrleisten, oder wenn eine Rechtsgrundlage f\u00fcr die internationale \u00dcbermittlung besteht. <\/p>\n<h2>Verarbeiten wir Daten von Minderj\u00e4hrigen?<\/h2>\n<p>Wir verarbeiten keine Daten von Kindern unter 14 Jahren. Bitte geben Sie daher keine Daten von Kindern unter 14 Jahren an, wenn Sie j\u00fcnger als 14 Jahre sind.<\/p>\n<h2>Welche Sicherheitsma\u00dfnahmen wenden wir an?<\/h2>\n<p>Sie k\u00f6nnen sicher sein, dass wir ein optimales Schutzniveau f\u00fcr die von uns verarbeiteten personenbezogenen Daten eingef\u00fchrt und alle uns zur Verf\u00fcgung stehenden technischen Mittel und Ma\u00dfnahmen nach dem Stand der Technik eingesetzt haben, um den Verlust, den Missbrauch, die Ver\u00e4nderung, den unbefugten Zugriff und den Diebstahl personenbezogener Daten zu verhindern.<\/p>\n<h2>Welche Rechte haben Sie hinsichtlich der Datenverarbeitung?<\/h2>\n<p>Inhaltsrechte<br \/>ZUGRIFF<br \/>Sie k\u00f6nnen Ihre in unseren Dateien gespeicherten personenbezogenen Daten einsehen.<\/p>\n<p>BERICHTIGUNG<br \/>Sie k\u00f6nnen Ihre personenbezogenen Daten berichtigen, wenn diese unrichtig sind.<\/p>\n<p>L\u00d6SCHUNG<br \/>Sie k\u00f6nnen die L\u00f6schung Ihrer personenbezogenen Daten beantragen.<\/p>\n<p>Widerspruch<br \/>Sie k\u00f6nnen beantragen, dass Ihre personenbezogenen Daten nicht verarbeitet werden.<\/p>\n<p>Einschr\u00e4nkung der Verarbeitung<br \/>Sie k\u00f6nnen die Einschr\u00e4nkung der Verarbeitung Ihrer Daten in folgenden F\u00e4llen beantragen:<br \/>\u2013 Solange die Richtigkeit Ihrer Daten \u00fcberpr\u00fcft wird.<br \/>\u2013 Wenn die Verarbeitung unrechtm\u00e4\u00dfig ist, Sie aber der L\u00f6schung Ihrer Daten widersprechen.<br \/>\u2013 Wenn der Verantwortliche Ihre Daten nicht mehr ben\u00f6tigt, Sie diese aber zur Geltendmachung, Aus\u00fcbung oder Verteidigung von Rechtsanspr\u00fcchen ben\u00f6tigen.<br \/>\u2013 Wenn Sie der Verarbeitung Ihrer Daten zur Wahrnehmung einer Aufgabe, die im \u00f6ffentlichen Interesse liegt oder der Wahrung der berechtigten Interessen des Verantwortlichen dient, widersprochen haben, solange noch gepr\u00fcft wird, ob die berechtigten Gr\u00fcnde f\u00fcr die Verarbeitung Ihre Interessen \u00fcberwiegen.<\/p>\n<p>\u00dcBERTRAGBARKEIT<br \/>Sie k\u00f6nnen die uns von Ihnen bereitgestellten personenbezogenen Daten in elektronischer Form erhalten und diese auch an ein anderes Unternehmen \u00fcbermitteln.<\/p>\n<p>Tomates del Guadiana, S. Coop. stellt Formulare zur Aus\u00fcbung Ihrer Rechte bereit, die Sie per E-Mail unter tomatedelguadiana@tomatesdelguadiana.com anfordern k\u00f6nnen. Alternativ k\u00f6nnen Sie die Formulare der spanischen Datenschutzbeh\u00f6rde oder anderer Dritter verwenden.<br \/>Diese Formulare k\u00f6nnen Sie pers\u00f6nlich bei Tomates del Guadiana, S. Coop. einreichen oder per Post oder E-Mail an die im Abschnitt \u201eVerantwortlicher f\u00fcr die Datenverarbeitung\u201c angegebenen Adressen senden.<br \/>Sie haben das Recht, eine Beschwerde bei der spanischen Datenschutzbeh\u00f6rde einzureichen, wenn Sie der Ansicht sind, dass Ihre Rechte nicht ordnungsgem\u00e4\u00df gewahrt wurden.<br \/>Die maximale Bearbeitungszeit betr\u00e4gt einen Monat ab dem Datum des Eingangs Ihrer Anfrage.<br \/>Bitte teilen Sie uns \u00c4nderungen Ihrer Daten schriftlich mit, damit wir Ihre Unterlagen aktualisieren k\u00f6nnen.  <\/p>\n<h2>Wie lange speichern wir Ihre personenbezogenen Daten?<\/h2>\n<p>Ihre personenbezogenen Daten werden so lange gespeichert, wie Sie Kunde bei uns sind.<br \/>Nach Beendigung Ihrer Gesch\u00e4ftsbeziehung mit uns werden die f\u00fcr den jeweiligen Zweck verarbeiteten personenbezogenen Daten f\u00fcr die gesetzlich vorgeschriebenen Aufbewahrungsfristen gespeichert, einschlie\u00dflich der Frist, innerhalb derer ein Gericht die Daten anfordern kann, unter Ber\u00fccksichtigung der Verj\u00e4hrungsfristen f\u00fcr Rechtsanspr\u00fcche.<br \/>Wir speichern alle Informationen und Kommunikationen im Zusammenhang mit Ihrem Kauf oder der Inanspruchnahme unserer Dienstleistungen f\u00fcr die Dauer der Produkt- oder Servicegarantien, um m\u00f6gliche Anspr\u00fcche bearbeiten zu k\u00f6nnen.<br \/>[\/vc_column_text][\/vc_column][vc_column width=&#8220;1\/6&#8243;][\/vc_column][\/vc_row][vc_row css=&#8220;.vc_custom_1768907452717{margin-bottom: 0px !important;padding-bottom: 0px !important;background-image: url(http:\/\/s454091738.mialojamiento.es\/wp-content\/uploads\/2026\/01\/trama-footer.png?id=3660) !important;background-position: 0 0 !important;background-repeat: no-repeat !important;}&#8220;][vc_column css=&#8220;.vc_custom_1768907583173{margin-bottom: 0px !important;padding-top: 30px !important;padding-bottom: 5px !important;}&#8220;][\/vc_column][\/vc_row]<\/p>\n","protected":false},"excerpt":{"rendered":"<p>[vc_row css=&#8220;.vc_custom_1768981663638{padding-top: 80px !important;padding-bottom: 80px !important;}&#8220;][vc_column width=&#8220;1\/6&#8243;][\/vc_column][vc_column width=&#8220;2\/3&#8243;][vc_single_image image=&#8220;3564&#8243; alignment=&#8220;center&#8220;][vc_column_text] Datenschutzrichtlinie Bei Tomates del Guadiana, S. Coop., legen wir gro\u00dfen Wert darauf, Ihre pers\u00f6nlichen Daten zu sch\u00fctzen und deren Missbrauch zu verhindern. Indem Sie uns Ihre pers\u00f6nlichen Daten \u00fcbermitteln und unsere Website nutzen, best\u00e4tigen Sie, dass Sie die nachfolgenden Bestimmungen zum Schutz personenbezogener Daten gelesen [&hellip;]<\/p>\n","protected":false},"author":1,"featured_media":0,"parent":0,"menu_order":0,"comment_status":"closed","ping_status":"closed","template":"","meta":{"footnotes":""},"class_list":["post-4597","page","type-page","status-publish","hentry"],"_links":{"self":[{"href":"http:\/\/s454091738.mialojamiento.es\/de\/wp-json\/wp\/v2\/pages\/4597","targetHints":{"allow":["GET"]}}],"collection":[{"href":"http:\/\/s454091738.mialojamiento.es\/de\/wp-json\/wp\/v2\/pages"}],"about":[{"href":"http:\/\/s454091738.mialojamiento.es\/de\/wp-json\/wp\/v2\/types\/page"}],"author":[{"embeddable":true,"href":"http:\/\/s454091738.mialojamiento.es\/de\/wp-json\/wp\/v2\/users\/1"}],"replies":[{"embeddable":true,"href":"http:\/\/s454091738.mialojamiento.es\/de\/wp-json\/wp\/v2\/comments?post=4597"}],"version-history":[{"count":0,"href":"http:\/\/s454091738.mialojamiento.es\/de\/wp-json\/wp\/v2\/pages\/4597\/revisions"}],"wp:attachment":[{"href":"http:\/\/s454091738.mialojamiento.es\/de\/wp-json\/wp\/v2\/media?parent=4597"}],"curies":[{"name":"wp","href":"https:\/\/api.w.org\/{rel}","templated":true}]}}