{"id":4596,"date":"2026-01-21T08:49:54","date_gmt":"2026-01-21T07:49:54","guid":{"rendered":"http:\/\/s454091738.mialojamiento.es\/managementpolitik\/"},"modified":"2026-03-24T12:24:01","modified_gmt":"2026-03-24T11:24:01","slug":"managementpolitik","status":"publish","type":"page","link":"http:\/\/s454091738.mialojamiento.es\/de\/managementpolitik\/","title":{"rendered":"Managementpolitik"},"content":{"rendered":"<p>[vc_row css=&#8220;.vc_custom_1768981663638{padding-top: 80px !important;padding-bottom: 80px !important;}&#8220;][vc_column width=&#8220;1\/6&#8243;][\/vc_column][vc_column width=&#8220;2\/3&#8243;][vc_single_image image=&#8220;3564&#8243; alignment=&#8220;center&#8220;][vc_column_text]<\/p>\n<h2>MANAGEMENTPOLITIK (QUALIT\u00c4T, UMWELTMANAGEMENT UND LEBENSMITTELSICHERHEIT)<\/h2>\n<p>Das bei TOMATES DEL GUADIANA, SOCIEDAD COOPERATIVA, implementierte Qualit\u00e4ts-, Umwelt-, Energie- und Lebensmittelsicherheitsmanagementsystem erf\u00fcllt die geltenden Anforderungen der Normen UNE-EN ISO 14001:2015, UNE-EN ISO 50001:2018 und BRCGS FOOD SAFETY. Es ist speziell auf die Herstellung von Tomaten- und Fruchtkonzentraten und -p\u00fcrees ausgerichtet. Dar\u00fcber hinaus verpflichtet sich das Unternehmen zur Einhaltung der gesetzlichen und beh\u00f6rdlichen Auflagen zum Schutz der Umwelt, basierend auf der erteilten integrierten Umweltgenehmigung und weiteren Verpflichtungen.<\/p>\n<p>Die Qualit\u00e4ts-, Umweltmanagement-, Energiemanagement- und Lebensmittelsicherheitspolitik von TOMATES DEL GUADIANA, S.Coop., basiert auf folgenden Punkten:<\/p>\n<ul style=\"margin: 0px 30px;\">\n<li>1. Das Hauptziel des Unternehmens ist es, sicherzustellen, dass die erste Verarbeitung der Fr\u00fcchte von den eigenen Erzeugern durchgef\u00fchrt wird.<\/li>\n<li>2. Die Gesch\u00e4ftsleitung von TOMATES DEL GUADIANA, S.Coop. verpflichtet sich, die Umsetzung, Weiterentwicklung, kontinuierliche Verbesserung und \u00dcberwachung des Qualit\u00e4ts-, Umweltmanagement-, Energiemanagement- und Lebensmittelsicherheitssystems des Unternehmens durchzuf\u00fchren sowie die Energieeffizienz kontinuierlich zu verbessern und Mechanismen einzurichten, die die aktive Beteiligung aller an der Umsetzung des Lebensmittelsicherheitsplans erm\u00f6glichen.<\/li>\n<li>3. Strikte Einhaltung der geltenden Umwelt- und Energiegesetzgebung (sowohl derjenigen, die sich auf Energieeffizienz, Energieverbrauch als auch auf die Energienutzung beziehen) und anderer Anforderungen, denen sich die Organisation verpflichtet, HALAL- und KOSHER-Anforderungen sowie Kundenanforderungen (einschlie\u00dflich der M&amp;S-Richtlinien); die Produktion und Verarbeitung von Rohstoffen muss sicher und legal erfolgen, damit das Endprodukt alle in diesen Gesetzen festgelegten Anforderungen erf\u00fcllt.<\/li>\n<li>4. Entwicklung einer partnerschaftlichen Zusammenarbeit mit unseren Lieferanten, indem wir sie in unsere Qualit\u00e4tspolitik, unser Umweltmanagement, unser Energiemanagement und unsere Lebensmittelsicherheit einbeziehen und ihnen diese vermitteln.<\/li>\n<li>5. Aufbau einer partnerschaftlichen Zusammenarbeit mit unseren Kunden, indem wir sie in unsere Qualit\u00e4tspolitik, unser Umweltmanagement, unser Energiemanagement und unsere Lebensmittelsicherheit einbeziehen, um ein h\u00f6heres Ma\u00df an Kundenzufriedenheit zu erreichen und so die von ihnen geforderte Qualit\u00e4t zu erf\u00fcllen.<\/li>\n<li>6. Die Verpflichtung zur kontinuierlichen Verbesserung der Qualit\u00e4t unseres Endprodukts sowie des Ausgangsmaterials (Verzicht auf gentechnisch ver\u00e4ndertes Saatgut).<\/li>\n<li>7. Um die Endprodukte im Lager unter optimalen Qualit\u00e4tsbedingungen zu erhalten, um Verluste im Unternehmen zu reduzieren und seine Leistungsf\u00e4higkeit zu steigern.<\/li>\n<li>8. Die Verpflichtung zur kontinuierlichen Weiterbildung der Mitarbeiter von Tomates del Guadiana in den Bereichen Qualit\u00e4t, Lebensmittelsicherheit, Energiemanagement und Umweltmanagement.<\/li>\n<li>9. Wir minimieren die Umweltauswirkungen unserer Aktivit\u00e4ten, indem wir die entstehenden Umweltaspekte kontrollieren und dabei unserer Philosophie der Abfallvermeidung und -verwertung folgen. Ist dies nicht m\u00f6glich, stellen wir sicher, dass unsere Abf\u00e4lle umweltschonend entsorgt werden. So gew\u00e4hrleisten wir die kontinuierliche Verbesserung unserer Umweltleistung und langfristige Nachhaltigkeit im Einklang mit den Ressourcen unserer Umgebung. Unsere privilegierte Lage inmitten von Ackerland erm\u00f6glicht uns kurze Erntezeiten. Diese kurzen Wartezeiten sichern den maximalen Erhalt der Qualit\u00e4t unserer frischen Produkte und reduzieren unsere Umweltbelastung direkt.<\/li>\n<li>10. Das Unternehmen verpflichtet sich, alle Mitarbeiter \u00fcber ihre Verantwortlichkeiten in Bezug auf Lebensmittelqualit\u00e4t und -sicherheit zu informieren und diese in die Unternehmenskultur zu integrieren. Die Gesch\u00e4ftsleitung setzt sich insbesondere f\u00fcr die Implementierung und kontinuierliche Verbesserung einer Lebensmittelsicherheitskultur ein, die alle Mitarbeiter des Unternehmens einbezieht.<\/li>\n<li>11. Die Verpflichtung zu einer effizienten Bewirtschaftung der Energieressourcen, um die Verf\u00fcgbarkeit der notwendigen Informationen und Ressourcen zur Erreichung der Energieziele sicherzustellen und dadurch die CO2-Emissionen aus ihrem Verbrauch zu reduzieren.<\/li>\n<li>12. Unterst\u00fctzung beim Erwerb von Energieeffizienzprodukten und -dienstleistungen, die sich auf die Energieeffizienz der Organisation auswirken, sowie bei der Gestaltung von Aktivit\u00e4ten, die eine Verbesserung der Energieeffizienz zum Ziel haben.<\/li>\n<li>13. Wir \u00fcberwachen den Wasserverbrauch, um sicherzustellen, dass die Anwohner in der N\u00e4he unserer Industrie, einem wichtigen Interessensgebiet unseres Unternehmens, nicht beeintr\u00e4chtigt werden. Wir verwenden in unseren eigenen Anlagen gereinigtes und recyceltes Wasser zum Waschen von frischem Obst und tragen so zur Schonung einer immer kostbareren Ressource bei.<\/li>\n<li>14. Das Unternehmen wird die \u00c4u\u00dferung neuer Ideen und Vorschl\u00e4ge zur Entwicklung von Verbesserungsprozessen erleichtern.<\/li>\n<li>15. Das Unternehmen verpflichtet sich, das Betrugsrisiko zu minimieren und durch sein Qualit\u00e4ts-, Umweltmanagement-, Energiemanagement- und Lebensmittelsicherheitssystem sicherzustellen, dass alle Produktbeschreibungen und -angaben rechtm\u00e4\u00dfig, angemessen und \u00fcberpr\u00fcfbar sind und dass authentische Produkte geliefert werden.<\/li>\n<li>16. Um eine f\u00fcr beide Seiten vorteilhafte Beziehung zur Umwelt aufrechtzuerhalten, sollten wir die Verschmutzung, die durch den Anbau von Tomaten aus Guadiana entstehen k\u00f6nnte, vermeiden.<\/li>\n<li>17. Das Unternehmen ist sich seiner ethischen und sozialen Verantwortung sowie der Bedeutung des Wohlergehens seiner Mitarbeiter bewusst.<\/li>\n<\/ul>\n<p>Diese Grunds\u00e4tze werden systematisch gem\u00e4\u00df dem entwickelten und implementierten Qualit\u00e4ts-, Umwelt-, Energie- und Lebensmittelsicherheitsmanagementsystem angewendet. Diese Richtlinie wird in allen Einrichtungen verbreitet und regelm\u00e4\u00dfig aktualisiert.<\/p>\n<p><b>27-05-2024. Unterschrift\/Adresse: Celia Santos Blanco<\/b>[\/vc_column_text][\/vc_column][vc_column width=&#8220;1\/6&#8243;][\/vc_column][\/vc_row][vc_row css=&#8220;.vc_custom_1768907452717{margin-bottom: 0px !important;padding-bottom: 0px !important;background-image: url(http:\/\/s454091738.mialojamiento.es\/wp-content\/uploads\/2026\/01\/trama-footer.png?id=3660) !important;background-position: 0 0 !important;background-repeat: no-repeat !important;}&#8220;][vc_column css=&#8220;.vc_custom_1768907583173{margin-bottom: 0px !important;padding-top: 30px !important;padding-bottom: 5px !important;}&#8220;][\/vc_column][\/vc_row]<\/p>\n","protected":false},"excerpt":{"rendered":"<p>[vc_row css=&#8220;.vc_custom_1768981663638{padding-top: 80px !important;padding-bottom: 80px !important;}&#8220;][vc_column width=&#8220;1\/6&#8243;][\/vc_column][vc_column width=&#8220;2\/3&#8243;][vc_single_image image=&#8220;3564&#8243; alignment=&#8220;center&#8220;][vc_column_text] MANAGEMENTPOLITIK (QUALIT\u00c4T, UMWELTMANAGEMENT UND LEBENSMITTELSICHERHEIT) Das bei TOMATES DEL GUADIANA, SOCIEDAD COOPERATIVA, implementierte Qualit\u00e4ts-, Umwelt-, Energie- und Lebensmittelsicherheitsmanagementsystem erf\u00fcllt die geltenden Anforderungen der Normen UNE-EN ISO 14001:2015, UNE-EN ISO 50001:2018 und BRCGS FOOD SAFETY. Es ist speziell auf die Herstellung von Tomaten- und Fruchtkonzentraten und [&hellip;]<\/p>\n","protected":false},"author":1,"featured_media":0,"parent":0,"menu_order":0,"comment_status":"closed","ping_status":"closed","template":"","meta":{"footnotes":""},"class_list":["post-4596","page","type-page","status-publish","hentry"],"_links":{"self":[{"href":"http:\/\/s454091738.mialojamiento.es\/de\/wp-json\/wp\/v2\/pages\/4596","targetHints":{"allow":["GET"]}}],"collection":[{"href":"http:\/\/s454091738.mialojamiento.es\/de\/wp-json\/wp\/v2\/pages"}],"about":[{"href":"http:\/\/s454091738.mialojamiento.es\/de\/wp-json\/wp\/v2\/types\/page"}],"author":[{"embeddable":true,"href":"http:\/\/s454091738.mialojamiento.es\/de\/wp-json\/wp\/v2\/users\/1"}],"replies":[{"embeddable":true,"href":"http:\/\/s454091738.mialojamiento.es\/de\/wp-json\/wp\/v2\/comments?post=4596"}],"version-history":[{"count":1,"href":"http:\/\/s454091738.mialojamiento.es\/de\/wp-json\/wp\/v2\/pages\/4596\/revisions"}],"predecessor-version":[{"id":4769,"href":"http:\/\/s454091738.mialojamiento.es\/de\/wp-json\/wp\/v2\/pages\/4596\/revisions\/4769"}],"wp:attachment":[{"href":"http:\/\/s454091738.mialojamiento.es\/de\/wp-json\/wp\/v2\/media?parent=4596"}],"curies":[{"name":"wp","href":"https:\/\/api.w.org\/{rel}","templated":true}]}}