{"id":4595,"date":"2026-01-21T08:54:58","date_gmt":"2026-01-21T07:54:58","guid":{"rendered":"http:\/\/s454091738.mialojamiento.es\/cookie-richtlinie\/"},"modified":"2026-01-21T08:54:58","modified_gmt":"2026-01-21T07:54:58","slug":"cookie-richtlinie","status":"publish","type":"page","link":"http:\/\/s454091738.mialojamiento.es\/de\/cookie-richtlinie\/","title":{"rendered":"Cookie-Richtlinie"},"content":{"rendered":"<p>[vc_row css=&#8220;.vc_custom_1768981663638{padding-top: 80px !important;padding-bottom: 80px !important;}&#8220;][vc_column width=&#8220;1\/6&#8243;][\/vc_column][vc_column width=&#8220;2\/3&#8243;][vc_single_image image=&#8220;3564&#8243; alignment=&#8220;center&#8220;][vc_column_text]<strong>Datenverantwortlicher: <\/strong>Tomates del Guadiana, S. Coop.<\/p>\n<h2>Cookie-Richtlinie:<\/h2>\n<p>Gem\u00e4\u00df Gesetz 34\/2002 vom 11. Juli \u00fcber Dienste der Informationsgesellschaft und des elektronischen Gesch\u00e4ftsverkehrs informieren wir Sie dar\u00fcber, dass diese Website Cookies verwendet, um die Benutzerfreundlichkeit zu verbessern und zu optimieren. Nachfolgend finden Sie detaillierte Informationen dar\u00fcber, was Cookies sind, welche Arten diese Website verwendet, wie Sie Ihre Cookie-Einstellungen \u00e4ndern k\u00f6nnen und was passiert, wenn Sie Cookies deaktivieren. <\/p>\n<h2>Was sind Cookies?<\/h2>\n<p>Ein Cookie ist eine Datei, die beim Besuch bestimmter Webseiten auf Ihren Computer heruntergeladen wird. Cookies erm\u00f6glichen es einer Webseite unter anderem, Informationen \u00fcber das Surfverhalten eines Nutzers oder dessen Ger\u00e4t zu speichern und abzurufen. Je nach den enthaltenen Informationen und Ihrer Ger\u00e4tenutzung k\u00f6nnen sie dazu verwendet werden, den Nutzer wiederzuerkennen. <\/p>\n<h2>Welche Arten von Cookies verwenden wir?<\/h2>\n<h5>\u2022 GEM\u00c4SS DER VERWALTUNGSSTELLE:<\/h5>\n<p>Erstanbieter-Cookies: Dies sind Cookies, die von unseren eigenen Ger\u00e4ten oder Domains an Ihr Ger\u00e4t gesendet werden und mit denen wir Ihnen den von Ihnen angeforderten Dienst bereitstellen.<\/p>\n<p>Cookies von Drittanbietern: Dies sind Cookies, die von einem Computer oder einer Domain, die nicht von uns, sondern von einem anderen Partnerunternehmen verwaltet wird, an Ihr Ger\u00e4t gesendet werden. Beispiele hierf\u00fcr sind Cookies von sozialen Netzwerken oder externen Inhaltsanbietern wie Google Maps. <\/p>\n<h5>\u2022 NACH DER DAUER IHRER AKTIVIT\u00c4T:<\/h5>\n<p>Sitzungs-Cookies: Dies sind tempor\u00e4re Cookies, die in der Cookie-Datei Ihres Browsers gespeichert bleiben, bis Sie die Website verlassen. Es werden keine Cookies auf der Festplatte Ihres Computers gespeichert. Die mithilfe dieser Cookies gewonnenen Informationen werden zur Analyse des Website-Traffics verwendet. Dies erm\u00f6glicht es uns, die Benutzerfreundlichkeit zu verbessern, indem wir die Inhalte optimieren und die Bedienung vereinfachen.  <\/p>\n<p>Permanente Cookies: Diese werden auf Ihrer Festplatte gespeichert und von unserer Website bei jedem Besuch ausgelesen. Ein permanenter Cookie hat ein bestimmtes Ablaufdatum. Nach diesem Datum ist der Cookie nicht mehr g\u00fcltig. Wir verwenden diese Cookies in der Regel, um Registrierungsdienste zu erm\u00f6glichen.   <\/p>\n<h5>\u2022 IHREM ZWECK NACH:<\/h5>\n<p>Unbedingt erforderlich: Diese Cookies sind f\u00fcr die einwandfreie Navigation auf unserer Website unerl\u00e4sslich und gew\u00e4hrleisten das effiziente Laden der Inhalte, sodass Sie die verschiedenen Optionen und Dienste optimal nutzen k\u00f6nnen. Dazu geh\u00f6ren Analyse- und Aggregations-Cookies zur Erfassung des Website-Traffics und der Seitenaufrufe. <\/p>\n<p>Analyse und Optimierung: Diese Cookies sind Erstanbieter- oder Drittanbieter-Cookies, die es uns erm\u00f6glichen, Ihre Erfahrung auf der Website zu optimieren, indem wir ihre Leistung auswerten und sie durch das Hinzuf\u00fcgen neuer Funktionen verbessern.<\/p>\n<p>Personalisierung: Mithilfe dieser Cookies k\u00f6nnen wir Nutzereinstellungen speichern, um die Qualit\u00e4t unserer Dienste zu verbessern und ein besseres Nutzererlebnis zu bieten. Einige sind m\u00f6glicherweise mit mehreren Ger\u00e4ten kompatibel. <\/p>\n<p>Verhaltensbasierte Werbung: Diese Cookies speichern Informationen \u00fcber das Nutzerverhalten, die durch kontinuierliche Beobachtung gewonnen werden. Mithilfe dieser Cookies k\u00f6nnen wir Ihre Surfgewohnheiten auf der Website verstehen und Ihnen auf Ihr Surfprofil zugeschnittene Werbung anzeigen. <\/p>\n<p>Bewertung: Generiert anonyme Kennungen f\u00fcr die ordnungsgem\u00e4\u00dfe Funktion von Kundenrezensionen.<\/p>\n<p>Weitergabe von Cookies: Diese Cookies erm\u00f6glichen die Weitergabe von Daten, die aus verhaltensbasierten Werbe-Cookies stammen, an Dritte, damit diese ihre digitale Werbung auf Websites, sozialen Netzwerken und allen anderen digitalen Medien, die dies zulassen, personalisieren k\u00f6nnen.<\/p>\n<p>Liste der auf der Domain https:\/\/tomatesdelguadiana.es\/ verwendeten Cookies:<\/p>\n<p>Name Beschreibung \/ Zweck Anbieter Ablaufdatum Datenschutzbestimmungen und Garantien des Drittanbieters<br \/>_ga Wird verwendet, um Nutzer zu unterscheiden Google 2 Jahre https:\/\/developers.google.com\/analytics\/devguides\/collection\/analyticsjs\/cookie-usage?hl=es<br \/>_gid Wird verwendet, um Nutzer zu unterscheiden Google 24 Stunden https:\/\/developers.google.com\/analytics\/devguides\/collection\/analyticsjs\/cookie-usage?hl=es<br \/>_gat Wird verwendet, um den Prozentsatz der Anfragen zu begrenzen Google 1 Minute https:\/\/developers.google.com\/analytics\/devguides\/collection\/analyticsjs\/cookie-usage?hl=es<\/p>\n<h2>Was passiert, wenn Cookies deaktiviert sind?<\/h2>\n<p>Einige Funktionen der Dienste und Bereiche dieser Website funktionieren m\u00f6glicherweise nicht ordnungsgem\u00e4\u00df, wenn Cookies deaktiviert sind.<\/p>\n<h2>Haben wir unsere Cookie-Richtlinie aktualisiert?<\/h2>\n<p>Wir behalten uns vor, unsere Cookie-Richtlinien f\u00fcr unsere Website zu aktualisieren. Daher empfehlen wir Ihnen, diese Richtlinien bei jedem Besuch unserer Website zu \u00fcberpr\u00fcfen, um sich dar\u00fcber zu informieren, wie und warum wir Cookies verwenden.[\/vc_column_text][\/vc_column][vc_column width=&#8220;1\/6&#8243;][\/vc_column][\/vc_row][vc_row css=&#8220;.vc_custom_1768907452717{margin-bottom: 0px !important;padding-bottom: 0px !important;background-image: url(http:\/\/s454091738.mialojamiento.es\/wp-content\/uploads\/2026\/01\/trama-footer.png?id=3660) !important;background-position: 0 0 !important;background-repeat: no-repeat !important;}&#8220;][vc_column css=&#8220;.vc_custom_1768907583173{margin-bottom: 0px !important;padding-top: 30px !important;padding-bottom: 5px !important;}&#8220;][\/vc_column][\/vc_row]<\/p>\n","protected":false},"excerpt":{"rendered":"<p>[vc_row css=&#8220;.vc_custom_1768981663638{padding-top: 80px !important;padding-bottom: 80px !important;}&#8220;][vc_column width=&#8220;1\/6&#8243;][\/vc_column][vc_column width=&#8220;2\/3&#8243;][vc_single_image image=&#8220;3564&#8243; alignment=&#8220;center&#8220;][vc_column_text]Datenverantwortlicher: Tomates del Guadiana, S. Coop. Cookie-Richtlinie: Gem\u00e4\u00df Gesetz 34\/2002 vom 11. Juli \u00fcber Dienste der Informationsgesellschaft und des elektronischen Gesch\u00e4ftsverkehrs informieren wir Sie dar\u00fcber, dass diese Website Cookies verwendet, um die Benutzerfreundlichkeit zu verbessern und zu optimieren. Nachfolgend finden Sie detaillierte Informationen dar\u00fcber, was Cookies [&hellip;]<\/p>\n","protected":false},"author":1,"featured_media":0,"parent":0,"menu_order":0,"comment_status":"closed","ping_status":"closed","template":"","meta":{"footnotes":""},"class_list":["post-4595","page","type-page","status-publish","hentry"],"_links":{"self":[{"href":"http:\/\/s454091738.mialojamiento.es\/de\/wp-json\/wp\/v2\/pages\/4595","targetHints":{"allow":["GET"]}}],"collection":[{"href":"http:\/\/s454091738.mialojamiento.es\/de\/wp-json\/wp\/v2\/pages"}],"about":[{"href":"http:\/\/s454091738.mialojamiento.es\/de\/wp-json\/wp\/v2\/types\/page"}],"author":[{"embeddable":true,"href":"http:\/\/s454091738.mialojamiento.es\/de\/wp-json\/wp\/v2\/users\/1"}],"replies":[{"embeddable":true,"href":"http:\/\/s454091738.mialojamiento.es\/de\/wp-json\/wp\/v2\/comments?post=4595"}],"version-history":[{"count":0,"href":"http:\/\/s454091738.mialojamiento.es\/de\/wp-json\/wp\/v2\/pages\/4595\/revisions"}],"wp:attachment":[{"href":"http:\/\/s454091738.mialojamiento.es\/de\/wp-json\/wp\/v2\/media?parent=4595"}],"curies":[{"name":"wp","href":"https:\/\/api.w.org\/{rel}","templated":true}]}}