{"id":4582,"date":"2026-01-20T13:44:55","date_gmt":"2026-01-20T12:44:55","guid":{"rendered":"http:\/\/s454091738.mialojamiento.es\/umfeld\/"},"modified":"2026-03-25T11:43:30","modified_gmt":"2026-03-25T10:43:30","slug":"umfeld","status":"publish","type":"page","link":"http:\/\/s454091738.mialojamiento.es\/de\/umfeld\/","title":{"rendered":"Umfeld"},"content":{"rendered":"<p>[vc_row css=&#8220;.vc_custom_1768921729428{padding-top: 80px !important;padding-bottom: 50px !important;}&#8220;][vc_column]<style>.ld_fancy_heading_69da044509694 h2 {padding-top:70px !important;  } .ld_fancy_heading_69da044509694 h2 {margin-bottom:0.35em !important;  } .ld_fancy_heading_69da044509694 .lqd-highlight-inner{height:0.275em!important;bottom:0px!important;}.ld_fancy_heading_69da044509694 h2 {padding-top:70px !important;  } .ld_fancy_heading_69da044509694 h2 {margin-bottom:0.35em !important;  } <\/style><div class=\"ld-fancy-heading text-center ld_fancy_heading_69da044509694\">\n\t<h2 class=\"ld-fh-element lqd-highlight-underline lqd-highlight-grow-left text-decoration-default\"   >  Dem Umweltschutz verpflichtet<\/h2><\/div>[vc_column_text]Wir setzen eine Umwelt- und Energiemanagementpolitik um, die auf einer Gesch\u00e4ftsintegrationsstrategie basiert und nachhaltige Entwicklungsprozesse sowie Umwelt- und Energieaspekte in unsere Aktivit\u00e4ten integriert. Dies gew\u00e4hrleistet die Einhaltung der Anforderungen der Umweltmanagementsysteme ISO 14001 und der Energiemanagementsysteme ISO 50001, weshalb unser Unternehmen zertifiziert ist. Diese Zertifizierungen erm\u00f6glichen es uns unter anderem, Abfall und Luftemissionen zu minimieren, das Recycling von Abf\u00e4llen zu f\u00f6rdern, eine angemessene Umweltleistung auf allen Ebenen zu gew\u00e4hrleisten, den Erwerb energieeffizienter Dienstleistungen zu unterst\u00fctzen und Planungsma\u00dfnahmen zur Verbesserung der Energieeffizienz gem\u00e4\u00df den geltenden Vorschriften umzusetzen.[\/vc_column_text][\/vc_column][\/vc_row][vc_row css=&#8220;.vc_custom_1774432708209{margin-top: 50px !important;margin-bottom: 100px !important;}&#8220;][vc_column width=&#8220;1\/6&#8243;][\/vc_column][vc_column width=&#8220;2\/3&#8243;][vc_single_image image=&#8220;4828&#8243; onclick=&#8220;custom_link&#8220; enable_link=&#8220;enable_image_link&#8220; link=&#8220;url:http%3A%2F%2Fs454091738.mialojamiento.es%2Fwp-content%2Fuploads%2F2026%2F03%2FTOMATES-DEL-GUADIANA_v.0_11_07_2025.pdf||target:%20_blank|&#8220;][\/vc_column][vc_column width=&#8220;1\/6&#8243;][\/vc_column][\/vc_row][vc_row gap=&#8220;5&#8243; css=&#8220;.vc_custom_1768921747393{padding-bottom: 80px !important;}&#8220;][vc_column width=&#8220;2\/3&#8243;][vc_single_image image=&#8220;3941&#8243; onclick=&#8220;link_image&#8220; css=&#8220;.vc_custom_1770629521184{background-position: center !important;background-repeat: no-repeat !important;background-size: contain !important;}&#8220;][vc_row_inner gap=&#8220;5&#8243; css=&#8220;.vc_custom_1768921395930{margin-top: 10px !important;}&#8220;][vc_column_inner width=&#8220;1\/2&#8243;][vc_single_image image=&#8220;3799&#8243; onclick=&#8220;link_image&#8220;][\/vc_column_inner][vc_column_inner width=&#8220;1\/2&#8243;][vc_single_image image=&#8220;3798&#8243; onclick=&#8220;link_image&#8220;][\/vc_column_inner][\/vc_row_inner][\/vc_column][vc_column width=&#8220;1\/3&#8243;][vc_single_image image=&#8220;3800&#8243; onclick=&#8220;link_image&#8220;][vc_separator color=&#8220;white&#8220; border_width=&#8220;10&#8243; css=&#8220;.vc_custom_1770629577847{margin-top: 5px !important;margin-bottom: 10px !important;padding-top: 0px !important;padding-bottom: 0px !important;}&#8220;][vc_single_image image=&#8220;3797&#8243; onclick=&#8220;link_image&#8220; css=&#8220;.vc_custom_1768922013159{padding-top: 10px !important;}&#8220;][\/vc_column][\/vc_row][vc_row css=&#8220;.vc_custom_1768907452717{margin-bottom: 0px !important;padding-bottom: 0px !important;background-image: url(http:\/\/s454091738.mialojamiento.es\/wp-content\/uploads\/2026\/01\/trama-footer.png?id=3660) !important;background-position: 0 0 !important;background-repeat: no-repeat !important;}&#8220;][vc_column css=&#8220;.vc_custom_1768907583173{margin-bottom: 0px !important;padding-top: 30px !important;padding-bottom: 5px !important;}&#8220;][\/vc_column][\/vc_row]<\/p>\n","protected":false},"excerpt":{"rendered":"<p>[vc_row css=&#8220;.vc_custom_1768921729428{padding-top: 80px !important;padding-bottom: 50px !important;}&#8220;][vc_column][vc_column_text]Wir setzen eine Umwelt- und Energiemanagementpolitik um, die auf einer Gesch\u00e4ftsintegrationsstrategie basiert und nachhaltige Entwicklungsprozesse sowie Umwelt- und Energieaspekte in unsere Aktivit\u00e4ten integriert. Dies gew\u00e4hrleistet die Einhaltung der Anforderungen der Umweltmanagementsysteme ISO 14001 und der Energiemanagementsysteme ISO 50001, weshalb unser Unternehmen zertifiziert ist. Diese Zertifizierungen erm\u00f6glichen es uns unter anderem, [&hellip;]<\/p>\n","protected":false},"author":1,"featured_media":0,"parent":0,"menu_order":0,"comment_status":"closed","ping_status":"closed","template":"","meta":{"footnotes":""},"class_list":["post-4582","page","type-page","status-publish","hentry"],"_links":{"self":[{"href":"http:\/\/s454091738.mialojamiento.es\/de\/wp-json\/wp\/v2\/pages\/4582","targetHints":{"allow":["GET"]}}],"collection":[{"href":"http:\/\/s454091738.mialojamiento.es\/de\/wp-json\/wp\/v2\/pages"}],"about":[{"href":"http:\/\/s454091738.mialojamiento.es\/de\/wp-json\/wp\/v2\/types\/page"}],"author":[{"embeddable":true,"href":"http:\/\/s454091738.mialojamiento.es\/de\/wp-json\/wp\/v2\/users\/1"}],"replies":[{"embeddable":true,"href":"http:\/\/s454091738.mialojamiento.es\/de\/wp-json\/wp\/v2\/comments?post=4582"}],"version-history":[{"count":4,"href":"http:\/\/s454091738.mialojamiento.es\/de\/wp-json\/wp\/v2\/pages\/4582\/revisions"}],"predecessor-version":[{"id":4846,"href":"http:\/\/s454091738.mialojamiento.es\/de\/wp-json\/wp\/v2\/pages\/4582\/revisions\/4846"}],"wp:attachment":[{"href":"http:\/\/s454091738.mialojamiento.es\/de\/wp-json\/wp\/v2\/media?parent=4582"}],"curies":[{"name":"wp","href":"https:\/\/api.w.org\/{rel}","templated":true}]}}