{"id":4575,"date":"2026-01-20T16:20:42","date_gmt":"2026-01-20T15:20:42","guid":{"rendered":"http:\/\/s454091738.mialojamiento.es\/licopeno\/"},"modified":"2026-03-27T10:11:25","modified_gmt":"2026-03-27T09:11:25","slug":"lycopin","status":"publish","type":"page","link":"http:\/\/s454091738.mialojamiento.es\/de\/lycopin\/","title":{"rendered":"Lycopin"},"content":{"rendered":"<p>[vc_row css=&#8220;.vc_custom_1768906398751{padding-top: 80px !important;padding-bottom: 80px !important;}&#8220;][vc_column width=&#8220;1\/2&#8243;]<style>.ld_fancy_heading_69da0908c6065 h2 {padding-top:50px !important;  } .ld_fancy_heading_69da0908c6065 .ld-fh-underline{height:5px;background:rgb(0, 162, 81);}.ld_fancy_heading_69da0908c6065 h2 {padding-top:50px !important;  } .ld_fancy_heading_69da0908c6065 .lqd-highlight-inner{height:0.275em!important;bottom:0px!important;}.ld_fancy_heading_69da0908c6065 h2 {padding-top:50px !important;  } <\/style><div class=\"ld-fancy-heading text-center ld_fancy_heading_69da0908c6065\">\n\t<h2 class=\"ld-fh-element lqd-highlight-underline lqd-highlight-grow-left text-decoration-default\"   > <span class=\"ld-fh-underline\"><\/span> Was ist Lycopin?<\/h2><\/div>[vc_column_text css=&#8220;.vc_custom_1774602630827{padding-top: 30px !important;}&#8220;]<strong>Lycopin<\/strong> ist ein nat\u00fcrliches Pigment, das von bestimmten Pflanzen und Mikroorganismen synthetisiert wird und besonders reichlich in Tomaten vorkommt. Seine wohl interessanteste Eigenschaft ist seine antioxidative Wirkung. Diese verleiht ihm einzigartige Eigenschaften, da es dazu beitr\u00e4gt, Herz-Kreislauf-Erkrankungen und degenerativen Erkrankungen vorzubeugen und das Immunsystem zu st\u00e4rken.[\/vc_column_text][\/vc_column][vc_column width=&#8220;1\/2&#8243;][vc_single_image image=&#8220;3807&#8243;][\/vc_column][\/vc_row][vc_row css=&#8220;.vc_custom_1768922800375{padding-top: 80px !important;padding-bottom: 80px !important;background-color: #f7f7f7 !important;}&#8220;][vc_column width=&#8220;1\/2&#8243;][vc_single_image image=&#8220;3917&#8243;][\/vc_column][vc_column width=&#8220;1\/2&#8243;]<style>.ld_fancy_heading_69da0908c645a h2 {padding-top:50px !important;  } .ld_fancy_heading_69da0908c645a .ld-fh-underline{height:5px;background:rgb(0, 162, 81);}.ld_fancy_heading_69da0908c645a h2 {padding-top:50px !important;  } .ld_fancy_heading_69da0908c645a .lqd-highlight-inner{height:0.275em!important;bottom:0px!important;}.ld_fancy_heading_69da0908c645a h2 {padding-top:50px !important;  } <\/style><div class=\"ld-fancy-heading text-center ld_fancy_heading_69da0908c645a\">\n\t<h2 class=\"ld-fh-element lqd-highlight-underline lqd-highlight-grow-left text-decoration-default\"   > <span class=\"ld-fh-underline\"><\/span> Wie wird es erlangt?<\/h2><\/div>[vc_column_text css=&#8220;.vc_custom_1774602681823{padding-top: 30px !important;}&#8220;]<strong>Tomates del Guadiana<\/strong> verwendet ein einzigartiges, schnelles und umweltfreundliches Extraktionsverfahren. Dieses Verfahren, die sogenannte fluidmechanische Extraktion, kommt ohne organische L\u00f6sungsmittel aus und ist schneller als herk\u00f6mmliche Extraktionsmethoden. Es ist weltweit patentiert und wird von <strong>Tomates del Guadiana<\/strong> industriell eingesetzt. Wir verzichten auf organische L\u00f6sungsmittel. Als Lycopin nutzen wir Tomatenmark, wodurch kein Abfall entsteht. Das im \u00d6l gel\u00f6ste Lycopin wird nahezu vollst\u00e4ndig absorbiert, was den Energieverbrauch deutlich reduziert.[\/vc_column_text][\/vc_column][\/vc_row][vc_row css=&#8220;.vc_custom_1768925687487{padding-top: 50px !important;padding-bottom: 50px !important;}&#8220;][vc_column width=&#8220;5\/6&#8243; css=&#8220;.vc_custom_1768925577390{padding-top: 100px !important;padding-left: 100px !important;}&#8220;]<style>.ld_fancy_heading_69da0908c6698 h3 {font-size:20px; } .ld_fancy_heading_69da0908c6698 h3 {line-height:1.5em; } .ld_fancy_heading_69da0908c6698 h3 {--element-line-height:1.5em; } .ld_fancy_heading_69da0908c6698 h3 {margin-bottom:30px !important;  } @media (min-width: 992px) { .ld_fancy_heading_69da0908c6698 h3 {margin-bottom:0px !important;  }  } .ld_fancy_heading_69da0908c6698 .lqd-highlight-inner{height:0.275em!important;bottom:0px!important;}.ld_fancy_heading_69da0908c6698 h3 {font-size:20px; } .ld_fancy_heading_69da0908c6698 h3 {line-height:1.5em; } .ld_fancy_heading_69da0908c6698 h3 {--element-line-height:1.5em; } .ld_fancy_heading_69da0908c6698 h3 {margin-bottom:30px !important;  } @media (min-width: 992px) { .ld_fancy_heading_69da0908c6698 h3 {margin-bottom:0px !important;  }  } <\/style><div class=\"ld-fancy-heading ld_fancy_heading_69da0908c6698\">\n\t<h3 class=\"ld-fh-element lqd-highlight-underline lqd-highlight-grow-left text-decoration-default\"   >  Entdecken Sie alle<a href=\"http:\/\/s454091738.mialojamiento.es\/de\/kontakt\/\"> Vorteile von Lycopin <\/a>mit unserem Premium-\u00d6l Li\u00f3leo und der <a href=\"http:\/\/s454091738.mialojamiento.es\/de\/kontakt\/\">Kosmetiklinie Licopen.<\/a><\/h3><\/div><style>.ld_button_69da0908c68ef.btn-icon-solid:hover .btn-icon{background:rgb(0, 162, 81);}.ld_button_69da0908c68ef:hover{background-color:rgb(0, 162, 81);border-color:rgb(0, 162, 81);}.ld_button_69da0908c68ef .btn-gradient-bg-hover{background:-webkit-linear-gradient(to right, rgb(0, 162, 81) 0%, rgb(0, 162, 81) 100%);background:linear-gradient(to right, rgb(0, 162, 81) 0%, rgb(0, 162, 81) 100%);}.ld_button_69da0908c68ef:hover .btn-gradient-border defs stop:first-child{stop-color:rgb(0, 162, 81);}.ld_button_69da0908c68ef:hover .btn-gradient-border defs stop:last-child{stop-color:rgb(0, 162, 81);}.ld_button_69da0908c68ef{box-shadow:0px 20px 60px 0px rgba(248,85,78,0.21);}<\/style><a href=\"http:\/\/s454091738.mialojamiento.es\/contacto\/\" title=\"Contacto\" class=\"btn btn-solid text-uppercase btn-hover-txt-liquid-y circle border-thin btn-has-label ld_button_69da0908c68ef vc_custom_1774351280312\" >\n\t<span>\n\t\n\t\t\t\t\t<span class=\"btn-txt\" data-text=\"Entdecken Sie Licopeno Cosmetics\" data-split-text=\"true\"\n\t\t\t\t\t    data-split-options='{\"type\": \"chars, words\"}'>Entdecken Sie Licopeno Cosmetics<\/span>\n\t\t\n\t\t\t\t\t<\/span>\n<\/a>\n<style>.ld_button_69da0908c7905.btn-icon-solid:hover .btn-icon{background:rgb(0, 162, 81);}.ld_button_69da0908c7905:hover{background-color:rgb(0, 162, 81);border-color:rgb(0, 162, 81);}.ld_button_69da0908c7905 .btn-gradient-bg-hover{background:-webkit-linear-gradient(to right, rgb(0, 162, 81) 0%, rgb(0, 162, 81) 100%);background:linear-gradient(to right, rgb(0, 162, 81) 0%, rgb(0, 162, 81) 100%);}.ld_button_69da0908c7905:hover .btn-gradient-border defs stop:first-child{stop-color:rgb(0, 162, 81);}.ld_button_69da0908c7905:hover .btn-gradient-border defs stop:last-child{stop-color:rgb(0, 162, 81);}.ld_button_69da0908c7905{box-shadow:0px 20px 60px 0px rgba(248,85,78,0.21);}<\/style><a href=\"#\" class=\"btn btn-solid text-uppercase btn-hover-txt-liquid-y circle border-thin btn-has-label ld_button_69da0908c7905 vc_custom_1768925227624\" data-localscroll=\"true\" data-localscroll-options=\"{&quot;scrollBelowSection&quot;:true}\" >\n\t<span>\n\t\n\t\t\t\t\t<span class=\"btn-txt\" data-text=\"Entdecken Sie Li\u00f3leo Oils\" data-split-text=\"true\"\n\t\t\t\t\t    data-split-options='{\"type\": \"chars, words\"}'>Entdecken Sie Li\u00f3leo Oils<\/span>\n\t\t\n\t\t\t\t\t<\/span>\n<\/a>\n[\/vc_column][vc_column width=&#8220;1\/6&#8243;][vc_single_image image=&#8220;3839&#8243;][vc_single_image image=&#8220;3840&#8243;][\/vc_column][\/vc_row][vc_row css=&#8220;.vc_custom_1768907452717{margin-bottom: 0px !important;padding-bottom: 0px !important;background-image: url(http:\/\/s454091738.mialojamiento.es\/wp-content\/uploads\/2026\/01\/trama-footer.png?id=3660) !important;background-position: 0 0 !important;background-repeat: no-repeat !important;}&#8220;][vc_column css=&#8220;.vc_custom_1768907583173{margin-bottom: 0px !important;padding-top: 30px !important;padding-bottom: 5px !important;}&#8220;][\/vc_column][\/vc_row]<\/p>\n","protected":false},"excerpt":{"rendered":"<p>[vc_row css=&#8220;.vc_custom_1768906398751{padding-top: 80px !important;padding-bottom: 80px !important;}&#8220;][vc_column width=&#8220;1\/2&#8243;][vc_column_text css=&#8220;.vc_custom_1774602630827{padding-top: 30px !important;}&#8220;]Lycopin ist ein nat\u00fcrliches Pigment, das von bestimmten Pflanzen und Mikroorganismen synthetisiert wird und besonders reichlich in Tomaten vorkommt. Seine wohl interessanteste Eigenschaft ist seine antioxidative Wirkung. Diese verleiht ihm einzigartige Eigenschaften, da es dazu beitr\u00e4gt, Herz-Kreislauf-Erkrankungen und degenerativen Erkrankungen vorzubeugen und das Immunsystem zu st\u00e4rken.[\/vc_column_text][\/vc_column][vc_column [&hellip;]<\/p>\n","protected":false},"author":1,"featured_media":0,"parent":0,"menu_order":0,"comment_status":"closed","ping_status":"closed","template":"","meta":{"footnotes":""},"class_list":["post-4575","page","type-page","status-publish","hentry"],"_links":{"self":[{"href":"http:\/\/s454091738.mialojamiento.es\/de\/wp-json\/wp\/v2\/pages\/4575","targetHints":{"allow":["GET"]}}],"collection":[{"href":"http:\/\/s454091738.mialojamiento.es\/de\/wp-json\/wp\/v2\/pages"}],"about":[{"href":"http:\/\/s454091738.mialojamiento.es\/de\/wp-json\/wp\/v2\/types\/page"}],"author":[{"embeddable":true,"href":"http:\/\/s454091738.mialojamiento.es\/de\/wp-json\/wp\/v2\/users\/1"}],"replies":[{"embeddable":true,"href":"http:\/\/s454091738.mialojamiento.es\/de\/wp-json\/wp\/v2\/comments?post=4575"}],"version-history":[{"count":7,"href":"http:\/\/s454091738.mialojamiento.es\/de\/wp-json\/wp\/v2\/pages\/4575\/revisions"}],"predecessor-version":[{"id":4854,"href":"http:\/\/s454091738.mialojamiento.es\/de\/wp-json\/wp\/v2\/pages\/4575\/revisions\/4854"}],"wp:attachment":[{"href":"http:\/\/s454091738.mialojamiento.es\/de\/wp-json\/wp\/v2\/media?parent=4575"}],"curies":[{"name":"wp","href":"https:\/\/api.w.org\/{rel}","templated":true}]}}