{"id":4522,"date":"2026-01-20T13:12:58","date_gmt":"2026-01-20T12:12:58","guid":{"rendered":"http:\/\/s454091738.mialojamiento.es\/qualitaet\/"},"modified":"2026-03-24T12:13:44","modified_gmt":"2026-03-24T11:13:44","slug":"qualitaet","status":"publish","type":"page","link":"http:\/\/s454091738.mialojamiento.es\/de\/qualitaet\/","title":{"rendered":"Qualit\u00e4t"},"content":{"rendered":"<p>[vc_row css=&#8220;.vc_custom_1768911410698{padding-top: 80px !important;padding-bottom: 80px !important;}&#8220;][vc_column width=&#8220;1\/6&#8243;][\/vc_column][vc_column width=&#8220;2\/3&#8243;][vc_column_text]<strong>Tomates del Guadiana<\/strong> verf\u00fcgt \u00fcber die modernsten technischen Produktionsmittel der Branche sowie \u00fcber ein Managementsystem, das durch die BRCGS Global Standard Food Safety Certifications, die Koscher-Zertifizierung, die Halal-Zertifizierung, die OEC-Zertifizierung (Produkt spanischen Ursprungs) und die Zertifizierung nach dem Protokoll f\u00fcr die Sicherheit bei der Lagerung und Sicherung von Waren anerkannt ist. Dies gibt uns die M\u00f6glichkeit, nicht nur unseren Partnern, sondern auch unseren Kunden maximales Vertrauen zu bieten.<\/p>\n<p>Wir sind au\u00dferdem <strong>SEDEX-MITGLIED<\/strong>: Sedex ist eine gemeinn\u00fctzige Organisation, deren Ziel es ist, Verbesserungen bei verantwortungsvollen und ethischen Gesch\u00e4ftspraktiken in Lieferketten weltweit zu erm\u00f6glichen.[\/vc_column_text][\/vc_column][vc_column width=&#8220;1\/6&#8243;][\/vc_column][\/vc_row][vc_row css=&#8220;.vc_custom_1768911844901{padding-bottom: 30px !important;}&#8220;][vc_column width=&#8220;2\/3&#8243;][vc_single_image image=&#8220;3766&#8243; onclick=&#8220;link_image&#8220;][\/vc_column][vc_column width=&#8220;1\/3&#8243;][vc_single_image image=&#8220;3765&#8243; onclick=&#8220;link_image&#8220;][\/vc_column][\/vc_row][vc_row css=&#8220;.vc_custom_1768911856172{padding-bottom: 80px !important;}&#8220;][vc_column width=&#8220;1\/3&#8243;][vc_single_image image=&#8220;3764&#8243; onclick=&#8220;link_image&#8220;][\/vc_column][vc_column width=&#8220;1\/3&#8243;][vc_single_image image=&#8220;3763&#8243; onclick=&#8220;link_image&#8220;][\/vc_column][vc_column width=&#8220;1\/3&#8243;][vc_single_image image=&#8220;3762&#8243; onclick=&#8220;link_image&#8220;][\/vc_column][\/vc_row][vc_row css=&#8220;.vc_custom_1768906460424{padding-top: 100px !important;padding-bottom: 100px !important;background-color: #f7f7f7 !important;}&#8220;][vc_column width=&#8220;2\/3&#8243;][vc_raw_html]JTNDdmlkZW8lMjB3aWR0aCUzRCUyMjEwMCUyNSUyMiUyMGNvbnRyb2xzJTIwcHJlbG9hZCUzRCUyMm1ldGFkYXRhJTIyJTNFJTBBJTIwJTIwJTIwJTIwJTNDc291cmNlJTIwc3JjJTNEJTIyaHR0cCUzQSUyRiUyRnM0NTQwOTE3MzgubWlhbG9qYW1pZW50by5lcyUyRmRyb25faXRhbGlhbm8ubXA0JTIyJTIwdHlwZSUzRCUyMnZpZGVvJTJGbXA0JTIyJTNFJTBBJTIwJTIwJTIwJTIwVHUlMjBuYXZlZ2Fkb3IlMjBubyUyMHNvcG9ydGElMjBsYSUyMHJlcHJvZHVjY2klQzMlQjNuJTIwZGUlMjB2JUMzJUFEZGVvLiUwQSUzQyUyRnZpZGVvJTNF[\/vc_raw_html][\/vc_column][vc_column width=&#8220;1\/3&#8243; css=&#8220;.vc_custom_1768906016730{padding-top: 100px !important;}&#8220;][vc_single_image image=&#8220;3564&#8243; alignment=&#8220;center&#8220;]<style>.ld_fancy_heading_69dcad1a31c00 h2 {margin-bottom:0.35em !important;  } .ld_fancy_heading_69dcad1a31c00 .lqd-highlight-inner{height:0.275em!important;bottom:0px!important;}.ld_fancy_heading_69dcad1a31c00 h2 {margin-bottom:0.35em !important;  } <\/style><div class=\"ld-fancy-heading text-center ld_fancy_heading_69dcad1a31c00\">\n\t<h2 class=\"ld-fh-element lqd-highlight-underline lqd-highlight-grow-left text-decoration-default\"   >  Verpflichtung zur kontinuierlichen Verbesserung<\/h2><\/div>[\/vc_column][\/vc_row][vc_row css=&#8220;.vc_custom_1768907452717{margin-bottom: 0px !important;padding-bottom: 0px !important;background-image: url(http:\/\/s454091738.mialojamiento.es\/wp-content\/uploads\/2026\/01\/trama-footer.png?id=3660) !important;background-position: 0 0 !important;background-repeat: no-repeat !important;}&#8220;][vc_column css=&#8220;.vc_custom_1768907583173{margin-bottom: 0px !important;padding-top: 30px !important;padding-bottom: 5px !important;}&#8220;][\/vc_column][\/vc_row]<\/p>\n","protected":false},"excerpt":{"rendered":"<p>[vc_row css=&#8220;.vc_custom_1768911410698{padding-top: 80px !important;padding-bottom: 80px !important;}&#8220;][vc_column width=&#8220;1\/6&#8243;][\/vc_column][vc_column width=&#8220;2\/3&#8243;][vc_column_text]Tomates del Guadiana verf\u00fcgt \u00fcber die modernsten technischen Produktionsmittel der Branche sowie \u00fcber ein Managementsystem, das durch die BRCGS Global Standard Food Safety Certifications, die Koscher-Zertifizierung, die Halal-Zertifizierung, die OEC-Zertifizierung (Produkt spanischen Ursprungs) und die Zertifizierung nach dem Protokoll f\u00fcr die Sicherheit bei der Lagerung und Sicherung von [&hellip;]<\/p>\n","protected":false},"author":1,"featured_media":0,"parent":0,"menu_order":0,"comment_status":"closed","ping_status":"closed","template":"","meta":{"footnotes":""},"class_list":["post-4522","page","type-page","status-publish","hentry"],"_links":{"self":[{"href":"http:\/\/s454091738.mialojamiento.es\/de\/wp-json\/wp\/v2\/pages\/4522","targetHints":{"allow":["GET"]}}],"collection":[{"href":"http:\/\/s454091738.mialojamiento.es\/de\/wp-json\/wp\/v2\/pages"}],"about":[{"href":"http:\/\/s454091738.mialojamiento.es\/de\/wp-json\/wp\/v2\/types\/page"}],"author":[{"embeddable":true,"href":"http:\/\/s454091738.mialojamiento.es\/de\/wp-json\/wp\/v2\/users\/1"}],"replies":[{"embeddable":true,"href":"http:\/\/s454091738.mialojamiento.es\/de\/wp-json\/wp\/v2\/comments?post=4522"}],"version-history":[{"count":3,"href":"http:\/\/s454091738.mialojamiento.es\/de\/wp-json\/wp\/v2\/pages\/4522\/revisions"}],"predecessor-version":[{"id":4764,"href":"http:\/\/s454091738.mialojamiento.es\/de\/wp-json\/wp\/v2\/pages\/4522\/revisions\/4764"}],"wp:attachment":[{"href":"http:\/\/s454091738.mialojamiento.es\/de\/wp-json\/wp\/v2\/media?parent=4522"}],"curies":[{"name":"wp","href":"https:\/\/api.w.org\/{rel}","templated":true}]}}