{"id":4521,"date":"2026-01-21T08:47:13","date_gmt":"2026-01-21T07:47:13","guid":{"rendered":"http:\/\/s454091738.mialojamiento.es\/rechtlicher-hinweis\/"},"modified":"2026-01-21T08:47:13","modified_gmt":"2026-01-21T07:47:13","slug":"rechtlicher-hinweis","status":"publish","type":"page","link":"http:\/\/s454091738.mialojamiento.es\/de\/rechtlicher-hinweis\/","title":{"rendered":"Rechtlicher Hinweis"},"content":{"rendered":"<p>[vc_row css=&#8220;.vc_custom_1768981663638{padding-top: 80px !important;padding-bottom: 80px !important;}&#8220;][vc_column width=&#8220;1\/6&#8243;][\/vc_column][vc_column width=&#8220;2\/3&#8243;][vc_single_image image=&#8220;3564&#8243; alignment=&#8220;center&#8220;][vc_column_text]<\/p>\n<div class=\"bt_content\">\n<div>\n<h2>1. Einleitung.<\/h2>\n<p>Zweck dieses Dokuments ist die Festlegung und Regelung der Nutzungsregeln der Website https:\/\/tomatesdelguadiana.es\/ (nachfolgend \u201eWebsite\u201c), wobei unter \u201eWebsite\u201c alle Seiten und deren Inhalte zu verstehen sind, die Eigentum von Tomates del Guadiana, S. Coop. sind und \u00fcber die Domain https:\/\/tomatesdelguadiana.es\/ und ihre Subdomains aufgerufen werden. <\/p>\n<p>Die Nutzung dieser Website begr\u00fcndet den Status als Nutzer und setzt die Akzeptanz aller in diesem Rechtshinweis enthaltenen Bedingungen voraus. Der Nutzer verpflichtet sich, diesen Rechtshinweis bei jeder Nutzung der Website sorgf\u00e4ltig zu lesen, da er und seine Nutzungsbedingungen, wie hierin dargelegt, ge\u00e4ndert werden k\u00f6nnen. <\/p>\n<p>Alle Mitteilungen k\u00f6nnen vom Nutzer jederzeit \u00fcber unsere Website eingesehen werden.<\/p>\n<h2>2. Website-Inhaberschaft.<\/h2>\n<p>Inhaber dieser Website ist Tomates del Guadiana, S. Coop. mit Sitz in Ctra. de Yelbes, s\/n. 06410 \u2013 Santa Amalia (Badajoz) und der Steuernummer (CIF): F06351530. Eingetragen im Handelsregister von Badajoz und im Genossenschaftsregister von Extremadura, im allgemeinen Gesellschaftsregister, unter der Nummer EXT-049, Buch 2, Band 1, Blatt 49, Eintrag 1.   <\/p>\n<p>Sie erreichen uns unter folgenden Telefonnummern oder per E-Mail: Telefon: 924820011, E-Mail: tomatesdelguadiana@tomatesdelguadiana.com<\/p>\n<h2>3. Geistiges und gewerbliches Eigentum.<\/h2>\n<p>Die Rechte am geistigen Eigentum dieser Website liegen bei Tomates del Guadiana, S. Coop., oder bei Dritten, von denen gegebenenfalls eine Genehmigung eingeholt wird.<\/p>\n<p>Die unerlaubte Vervielf\u00e4ltigung, Verbreitung, Vermarktung oder Bearbeitung der Inhalte dieser Website, sei es vollst\u00e4ndig oder teilweise, stellt eine Verletzung der geistigen Eigentumsrechte von Tomates del Guadiana, S. Coop. dar. Ebenso sind alle auf dieser Website enthaltenen Marken und Kennzeichen jeglicher Art gesetzlich gesch\u00fctzt.<\/p>\n<p>Die unerlaubte Nutzung der auf dieser Website enthaltenen Informationen sowie jegliche Beeintr\u00e4chtigung der geistigen und gewerblichen Eigentumsrechte von Tomates del Guadiana, S. Coop. k\u00f6nnen die Einleitung entsprechender rechtlicher Schritte und gegebenenfalls die sich daraus ergebenden Haftungsanspr\u00fcche zur Folge haben.<\/p>\n<p>F\u00fcr den Fall, dass die Produkte in unserem Online-Shop dem Schutz des geistigen Eigentums unterliegen, garantiert Tomates del Guadiana, S. Coop., dass sie zur Abwicklung des Erwerbs und der Abholung des Produkts vom Verbraucher berechtigt ist. <\/p>\n<h2>4. Haftungsausschluss<\/h2>\n<p>.<\/p>\n<p>Die auf dieser Website dargestellten Inhalte, Programme, Informationen und\/oder Ratschl\u00e4ge dienen lediglich der Orientierung. Tomates del Guadiana, S. Coop., \u00fcbernimmt keinerlei Verantwortung f\u00fcr deren Wirksamkeit oder Richtigkeit und haftet gegen\u00fcber Nutzern, die diese nutzen, weder vertraglich noch au\u00dfervertraglich. Die Nutzer entscheiden selbst, ob die Inhalte f\u00fcr sie geeignet sind.<\/p>\n<p>Diese Website kann Inhalte enthalten, die von Dritten oder Unternehmen bereitgestellt werden. Tomates del Guadiana, S. Coop., \u00fcbernimmt keine Verantwortung f\u00fcr die Richtigkeit und Vollst\u00e4ndigkeit dieser Inhalte und haftet gegen\u00fcber Nutzern, die diese Inhalte nutzen, weder vertraglich noch au\u00dfervertraglich.<\/p>\n<p>Tomates del Guadiana, S. Coop., beh\u00e4lt sich das Recht vor, den Inhalt der Website ohne vorherige Ank\u00fcndigung und ohne Einschr\u00e4nkung zu \u00e4ndern.<\/p>\n<p>Des Weiteren lehnt es jegliche Verantwortung f\u00fcr Sch\u00e4den ab, die durch die mangelnde Verf\u00fcgbarkeit und\/oder Kontinuit\u00e4t dieser Website und der darauf angebotenen Dienste entstehen k\u00f6nnen.<\/p>\n<p>Tomates del Guadiana, S. Coop., \u00fcbernimmt keine Gew\u00e4hr f\u00fcr die Virenfreiheit oder das Fehlen anderer sch\u00e4dlicher Elemente auf der Website, die Ihr Computersystem besch\u00e4digen k\u00f6nnten. Tomates del Guadiana, S. Coop., schlie\u00dft jegliche vertragliche oder au\u00dfervertragliche Haftung gegen\u00fcber Nutzern aus, die die Website nutzen und dadurch Sch\u00e4den jeglicher Art durch Computerviren oder andere sch\u00e4dliche Elemente erleiden.<\/p>\n<p>Tomates del Guadiana, S. Coop. lehnt jegliche Verantwortung f\u00fcr die Dienstleistungen ab, die m\u00f6glicherweise von Dritten auf der Website angeboten werden.<\/p>\n<p>Tomates del Guadiana, S. Coop., \u00fcbernimmt keine Verantwortung f\u00fcr die auf verlinkten Webseiten angebotenen Dienste und\/oder Informationen. Tomates del Guadiana, S. Coop., hat keinerlei Kontrolle \u00fcber Webseiten Dritter und \u00fcbt auch keine Aufsicht dar\u00fcber aus. Wir raten Nutzern, Vorsicht walten zu lassen und die jeweiligen Nutzungsbedingungen dieser Webseiten zu beachten.<\/p>\n<p>Nutzer, die Informationen jeglicher Art an Tomates del Guadiana, S. Coop. \u00fcbermitteln, erkl\u00e4ren sich damit einverstanden, dass diese wahrheitsgem\u00e4\u00df sind und keine Rechte Dritter oder geltende Gesetze verletzen.<\/p>\n<h2>5. Nutzungsbedingungen des Portals f\u00fcr Benutzer.<\/h2>\n<p>Der Zugriff auf diese Website ist kostenlos, mit Ausnahme der Kosten f\u00fcr die Verbindung \u00fcber das Telekommunikationsnetz, die vom jeweiligen Zugangsanbieter bereitgestellt wird.<\/p>\n<p>Die Nutzung der Website zu Zwecken, die den Verm\u00f6genswerten oder Interessen von Tomates del Guadiana, S. Coop. oder Dritten schaden oder die Netzwerke, Server und andere Computerger\u00e4te (Hardware) oder Computerprodukte und -anwendungen (Software) von Tomates del Guadiana, S. Coop. oder Dritten in irgendeiner anderen Weise \u00fcberlasten, besch\u00e4digen oder au\u00dfer Betrieb setzen, ist ausdr\u00fccklich verboten.<\/p>\n<p>Sollte der Nutzer feststellen, dass die verlinkten Seiten zu Inhalten oder Diensten f\u00fchren, die illegal, sch\u00e4dlich, erniedrigend, gewaltt\u00e4tig oder gegen die guten Sitten versto\u00dfen, w\u00fcrden wir es begr\u00fc\u00dfen, wenn er sich an Tomates del Guadiana, S. Coop. wenden w\u00fcrde.<\/p>\n<h2>6. Datenschutzrichtlinie.<\/h2>\n<p>Unsere Datenschutzrichtlinie finden Sie im Abschnitt \u201eDatenschutzbestimmungen\u201c dieser Website.<\/p>\n<h2>7. Cookies.<\/h2>\n<p>Cookies werden verwendet, um die Funktionalit\u00e4t der Website zu verbessern. Artikel 4 des K\u00f6niglichen Gesetzesdekrets 13\/2012 vom 30. M\u00e4rz \u00e4ndert das Gesetz 34\/2002 vom 11. Juli \u00fcber Dienste der Informationsgesellschaft und des elektronischen Gesch\u00e4ftsverkehrs und schreibt in bestimmten F\u00e4llen die Einholung einer informierten Einwilligung vor, bevor Informationen auf dem Endger\u00e4t des Nutzers gespeichert oder abgerufen werden. <\/p>\n<p>Falls wir andere als die unbedingt notwendigen Cookies verwenden, k\u00f6nnen Sie unsere Cookie-Richtlinien \u00fcber den Link am Ende der Webseite einsehen.<\/p>\n<h2>8. Gesetzgebung.<\/h2>\n<p>Tomates del Guadiana, S. Coop. weist darauf hin, dass diese rechtlichen Hinweise in jeder Hinsicht spanischem Recht unterliegen. Diese Vereinbarung ist in spanischer Sprache verfasst.  <\/p>\n<h2>9. Nehmen Sie Kontakt mit uns auf.<\/h2>\n<p>Wenn Sie Fragen zu den in diesem Rechtshinweis enthaltenen Bedingungen haben oder Anregungen oder Empfehlungen \u00e4u\u00dfern m\u00f6chten, kontaktieren Sie uns bitte.<\/p>\n<h2>10. Online-Streitbeilegung.<\/h2>\n<p>Gem\u00e4\u00df der EU-Verordnung 524\/2013 \u00fcber die Online-Streitbeilegung f\u00fcr Verbraucherstreitigkeiten (OS-Verfahren \u2013 Online-Streitbeilegung) informieren wir Sie dar\u00fcber, dass Ihnen als Verbraucher ein Verfahren zur Verf\u00fcgung steht, um verschiedene Streitigkeiten im Zusammenhang mit dem Online-Verkauf von Waren und Dienstleistungen in der EU beizulegen.<\/p>\n<p>Die ODR-Plattform (Online-Streitbeilegung) der EU steht Ihnen zur Verf\u00fcgung:<\/p>\n<p><a href=\"https:\/\/ec.europa.eu\/consumers\/odr\/main\/index.cfm?event=main.home2.show&amp;lng=ES\">https:\/\/ec.europa.eu\/consumers\/odr\/main\/index.cfm?event=main.home2.show&amp;lng=ES<\/a><\/p>\n<p><a href=\"http:\/\/ec.europa.eu\/consumers\/odr\/\">http:\/\/ec.europa.eu\/consumers\/odr\/<\/a><\/p>\n<p>Weitere Informationen finden Sie unter folgendem Link:<\/p>\n<p><a href=\"http:\/\/eur-lex.europa.eu\/legal-content\/ES\/TXT\/PDF\/?uri=CELEX:32013R0524\">http:\/\/eur-lex.europa.eu\/legal-content\/ES\/TXT\/PDF\/?uri=CELEX:32013R0524<\/a><\/p>\n<\/div>\n<\/div>\n<p>[\/vc_column_text][\/vc_column][vc_column width=&#8220;1\/6&#8243;][\/vc_column][\/vc_row][vc_row css=&#8220;.vc_custom_1768907452717{margin-bottom: 0px !important;padding-bottom: 0px !important;background-image: url(http:\/\/s454091738.mialojamiento.es\/wp-content\/uploads\/2026\/01\/trama-footer.png?id=3660) !important;background-position: 0 0 !important;background-repeat: no-repeat !important;}&#8220;][vc_column css=&#8220;.vc_custom_1768907583173{margin-bottom: 0px !important;padding-top: 30px !important;padding-bottom: 5px !important;}&#8220;][\/vc_column][\/vc_row]<\/p>\n","protected":false},"excerpt":{"rendered":"<p>[vc_row css=&#8220;.vc_custom_1768981663638{padding-top: 80px !important;padding-bottom: 80px !important;}&#8220;][vc_column width=&#8220;1\/6&#8243;][\/vc_column][vc_column width=&#8220;2\/3&#8243;][vc_single_image image=&#8220;3564&#8243; alignment=&#8220;center&#8220;][vc_column_text] 1. Einleitung. Zweck dieses Dokuments ist die Festlegung und Regelung der Nutzungsregeln der Website https:\/\/tomatesdelguadiana.es\/ (nachfolgend \u201eWebsite\u201c), wobei unter \u201eWebsite\u201c alle Seiten und deren Inhalte zu verstehen sind, die Eigentum von Tomates del Guadiana, S. Coop. sind und \u00fcber die Domain https:\/\/tomatesdelguadiana.es\/ und ihre Subdomains [&hellip;]<\/p>\n","protected":false},"author":1,"featured_media":0,"parent":0,"menu_order":0,"comment_status":"closed","ping_status":"closed","template":"","meta":{"footnotes":""},"class_list":["post-4521","page","type-page","status-publish","hentry"],"_links":{"self":[{"href":"http:\/\/s454091738.mialojamiento.es\/de\/wp-json\/wp\/v2\/pages\/4521","targetHints":{"allow":["GET"]}}],"collection":[{"href":"http:\/\/s454091738.mialojamiento.es\/de\/wp-json\/wp\/v2\/pages"}],"about":[{"href":"http:\/\/s454091738.mialojamiento.es\/de\/wp-json\/wp\/v2\/types\/page"}],"author":[{"embeddable":true,"href":"http:\/\/s454091738.mialojamiento.es\/de\/wp-json\/wp\/v2\/users\/1"}],"replies":[{"embeddable":true,"href":"http:\/\/s454091738.mialojamiento.es\/de\/wp-json\/wp\/v2\/comments?post=4521"}],"version-history":[{"count":0,"href":"http:\/\/s454091738.mialojamiento.es\/de\/wp-json\/wp\/v2\/pages\/4521\/revisions"}],"wp:attachment":[{"href":"http:\/\/s454091738.mialojamiento.es\/de\/wp-json\/wp\/v2\/media?parent=4521"}],"curies":[{"name":"wp","href":"https:\/\/api.w.org\/{rel}","templated":true}]}}